{"id":286103,"date":"2024-07-29T10:50:37","date_gmt":"2024-07-29T08:50:37","guid":{"rendered":"https:\/\/www.huntersfriend.eu\/product\/buck-gardner-canada-hammare\/"},"modified":"2025-08-26T11:26:46","modified_gmt":"2025-08-26T09:26:46","slug":"buck-gardner-canada-hammare","status":"publish","type":"product","link":"https:\/\/www.huntersfriend.eu\/sv\/produkt\/buck-gardner-canada-hammare\/","title":{"rendered":"Buck Gardner Canada-hammare"},"content":{"rendered":"<div class=\" product__images three-fifths columns medium-down--one-whole \">\n<div class=\"gallery-wrap gallery-arrows--true gallery-thumbnails--bottom\">\n<div class=\" product_gallery_nav product_gallery_nav--slider-enabled product-gallery__thumbnails product_gallery_nav-- product-1665967849546-gallery-nav \">\n<div class=\"gallery-cell product-gallery__thumbnail\" data-title=\"Canada Hammer Poly Goose Call - Buck Gardner Calls\">\n<div class=\"image-element__wrap\">Buck Gardners  <span style=\"color: #555555\">Den ursprungliga Canada-g\u00e5slockpipan med kort r\u00f6r \u00e4r fortfarande den enklaste g\u00e5slockpipan som n\u00e5gonsin tillverkats. Den h\u00e4r lockpipan ger snabb respons och \u00e4r handjusterad f\u00f6r att s\u00e4kerst\u00e4lla prestanda som vida \u00f6verstiger priset. Quick-Tune\u2122-systemet f\u00f6r insida och r\u00f6r g\u00f6r reng\u00f6ring, omjustering och \u00e5termontering enkel. Den dubbla O-ringen bildar en luftt\u00e4t f\u00f6rsegling med pipans kropp f\u00f6r att f\u00f6rb\u00e4ttra ljudkvaliteten.   <\/span><\/div>\n<\/div>\n<\/div>\n<\/div>\n<\/div>\n","protected":false},"excerpt":{"rendered":"<p>Buck Gardners Den ursprungliga Canada-g\u00e5slockpipan med kort r\u00f6r \u00e4r fortfarande den enklaste g\u00e5slockpipan som n\u00e5gonsin tillverkats. Den h\u00e4r lockpipan ger snabb respons och \u00e4r handjusterad f\u00f6r att s\u00e4kerst\u00e4lla prestanda som vida \u00f6verstiger priset. Quick-Tune\u2122-systemet f\u00f6r insida och r\u00f6r g\u00f6r reng\u00f6ring, omjustering och \u00e5termontering enkel. Den dubbla O-ringen bildar en luftt\u00e4t f\u00f6rsegling med pipans kropp f\u00f6r [&#8230;]\n","protected":false},"featured_media":271132,"comment_status":"open","ping_status":"closed","template":"","meta":[],"product_brand":[],"product_cat":[2805],"product_tag":[],"class_list":{"0":"post-286103","1":"product","2":"type-product","3":"status-publish","4":"has-post-thumbnail","6":"product_cat-gaslockpipor","8":"first","9":"instock","10":"taxable","11":"shipping-taxable","12":"purchasable","13":"product-type-simple"},"composite_virtual":false,"composite_layout":"","composite_add_to_cart_form_location":"","composite_editable_in_cart":false,"composite_sold_individually_context":"","composite_shop_price_calc":"","composite_components":[],"composite_scenarios":[],"group_of_quantity":0,"min_quantity":0,"max_quantity":"","exclude_order_quantity_value_rules":"no","exclude_category_quantity_rules":"no","combine_variations":"no","exclude_global_add_ons":[],"addons":[],"_links":{"self":[{"href":"https:\/\/www.huntersfriend.eu\/sv\/wp-json\/wp\/v2\/product\/286103","targetHints":{"allow":["GET"]}}],"collection":[{"href":"https:\/\/www.huntersfriend.eu\/sv\/wp-json\/wp\/v2\/product"}],"about":[{"href":"https:\/\/www.huntersfriend.eu\/sv\/wp-json\/wp\/v2\/types\/product"}],"replies":[{"embeddable":true,"href":"https:\/\/www.huntersfriend.eu\/sv\/wp-json\/wp\/v2\/comments?post=286103"}],"wp:featuredmedia":[{"embeddable":true,"href":"https:\/\/www.huntersfriend.eu\/sv\/wp-json\/wp\/v2\/media\/271132"}],"wp:attachment":[{"href":"https:\/\/www.huntersfriend.eu\/sv\/wp-json\/wp\/v2\/media?parent=286103"}],"wp:term":[{"taxonomy":"product_brand","embeddable":true,"href":"https:\/\/www.huntersfriend.eu\/sv\/wp-json\/wp\/v2\/product_brand?post=286103"},{"taxonomy":"product_cat","embeddable":true,"href":"https:\/\/www.huntersfriend.eu\/sv\/wp-json\/wp\/v2\/product_cat?post=286103"},{"taxonomy":"product_tag","embeddable":true,"href":"https:\/\/www.huntersfriend.eu\/sv\/wp-json\/wp\/v2\/product_tag?post=286103"}],"curies":[{"name":"wp","href":"https:\/\/api.w.org\/{rel}","templated":true}]}}