{"id":286101,"date":"2024-07-29T10:50:31","date_gmt":"2024-07-29T08:50:31","guid":{"rendered":"https:\/\/www.huntersfriend.eu\/product\/buck-gardner-grey-ghost-gaslockpipa\/"},"modified":"2025-08-26T11:26:44","modified_gmt":"2025-08-26T09:26:44","slug":"buck-gardner-grey-ghost-gaslockpipa","status":"publish","type":"product","link":"https:\/\/www.huntersfriend.eu\/sv\/produkt\/buck-gardner-grey-ghost-gaslockpipa\/","title":{"rendered":"Buck Gardner Grey Ghost g\u00e5slockpipa"},"content":{"rendered":"<p>Den h\u00e4r lockpipan \u00e4r byggd p\u00e5 Buck Gardners bepr\u00f6vade Grey Ghost-g\u00e5slockpipa i akryl och har en kortare pipa och insats som \u00e4r anpassad f\u00f6r att producera blixtsnabba dubbelkluck och en h\u00f6gre tonh\u00f6jd f\u00f6r h\u00f6gljudda, ringande tut som sticker ut fr\u00e5n m\u00e4ngden.<\/p>\n<p>Grey Ghost finns nu tillg\u00e4nglig i Mossy Oaks senaste vattenf\u00e5gelm\u00f6nster, Habitat. Vi har samarbetat med en av de b\u00e4sta hydrografiska dekorat\u00f6rerna i USA f\u00f6r att ge den h\u00e4r lockpipan en h\u00f6gkvalitativ och h\u00e5llbar camo-finish. <\/p>\n","protected":false},"excerpt":{"rendered":"<p>Den h\u00e4r lockpipan \u00e4r byggd p\u00e5 Buck Gardners bepr\u00f6vade Grey Ghost-g\u00e5slockpipa i akryl och har en kortare pipa och insats som \u00e4r anpassad f\u00f6r att producera blixtsnabba dubbelkluck och en h\u00f6gre tonh\u00f6jd f\u00f6r h\u00f6gljudda, ringande tut som sticker ut fr\u00e5n m\u00e4ngden. Grey Ghost finns nu tillg\u00e4nglig i Mossy Oaks senaste vattenf\u00e5gelm\u00f6nster, Habitat. Vi har samarbetat [&#8230;]\n","protected":false},"featured_media":271138,"comment_status":"open","ping_status":"closed","template":"","meta":[],"product_brand":[],"product_cat":[2805],"product_tag":[],"class_list":{"0":"post-286101","1":"product","2":"type-product","3":"status-publish","4":"has-post-thumbnail","6":"product_cat-gaslockpipor","8":"first","9":"instock","10":"taxable","11":"shipping-taxable","12":"purchasable","13":"product-type-simple"},"composite_virtual":false,"composite_layout":"","composite_add_to_cart_form_location":"","composite_editable_in_cart":false,"composite_sold_individually_context":"","composite_shop_price_calc":"","composite_components":[],"composite_scenarios":[],"group_of_quantity":0,"min_quantity":0,"max_quantity":"","exclude_order_quantity_value_rules":"no","exclude_category_quantity_rules":"no","combine_variations":"no","exclude_global_add_ons":[],"addons":[],"_links":{"self":[{"href":"https:\/\/www.huntersfriend.eu\/sv\/wp-json\/wp\/v2\/product\/286101","targetHints":{"allow":["GET"]}}],"collection":[{"href":"https:\/\/www.huntersfriend.eu\/sv\/wp-json\/wp\/v2\/product"}],"about":[{"href":"https:\/\/www.huntersfriend.eu\/sv\/wp-json\/wp\/v2\/types\/product"}],"replies":[{"embeddable":true,"href":"https:\/\/www.huntersfriend.eu\/sv\/wp-json\/wp\/v2\/comments?post=286101"}],"wp:featuredmedia":[{"embeddable":true,"href":"https:\/\/www.huntersfriend.eu\/sv\/wp-json\/wp\/v2\/media\/271138"}],"wp:attachment":[{"href":"https:\/\/www.huntersfriend.eu\/sv\/wp-json\/wp\/v2\/media?parent=286101"}],"wp:term":[{"taxonomy":"product_brand","embeddable":true,"href":"https:\/\/www.huntersfriend.eu\/sv\/wp-json\/wp\/v2\/product_brand?post=286101"},{"taxonomy":"product_cat","embeddable":true,"href":"https:\/\/www.huntersfriend.eu\/sv\/wp-json\/wp\/v2\/product_cat?post=286101"},{"taxonomy":"product_tag","embeddable":true,"href":"https:\/\/www.huntersfriend.eu\/sv\/wp-json\/wp\/v2\/product_tag?post=286101"}],"curies":[{"name":"wp","href":"https:\/\/api.w.org\/{rel}","templated":true}]}}