{"id":286100,"date":"2024-07-19T00:14:09","date_gmt":"2024-07-18T22:14:09","guid":{"rendered":"https:\/\/www.huntersfriend.eu\/product\/meopta-meopro-optik-6-45-27x50-rd-sfp-bdc-3\/"},"modified":"2025-08-26T11:26:43","modified_gmt":"2025-08-26T09:26:43","slug":"meopta-meopro-optik-6-45-27x50-rd-sfp-bdc-3","status":"publish","type":"product","link":"https:\/\/www.huntersfriend.eu\/sv\/produkt\/meopta-meopro-optik-6-45-27x50-rd-sfp-bdc-3\/","title":{"rendered":"Meopta MeoPro optik 6 4,5-27X50 RD SFP BDC-3"},"content":{"rendered":"<p>Optika6-serien av kikarsikten levererar den prestanda du f\u00f6rv\u00e4ntar dig av Meopta med ett 6x f\u00f6rstoringsomr\u00e5de. Dessa sikten \u00e4r utformade f\u00f6r att ge j\u00e4gare och skyttar de funktioner de kr\u00e4ver och den kvalitet de f\u00f6rtj\u00e4nar i en mycket specialiserad, prisv\u00e4rd optik. Alla Optika6-kikarsikten \u00e4r tillg\u00e4ngliga med patenterade DichroTech-riktmedel som f\u00f6rb\u00e4ttrar m\u00e5lf\u00e5ngsten, s\u00e4rskilt i svagt ljus. 30 mm huvudr\u00f6r \u00e4r standard f\u00f6r ultimat h\u00e5llbarhet och justeringsomr\u00e5de.   <\/p>\n<ul>\n<li>30 mm huvudr\u00f6r (34 mm p\u00e5 5-30x)<\/li>\n<li>MeoBright-bel\u00e4ggningar<\/li>\n<li>MeoShield-bel\u00e4ggningar<\/li>\n<li>Hydrofobisk bel\u00e4ggning<\/li>\n<li>MOA- eller MIL-justeringar<\/li>\n<li>Nollst\u00e4llning av vind- och h\u00f6jdjustering<\/li>\n<li>Nollstopp p\u00e5 utvalda modeller<\/li>\n<li>Riktmedel i f\u00f6rsta och andra fokalplan (FFP och SFP)<\/li>\n<li>Tillg\u00e4ngliga l\u00e5sjusteringar<\/li>\n<li>Inkluderar justerbar och avtagbar effektkastspak<\/li>\n<\/ul>\n<div class=\"product__description_header\">SPECIFIKATIONER<\/div>\n<table>\n<tbody>\n<tr class=\"row1\">\n<td class=\"col1\">F\u00f6rstoring<\/td>\n<td class=\"col2\"> 4.5-27x<\/td>\n<\/tr>\n<tr class=\"row2\">\n<td class=\"col1\">Objektivdiameter<\/td>\n<td class=\"col2\">1.97 in<\/td>\n<\/tr>\n<tr class=\"row3\">\n<td class=\"col1\">Objektivg\u00e4nga<\/td>\n<td class=\"col2\">M55x0.75<\/td>\n<\/tr>\n<tr class=\"row4\">\n<td class=\"col1\">Tub<\/td>\n<td class=\"col2\">1.18 in<\/td>\n<\/tr>\n<tr class=\"row5\">\n<td class=\"col1\">Synf\u00e4lt<\/td>\n<td class=\"col2\"> 4.2-1.1\u00b0<\/td>\n<\/tr>\n<tr class=\"row6\">\n<td class=\"col1\">Synf\u00e4lt<\/td>\n<td class=\"col2\"> 22.0-5.8 ft\/100yd<\/td>\n<\/tr>\n<tr class=\"row7\">\n<td class=\"col1\">\u00d6gonavst\u00e5nd<\/td>\n<td class=\"col2\">3.9-3.9 in<\/td>\n<\/tr>\n<tr class=\"row8\">\n<td class=\"col1\">Fokalplan<\/td>\n<td class=\"col2\"> 2<\/td>\n<\/tr>\n<tr class=\"row9\">\n<td class=\"col1\">Dioptrikompensation<\/td>\n<td class=\"col2\">-2.0\/+2.0 d<\/td>\n<\/tr>\n<tr class=\"row10\">\n<td class=\"col1\">Transmission<\/td>\n<td class=\"col2\">91 %<\/td>\n<\/tr>\n<tr class=\"row11\">\n<td class=\"col1\">Tr\u00e4ffl\u00e4gesjustering per klick<\/td>\n<td class=\"col2\">0.36 in\/100yd<\/td>\n<\/tr>\n<tr class=\"row12\">\n<td class=\"col1\">Tr\u00e4ffl\u00e4gesjustering per klick<\/td>\n<td class=\"col2\">0.34 MOA<\/td>\n<\/tr>\n<tr class=\"row13\">\n<td class=\"col1\">H\u00f6jdjusteringsomr\u00e5de<\/td>\n<td class=\"col2\"> 88 in\/100yd<\/td>\n<\/tr>\n<tr class=\"row14\">\n<td class=\"col1\">H\u00f6jdjusteringsomr\u00e5de<\/td>\n<td class=\"col2\"> 84 MOA<\/td>\n<\/tr>\n<tr class=\"row15\">\n<td class=\"col1\">Vindjusteringsomr\u00e5de<\/td>\n<td class=\"col2\"> 88 in\/100yd<\/td>\n<\/tr>\n<tr class=\"row16\">\n<td class=\"col1\">Vindjusteringsomr\u00e5de<\/td>\n<td class=\"col2\"> 84 MOA<\/td>\n<\/tr>\n<tr class=\"row17\">\n<td class=\"col1\">Parallaxkorrigering<\/td>\n<td class=\"col2\"> 25yd &#8211; o\u00e4ndlighet<\/td>\n<\/tr>\n<tr class=\"row18\">\n<td class=\"col1\">L\u00e4ngd<\/td>\n<td class=\"col2\">14.2 in<\/td>\n<\/tr>\n<tr class=\"row19\">\n<td class=\"col1\">Vikt<\/td>\n<td class=\"col2\"> 31.1 oz<\/td>\n<\/tr>\n<tr class=\"row20\">\n<td class=\"col1\">Tillg\u00e4ngliga riktmedel<\/td>\n<td class=\"col2\"> 4D Dichro, BDC<\/td>\n<\/tr>\n<\/tbody>\n<\/table>\n","protected":false},"excerpt":{"rendered":"<p>Optika6-serien av kikarsikten levererar den prestanda du f\u00f6rv\u00e4ntar dig av Meopta med ett 6x f\u00f6rstoringsomr\u00e5de. Dessa sikten \u00e4r utformade f\u00f6r att ge j\u00e4gare och skyttar de funktioner de kr\u00e4ver och den kvalitet de f\u00f6rtj\u00e4nar i en mycket specialiserad, prisv\u00e4rd optik. Alla Optika6-kikarsikten \u00e4r tillg\u00e4ngliga med patenterade DichroTech-riktmedel som f\u00f6rb\u00e4ttrar m\u00e5lf\u00e5ngsten, s\u00e4rskilt i svagt ljus. 30 [&#8230;]\n","protected":false},"featured_media":270979,"comment_status":"open","ping_status":"closed","template":"","meta":[],"product_brand":[],"product_cat":[2526],"product_tag":[],"class_list":{"0":"post-286100","1":"product","2":"type-product","3":"status-publish","4":"has-post-thumbnail","6":"product_cat-kikarsikten-och-optik","8":"first","9":"outofstock","10":"taxable","11":"shipping-taxable","12":"purchasable","13":"product-type-simple"},"composite_virtual":false,"composite_layout":"","composite_add_to_cart_form_location":"","composite_editable_in_cart":false,"composite_sold_individually_context":"","composite_shop_price_calc":"","composite_components":[],"composite_scenarios":[],"group_of_quantity":0,"min_quantity":0,"max_quantity":"","exclude_order_quantity_value_rules":"no","exclude_category_quantity_rules":"no","combine_variations":"no","exclude_global_add_ons":[],"addons":[],"_links":{"self":[{"href":"https:\/\/www.huntersfriend.eu\/sv\/wp-json\/wp\/v2\/product\/286100","targetHints":{"allow":["GET"]}}],"collection":[{"href":"https:\/\/www.huntersfriend.eu\/sv\/wp-json\/wp\/v2\/product"}],"about":[{"href":"https:\/\/www.huntersfriend.eu\/sv\/wp-json\/wp\/v2\/types\/product"}],"replies":[{"embeddable":true,"href":"https:\/\/www.huntersfriend.eu\/sv\/wp-json\/wp\/v2\/comments?post=286100"}],"wp:featuredmedia":[{"embeddable":true,"href":"https:\/\/www.huntersfriend.eu\/sv\/wp-json\/wp\/v2\/media\/270979"}],"wp:attachment":[{"href":"https:\/\/www.huntersfriend.eu\/sv\/wp-json\/wp\/v2\/media?parent=286100"}],"wp:term":[{"taxonomy":"product_brand","embeddable":true,"href":"https:\/\/www.huntersfriend.eu\/sv\/wp-json\/wp\/v2\/product_brand?post=286100"},{"taxonomy":"product_cat","embeddable":true,"href":"https:\/\/www.huntersfriend.eu\/sv\/wp-json\/wp\/v2\/product_cat?post=286100"},{"taxonomy":"product_tag","embeddable":true,"href":"https:\/\/www.huntersfriend.eu\/sv\/wp-json\/wp\/v2\/product_tag?post=286100"}],"curies":[{"name":"wp","href":"https:\/\/api.w.org\/{rel}","templated":true}]}}