{"id":286099,"date":"2024-07-29T10:50:31","date_gmt":"2024-07-29T08:50:31","guid":{"rendered":"https:\/\/www.huntersfriend.eu\/product\/buck-gardner-mallard-magic-lockbete\/"},"modified":"2025-09-16T06:42:27","modified_gmt":"2025-09-16T04:42:27","slug":"buck-gardner-mallard-magic-lockbete","status":"publish","type":"product","link":"https:\/\/www.huntersfriend.eu\/sv\/produkt\/buck-gardner-mallard-magic-lockbete\/","title":{"rendered":"Buck Gardner Mallard Magic-lockbete"},"content":{"rendered":"<p>Otroliga m\u00e5nga j\u00e4gare f\u00f6rlitar sig p\u00e5 den bepr\u00f6vade prestandan hos v\u00e5rt Mallard Magic-lockbete med dubbla r\u00f6rblad. \u201cPush in\u201d-in\u00e4lvorna i Cajun-stil \u00e4r l\u00e4tta att anpassa f\u00f6r erfarna j\u00e4gare, men \u00e4nd\u00e5 l\u00e4tta f\u00f6r nya j\u00e4gare att l\u00e4ra sig. Mallard Magic kan producera hela ordf\u00f6rr\u00e5det hos en gr\u00e4sandsh\u00f6na. Den \u00e4r tillverkad av praktiskt taget of\u00f6rst\u00f6rbar polykarbonat och f\u00f6rsedd med ett pistolmetallband.   <\/p>\n","protected":false},"excerpt":{"rendered":"<p>Otroliga m\u00e5nga j\u00e4gare f\u00f6rlitar sig p\u00e5 den bepr\u00f6vade prestandan hos v\u00e5rt Mallard Magic-lockbete med dubbla r\u00f6rblad. \u201cPush in\u201d-in\u00e4lvorna i Cajun-stil \u00e4r l\u00e4tta att anpassa f\u00f6r erfarna j\u00e4gare, men \u00e4nd\u00e5 l\u00e4tta f\u00f6r nya j\u00e4gare att l\u00e4ra sig. Mallard Magic kan producera hela ordf\u00f6rr\u00e5det hos en gr\u00e4sandsh\u00f6na. Den \u00e4r tillverkad av praktiskt taget of\u00f6rst\u00f6rbar polykarbonat och f\u00f6rsedd [&#8230;]\n","protected":false},"featured_media":271145,"comment_status":"open","ping_status":"closed","template":"","meta":[],"product_brand":[],"product_cat":[2804],"product_tag":[],"class_list":{"0":"post-286099","1":"product","2":"type-product","3":"status-publish","4":"has-post-thumbnail","6":"product_cat-andlockbeten","8":"first","9":"instock","10":"taxable","11":"shipping-taxable","12":"purchasable","13":"product-type-simple"},"composite_virtual":false,"composite_layout":"","composite_add_to_cart_form_location":"","composite_editable_in_cart":false,"composite_sold_individually_context":"","composite_shop_price_calc":"","composite_components":[],"composite_scenarios":[],"group_of_quantity":0,"min_quantity":0,"max_quantity":"","exclude_order_quantity_value_rules":"no","exclude_category_quantity_rules":"no","combine_variations":"no","exclude_global_add_ons":[],"addons":[],"_links":{"self":[{"href":"https:\/\/www.huntersfriend.eu\/sv\/wp-json\/wp\/v2\/product\/286099","targetHints":{"allow":["GET"]}}],"collection":[{"href":"https:\/\/www.huntersfriend.eu\/sv\/wp-json\/wp\/v2\/product"}],"about":[{"href":"https:\/\/www.huntersfriend.eu\/sv\/wp-json\/wp\/v2\/types\/product"}],"replies":[{"embeddable":true,"href":"https:\/\/www.huntersfriend.eu\/sv\/wp-json\/wp\/v2\/comments?post=286099"}],"wp:featuredmedia":[{"embeddable":true,"href":"https:\/\/www.huntersfriend.eu\/sv\/wp-json\/wp\/v2\/media\/271145"}],"wp:attachment":[{"href":"https:\/\/www.huntersfriend.eu\/sv\/wp-json\/wp\/v2\/media?parent=286099"}],"wp:term":[{"taxonomy":"product_brand","embeddable":true,"href":"https:\/\/www.huntersfriend.eu\/sv\/wp-json\/wp\/v2\/product_brand?post=286099"},{"taxonomy":"product_cat","embeddable":true,"href":"https:\/\/www.huntersfriend.eu\/sv\/wp-json\/wp\/v2\/product_cat?post=286099"},{"taxonomy":"product_tag","embeddable":true,"href":"https:\/\/www.huntersfriend.eu\/sv\/wp-json\/wp\/v2\/product_tag?post=286099"}],"curies":[{"name":"wp","href":"https:\/\/api.w.org\/{rel}","templated":true}]}}