{"id":286096,"date":"2024-06-21T00:18:08","date_gmt":"2024-06-20T22:18:08","guid":{"rendered":"https:\/\/www.huntersfriend.eu\/product\/birchwood-casey-rengoringsmatta-for-gevar\/"},"modified":"2025-08-26T11:26:38","modified_gmt":"2025-08-26T09:26:38","slug":"birchwood-casey-rengoringsmatta-for-gevar","status":"publish","type":"product","link":"https:\/\/www.huntersfriend.eu\/sv\/produkt\/birchwood-casey-rengoringsmatta-for-gevar\/","title":{"rendered":"Birchwood Casey reng\u00f6ringsmatta f\u00f6r gev\u00e4r"},"content":{"rendered":"<ul>\n<li>KEMIKALIEBEST\u00c4NDIGT GUMMI<\/li>\n<li>6 SM\u00c5DELARS MAGNETISKA PADS<\/li>\n<li>INTEGRERADE H\u00c4NGH\u00c5L<\/li>\n<li>L\u00c4CKAGES\u00c4KRA FICKOR<\/li>\n<li>36 \u201cX 11\u201d (91,4 cm x 27,9 cm)<\/li>\n<\/ul>\n","protected":false},"excerpt":{"rendered":"<p>KEMIKALIEBEST\u00c4NDIGT GUMMI 6 SM\u00c5DELARS MAGNETISKA PADS INTEGRERADE H\u00c4NGH\u00c5L L\u00c4CKAGES\u00c4KRA FICKOR 36 \u201cX 11\u201d (91,4 cm x 27,9 cm)<\/p>\n","protected":false},"featured_media":270055,"comment_status":"open","ping_status":"closed","template":"","meta":[],"product_brand":[],"product_cat":[2542],"product_tag":[],"class_list":{"0":"post-286096","1":"product","2":"type-product","3":"status-publish","4":"has-post-thumbnail","6":"product_cat-rengoring-och-underhall","7":"product_shipping_class-medium-sv","9":"first","10":"outofstock","11":"taxable","12":"shipping-taxable","13":"purchasable","14":"product-type-simple"},"composite_virtual":false,"composite_layout":"","composite_add_to_cart_form_location":"","composite_editable_in_cart":false,"composite_sold_individually_context":"","composite_shop_price_calc":"","composite_components":[],"composite_scenarios":[],"group_of_quantity":0,"min_quantity":0,"max_quantity":"","exclude_order_quantity_value_rules":"no","exclude_category_quantity_rules":"no","combine_variations":"no","exclude_global_add_ons":[],"addons":[],"_links":{"self":[{"href":"https:\/\/www.huntersfriend.eu\/sv\/wp-json\/wp\/v2\/product\/286096","targetHints":{"allow":["GET"]}}],"collection":[{"href":"https:\/\/www.huntersfriend.eu\/sv\/wp-json\/wp\/v2\/product"}],"about":[{"href":"https:\/\/www.huntersfriend.eu\/sv\/wp-json\/wp\/v2\/types\/product"}],"replies":[{"embeddable":true,"href":"https:\/\/www.huntersfriend.eu\/sv\/wp-json\/wp\/v2\/comments?post=286096"}],"wp:featuredmedia":[{"embeddable":true,"href":"https:\/\/www.huntersfriend.eu\/sv\/wp-json\/wp\/v2\/media\/270055"}],"wp:attachment":[{"href":"https:\/\/www.huntersfriend.eu\/sv\/wp-json\/wp\/v2\/media?parent=286096"}],"wp:term":[{"taxonomy":"product_brand","embeddable":true,"href":"https:\/\/www.huntersfriend.eu\/sv\/wp-json\/wp\/v2\/product_brand?post=286096"},{"taxonomy":"product_cat","embeddable":true,"href":"https:\/\/www.huntersfriend.eu\/sv\/wp-json\/wp\/v2\/product_cat?post=286096"},{"taxonomy":"product_tag","embeddable":true,"href":"https:\/\/www.huntersfriend.eu\/sv\/wp-json\/wp\/v2\/product_tag?post=286096"}],"curies":[{"name":"wp","href":"https:\/\/api.w.org\/{rel}","templated":true}]}}