{"id":286090,"date":"2024-06-19T00:24:07","date_gmt":"2024-06-18T22:24:07","guid":{"rendered":"https:\/\/www.huntersfriend.eu\/product\/meopta-meostar-r-25-15x50-rd-4c\/"},"modified":"2025-08-26T11:26:36","modified_gmt":"2025-08-26T09:26:36","slug":"meopta-meostar-r-25-15x50-rd-4c","status":"publish","type":"product","link":"https:\/\/www.huntersfriend.eu\/sv\/produkt\/meopta-meostar-r-25-15x50-rd-4c\/","title":{"rendered":"Meopta meostar r 2,5-15&#215;50 RD 4C"},"content":{"rendered":"<p><strong>MEOPTA Kikarsikte MeoStar R 2,5-15&#215;50 RD 4C<\/strong><\/p>\n<p><strong>MeoStar R \u00e4r en ny produkt f\u00f6r 2024! <\/strong>M\u00e5let var att designa och producera ett helt nytt premiumkikarsikte som ger en rad innovationer och f\u00f6rb\u00e4ttringar j\u00e4mf\u00f6rt med den tidigare MeoStar R1r-modellen. Den har ett nytt optiskt system, justeringsrattar, ett belyst riktmedel och andra uppgraderingar. Exceptionella optiska element garanterar en tydlig och kontrastrik bild.  <\/p>\n<p><strong>Vad ing\u00e5r:<\/strong><\/p>\n<p>\u2022 Kikarsikte MeoStar 2,5-15&#215;50 RD<\/p>\n<p>\u2022 Batteri CR2032<\/p>\n<p>\u2022 Linsskydd och okularskydd<\/p>\n<p>\u2022 Mikrofiberduk<\/p>\n<p>\u2022 Anv\u00e4ndarmanual<\/p>\n<p><strong>Specifikationer:<\/strong><\/p>\n<p>&nbsp;<\/p>\n<table border=\"1\" cellspacing=\"1\" cellpadding=\"1\">\n<tbody>\n<tr>\n<td>Tillverkad i:<\/td>\n<td><b>Tjeckien<\/b><\/td>\n<\/tr>\n<tr>\n<td>Serie:<\/td>\n<td><strong>MeoStar r<\/strong><\/td>\n<\/tr>\n<tr>\n<td>Objektivdiameter (mm):<\/td>\n<td><strong>50<\/strong><\/td>\n<\/tr>\n<tr>\n<td>F\u00f6rstoring:<\/td>\n<td><strong>2,5x-10x<\/strong><\/td>\n<\/tr>\n<tr>\n<td>\u00d6gonavst\u00e5nd (mm):<\/td>\n<td><strong>98-95<\/strong><\/td>\n<\/tr>\n<tr>\n<td>Diameter utg\u00e5ngspupill (mm):<\/td>\n<td><strong>90<\/strong><\/td>\n<\/tr>\n<tr>\n<td>Dioptrikompensation:<\/td>\n<td><strong>\u00b12<\/strong><\/td>\n<\/tr>\n<tr>\n<td>Synf\u00e4lt (m\/100m):<\/td>\n<td><strong>14,5-2,3<\/strong><\/td>\n<\/tr>\n<tr>\n<td>Riktmedel:<\/td>\n<td><strong>4C\/1<\/strong><\/td>\n<\/tr>\n<tr>\n<td>Punktf\u00e4rg:<\/td>\n<td><strong>R\u00f6d<\/strong><\/td>\n<\/tr>\n<tr>\n<td>Belyst punkt:<\/td>\n<td><strong>Ja<\/strong><\/td>\n<\/tr>\n<tr>\n<td>Belysningsniv\u00e5er:<\/td>\n<td><strong>6<\/strong><\/td>\n<\/tr>\n<tr>\n<td>Riktmedelsl\u00e4ge:<\/td>\n<td><strong>SFP &#8211; Andra fokalplanet<\/strong><\/td>\n<\/tr>\n<tr>\n<td>Transmission:<\/td>\n<td><strong>91%<\/strong><\/td>\n<\/tr>\n<tr>\n<td>Tr\u00e4ffl\u00e4gesjustering per klick (cm\/100m):<\/td>\n<td><strong>1,5<\/strong><\/td>\n<\/tr>\n<tr>\n<td>Tr\u00e4ffl\u00e4gesjustering per klick (MOA):<\/td>\n<td><strong>0,5<\/strong><\/td>\n<\/tr>\n<tr>\n<td>Parallax:<\/td>\n<td><strong>10m-<em>\u221e<\/em><\/strong><\/td>\n<\/tr>\n<tr>\n<td>Vattent\u00e4t:<\/td>\n<td><strong>Ja<\/strong><\/td>\n<\/tr>\n<tr>\n<td>Fuktt\u00e4t:<\/td>\n<td><strong>Ja<\/strong><\/td>\n<\/tr>\n<tr>\n<td>Kv\u00e4vefylld:<\/td>\n<td><strong>Ja<\/strong><\/td>\n<\/tr>\n<tr>\n<td>St\u00f6tt\u00e5lig:<\/td>\n<td><strong>Ja<\/strong><\/td>\n<\/tr>\n<tr>\n<td>Automatisk avst\u00e4ngning:<\/td>\n<td><strong>Ja<\/strong><\/td>\n<\/tr>\n<tr>\n<td>F\u00e4rg:<\/td>\n<td><strong>svart<\/strong><\/td>\n<\/tr>\n<tr>\n<td>L\u00e4ngd (mm):<\/td>\n<td><strong>351<\/strong><\/td>\n<\/tr>\n<tr>\n<td>Tub (mm):<\/td>\n<td><strong>30<\/strong><\/td>\n<\/tr>\n<tr>\n<td>Vikt (g):<\/td>\n<td><strong>820<\/strong><\/td>\n<\/tr>\n<tr>\n<td>Tillverkarens garanti:<\/td>\n<td><strong>10 \u00e5r<\/strong><\/td>\n<\/tr>\n<\/tbody>\n<\/table>\n","protected":false},"excerpt":{"rendered":"<p>MEOPTA Kikarsikte MeoStar R 2,5-15&#215;50 RD 4C MeoStar R \u00e4r en ny produkt f\u00f6r 2024! M\u00e5let var att designa och producera ett helt nytt premiumkikarsikte som ger en rad innovationer och f\u00f6rb\u00e4ttringar j\u00e4mf\u00f6rt med den tidigare MeoStar R1r-modellen. Den har ett nytt optiskt system, justeringsrattar, ett belyst riktmedel och andra uppgraderingar. Exceptionella optiska element garanterar [&#8230;]\n","protected":false},"featured_media":270035,"comment_status":"open","ping_status":"closed","template":"","meta":[],"product_brand":[],"product_cat":[878],"product_tag":[],"class_list":{"0":"post-286090","1":"product","2":"type-product","3":"status-publish","4":"has-post-thumbnail","6":"product_cat-uncategorized-sv","8":"first","9":"outofstock","10":"taxable","11":"shipping-taxable","12":"purchasable","13":"product-type-simple"},"composite_virtual":false,"composite_layout":"","composite_add_to_cart_form_location":"","composite_editable_in_cart":false,"composite_sold_individually_context":"","composite_shop_price_calc":"","composite_components":[],"composite_scenarios":[],"group_of_quantity":0,"min_quantity":0,"max_quantity":"","exclude_order_quantity_value_rules":"no","exclude_category_quantity_rules":"no","combine_variations":"no","exclude_global_add_ons":[],"addons":[],"_links":{"self":[{"href":"https:\/\/www.huntersfriend.eu\/sv\/wp-json\/wp\/v2\/product\/286090","targetHints":{"allow":["GET"]}}],"collection":[{"href":"https:\/\/www.huntersfriend.eu\/sv\/wp-json\/wp\/v2\/product"}],"about":[{"href":"https:\/\/www.huntersfriend.eu\/sv\/wp-json\/wp\/v2\/types\/product"}],"replies":[{"embeddable":true,"href":"https:\/\/www.huntersfriend.eu\/sv\/wp-json\/wp\/v2\/comments?post=286090"}],"wp:featuredmedia":[{"embeddable":true,"href":"https:\/\/www.huntersfriend.eu\/sv\/wp-json\/wp\/v2\/media\/270035"}],"wp:attachment":[{"href":"https:\/\/www.huntersfriend.eu\/sv\/wp-json\/wp\/v2\/media?parent=286090"}],"wp:term":[{"taxonomy":"product_brand","embeddable":true,"href":"https:\/\/www.huntersfriend.eu\/sv\/wp-json\/wp\/v2\/product_brand?post=286090"},{"taxonomy":"product_cat","embeddable":true,"href":"https:\/\/www.huntersfriend.eu\/sv\/wp-json\/wp\/v2\/product_cat?post=286090"},{"taxonomy":"product_tag","embeddable":true,"href":"https:\/\/www.huntersfriend.eu\/sv\/wp-json\/wp\/v2\/product_tag?post=286090"}],"curies":[{"name":"wp","href":"https:\/\/api.w.org\/{rel}","templated":true}]}}