{"id":286088,"date":"2024-06-21T00:18:09","date_gmt":"2024-06-20T22:18:09","guid":{"rendered":"https:\/\/www.huntersfriend.eu\/product\/avian-x-oppenvatten-grasander\/"},"modified":"2025-08-26T11:26:34","modified_gmt":"2025-08-26T09:26:34","slug":"avian-x-oppenvatten-grasander","status":"publish","type":"product","link":"https:\/\/www.huntersfriend.eu\/sv\/produkt\/avian-x-oppenvatten-grasander\/","title":{"rendered":"Avian-x \u00f6ppenvatten gr\u00e4s\u00e4nder"},"content":{"rendered":"<div class=\"productView-description\" data-event-type=\"product\" data-analytics-sent=\"{\"product_id\":\"117\",\"name\":\"Topflight Open Water Pack\",\"category\":\"\\n Duck, \\n Duck\/Topflight Floating Decoys\\n \",\"price\":\"\\n 99.99\\n\",\"sku\":null,\"variant\":\"single-product-option\",\"properties\":{\"channel\":{\"id\":1,\"name\":\"default\",\"type\":\"default\"}},\"currency\":\"USD\"}\">\n<p>Brutala \u00f6ppenvattenf\u00f6rh\u00e5llanden \u00e4r inga problem f\u00f6r dessa gr\u00e4s\u00e4nder. En kombination av h\u00f6ghuvud- och l\u00e5ghuvudpositioner replikerar autentiskt det naturliga beteendet hos aktiva gr\u00e4s\u00e4nder. Ultrarealistiska f\u00e4rgscheman kombineras med det ultimata inom f\u00e4rgadhesion och h\u00e5llbarhet f\u00f6r det slutgiltiga ordet inom flytande gr\u00e4sandslockf\u00e5glar. Alla Topflight-lockf\u00e5glar har en innovativ viktfram\u00e5triktad k\u00f6l. F\u00e4st helt enkelt linan genom simkl\u00e4mman f\u00f6r att ge lockf\u00e5glarna naturlig r\u00f6relse p\u00e5 vattnet.    <\/p>\n<ul>\n<li>Perfekt replikering av fullvuxna gr\u00e4s\u00e4nder<\/li>\n<li>Viktfram\u00e5triktad simk\u00f6l f\u00f6r realistisk r\u00f6relse<\/li>\n<li>O\u00f6vertr\u00e4ffad f\u00e4rgs\u00e4ttning och detaljrikedom<\/li>\n<li>Robust h\u00e5llbarhet<\/li>\n<li>Icke-flagande f\u00e4rg f\u00f6r varaktig finish<\/li>\n<li>Kropp: flytande<\/li>\n<li>Storlek: Livsstorlek<\/li>\n<li>4 naturtrogna positioner:\n<ul>\n<li>L\u00e5ghuvuddr\u00e4kter (2)<\/li>\n<li>H\u00f6ghuvuddr\u00e4kter (2)<\/li>\n<li>Simmande h\u00f6na<\/li>\n<li>H\u00f6ghuvudh\u00f6na<\/li>\n<\/ul>\n<\/li>\n<\/ul>\n<\/div>\n<div class=\"title-hr-dark\"><span class=\"font-bold\">Art:<\/span> gr\u00e4sand<\/div>\n<div class=\"custom-fields-wrap\">\n<div class=\"productView-info-name\"><span class=\"font-bold\">Finish:<\/span> m\u00e5lad<\/div>\n<div class=\"productView-info-name\"><span class=\"font-bold\">Kropp:<\/span> flytande<\/p>\n<\/div>\n<\/div>\n<div><strong>Best\u00e4llningar \u00e4r begr\u00e4nsade till en l\u00e5da p\u00e5 grund av storleken. Om du \u00e4r intresserad av mer, v\u00e4nligen kontakta oss direkt f\u00f6r att se om fraktkostnader. <\/strong><\/div>\n","protected":false},"excerpt":{"rendered":"<p>6-pack<\/p>\n","protected":false},"featured_media":270072,"comment_status":"open","ping_status":"closed","template":"","meta":[],"product_brand":[],"product_cat":[2527],"product_tag":[],"class_list":{"0":"post-286088","1":"product","2":"type-product","3":"status-publish","4":"has-post-thumbnail","6":"product_cat-andbeten","7":"product_shipping_class-big-sv","9":"first","10":"outofstock","11":"taxable","12":"shipping-taxable","13":"purchasable","14":"product-type-simple"},"composite_virtual":false,"composite_layout":"","composite_add_to_cart_form_location":"","composite_editable_in_cart":false,"composite_sold_individually_context":"","composite_shop_price_calc":"","composite_components":[],"composite_scenarios":[],"group_of_quantity":0,"min_quantity":0,"max_quantity":"","exclude_order_quantity_value_rules":"no","exclude_category_quantity_rules":"no","combine_variations":"no","exclude_global_add_ons":[],"addons":[],"_links":{"self":[{"href":"https:\/\/www.huntersfriend.eu\/sv\/wp-json\/wp\/v2\/product\/286088","targetHints":{"allow":["GET"]}}],"collection":[{"href":"https:\/\/www.huntersfriend.eu\/sv\/wp-json\/wp\/v2\/product"}],"about":[{"href":"https:\/\/www.huntersfriend.eu\/sv\/wp-json\/wp\/v2\/types\/product"}],"replies":[{"embeddable":true,"href":"https:\/\/www.huntersfriend.eu\/sv\/wp-json\/wp\/v2\/comments?post=286088"}],"wp:featuredmedia":[{"embeddable":true,"href":"https:\/\/www.huntersfriend.eu\/sv\/wp-json\/wp\/v2\/media\/270072"}],"wp:attachment":[{"href":"https:\/\/www.huntersfriend.eu\/sv\/wp-json\/wp\/v2\/media?parent=286088"}],"wp:term":[{"taxonomy":"product_brand","embeddable":true,"href":"https:\/\/www.huntersfriend.eu\/sv\/wp-json\/wp\/v2\/product_brand?post=286088"},{"taxonomy":"product_cat","embeddable":true,"href":"https:\/\/www.huntersfriend.eu\/sv\/wp-json\/wp\/v2\/product_cat?post=286088"},{"taxonomy":"product_tag","embeddable":true,"href":"https:\/\/www.huntersfriend.eu\/sv\/wp-json\/wp\/v2\/product_tag?post=286088"}],"curies":[{"name":"wp","href":"https:\/\/api.w.org\/{rel}","templated":true}]}}