{"id":286087,"date":"2024-06-19T00:24:06","date_gmt":"2024-06-18T22:24:06","guid":{"rendered":"https:\/\/www.huntersfriend.eu\/product\/meopta-meostar-r-1-6x24-rd-4c\/"},"modified":"2025-08-26T11:26:30","modified_gmt":"2025-08-26T09:26:30","slug":"meopta-meostar-r-1-6x24-rd-4c","status":"publish","type":"product","link":"https:\/\/www.huntersfriend.eu\/sv\/produkt\/meopta-meostar-r-1-6x24-rd-4c\/","title":{"rendered":"Meopta meostar r 1-6&#215;24 RD 4C"},"content":{"rendered":"<p>MeoStar R2-kikarsikten \u00e4r byggda f\u00f6r hand med otrolig uppm\u00e4rksamhet p\u00e5 detaljer och precision, vilket f\u00f6rkroppsligar det ultimata inom premiumklassens jaktoptik. Maximal ljusstyrka levereras \u00e4ven under de s\u00e4msta ljusf\u00f6rh\u00e5llandena genom anv\u00e4ndning av v\u00e5r egenutvecklade MeoLux-jonassisterade bel\u00e4ggning, vilket ger 99,8 % ljusgenomsl\u00e4pplighet per linsyta. 8-l\u00e4ges belysta riktmedel ger en ljus, definierad siktpunkt f\u00f6r exakt skottplacering. N\u00e4r solen g\u00e5r ner f\u00f6r konkurrenternas optiska prestanda \u00e4r du redo f\u00f6r den d\u00e4r trof\u00e9n f\u00f6r livet med en MeoStar R2.   <\/p>\n<ul>\n<li>30 mm huvudtub<\/li>\n<li>MeoLux (TM)-bel\u00e4ggningar<\/li>\n<li>MeoShield (TM)-bel\u00e4ggningar<\/li>\n<li>Skymningsoptimerad<\/li>\n<li>Redzone (TM)-belysning<\/li>\n<li>6x f\u00f6rstoringsomr\u00e5de<\/li>\n<li>1\/2 \u201celler 1\/4\u201d MOA-justering<\/li>\n<li>MeoTrak (TM) RZ-torn<\/li>\n<li>MeoQuick (TM)-okular<\/li>\n<li>Kv\u00e4verensning<\/li>\n<li>Vattent\u00e4t<\/li>\n<li>Tillverkad i Europa<\/li>\n<\/ul>\n<table>\n<tbody>\n<tr class=\"row1\">\n<td class=\"col1\">F\u00f6rstoring<\/td>\n<td class=\"col2\">1,0-6,0x<\/td>\n<\/tr>\n<tr class=\"row2\">\n<td class=\"col1\">Objektivdiameter<\/td>\n<td class=\"col2\">0,94 tum<\/td>\n<\/tr>\n<tr class=\"row3\">\n<td class=\"col1\">Objektivg\u00e4nga<\/td>\n<td class=\"col2\">M26.5&#215;0.75<\/td>\n<\/tr>\n<tr class=\"row4\">\n<td class=\"col1\">R\u00f6r<\/td>\n<td class=\"col2\">1.18 in<\/td>\n<\/tr>\n<tr class=\"row5\">\n<td class=\"col1\">Synf\u00e4lt<\/td>\n<td class=\"col2\">21,3-3,6\u00b0<\/td>\n<\/tr>\n<tr class=\"row6\">\n<td class=\"col1\">Synf\u00e4lt<\/td>\n<td class=\"col2\">112,8-18,9 ft\/100yd<\/td>\n<\/tr>\n<tr class=\"row7\">\n<td class=\"col1\">\u00d6gonavst\u00e5nd<\/td>\n<td class=\"col2\">3,9-3,8 tum<\/td>\n<\/tr>\n<tr class=\"row8\">\n<td class=\"col1\">Fokalplan<\/td>\n<td class=\"col2\">2<\/td>\n<\/tr>\n<tr class=\"row9\">\n<td class=\"col1\">Dioptrikompensation<\/td>\n<td class=\"col2\">-3\/+3 d<\/td>\n<\/tr>\n<tr class=\"row10\">\n<td class=\"col1\">Transmission<\/td>\n<td class=\"col2\">94 %<\/td>\n<\/tr>\n<tr class=\"row11\">\n<td class=\"col1\">Tr\u00e4ffl\u00e4ges\u00e4ndring per klick<\/td>\n<td class=\"col2\">0,54 tum\/100yd<\/td>\n<\/tr>\n<tr class=\"row12\">\n<td class=\"col1\">Tr\u00e4ffl\u00e4ges\u00e4ndring per klick<\/td>\n<td class=\"col2\">0,52 MOA<\/td>\n<\/tr>\n<tr class=\"row13\">\n<td class=\"col1\">H\u00f6jdjusteringsomr\u00e5de<\/td>\n<td class=\"col2\">145 tum\/100yd<\/td>\n<\/tr>\n<tr class=\"row14\">\n<td class=\"col1\">H\u00f6jdjusteringsomr\u00e5de<\/td>\n<td class=\"col2\">138 MOA<\/td>\n<\/tr>\n<tr class=\"row15\">\n<td class=\"col1\">Vindjusteringsomr\u00e5de<\/td>\n<td class=\"col2\">145 tum\/100yd<\/td>\n<\/tr>\n<tr class=\"row16\">\n<td class=\"col1\">Vindjusteringsomr\u00e5de<\/td>\n<td class=\"col2\">138 MOA<\/td>\n<\/tr>\n<tr class=\"row17\">\n<td class=\"col1\">Parallaxkorrigering<\/td>\n<td class=\"col2\">nej<\/td>\n<\/tr>\n<tr class=\"row18\">\n<td class=\"col1\">L\u00e4ngd<\/td>\n<td class=\"col2\">11,7 tum<\/td>\n<\/tr>\n<tr class=\"row19\">\n<td class=\"col1\">Vikt<\/td>\n<td class=\"col2\">17,4 oz<\/td>\n<\/tr>\n<tr class=\"row20\">\n<td class=\"col1\">Tillg\u00e4ngligt riktmedel<\/td>\n<td class=\"col2\">4C<\/td>\n<\/tr>\n<\/tbody>\n<\/table>\n","protected":false},"excerpt":{"rendered":"<p>MeoStar R2-kikarsikten \u00e4r byggda f\u00f6r hand med otrolig uppm\u00e4rksamhet p\u00e5 detaljer och precision, vilket f\u00f6rkroppsligar det ultimata inom premiumklassens jaktoptik. Maximal ljusstyrka levereras \u00e4ven under de s\u00e4msta ljusf\u00f6rh\u00e5llandena genom anv\u00e4ndning av v\u00e5r egenutvecklade MeoLux-jonassisterade bel\u00e4ggning, vilket ger 99,8 % ljusgenomsl\u00e4pplighet per linsyta. 8-l\u00e4ges belysta riktmedel ger en ljus, definierad siktpunkt f\u00f6r exakt skottplacering. N\u00e4r solen [&#8230;]\n","protected":false},"featured_media":270039,"comment_status":"open","ping_status":"closed","template":"","meta":[],"product_brand":[],"product_cat":[878],"product_tag":[],"class_list":{"0":"post-286087","1":"product","2":"type-product","3":"status-publish","4":"has-post-thumbnail","6":"product_cat-uncategorized-sv","8":"first","9":"outofstock","10":"taxable","11":"shipping-taxable","12":"purchasable","13":"product-type-simple"},"composite_virtual":false,"composite_layout":"","composite_add_to_cart_form_location":"","composite_editable_in_cart":false,"composite_sold_individually_context":"","composite_shop_price_calc":"","composite_components":[],"composite_scenarios":[],"group_of_quantity":0,"min_quantity":0,"max_quantity":"","exclude_order_quantity_value_rules":"no","exclude_category_quantity_rules":"no","combine_variations":"no","exclude_global_add_ons":[],"addons":[],"_links":{"self":[{"href":"https:\/\/www.huntersfriend.eu\/sv\/wp-json\/wp\/v2\/product\/286087","targetHints":{"allow":["GET"]}}],"collection":[{"href":"https:\/\/www.huntersfriend.eu\/sv\/wp-json\/wp\/v2\/product"}],"about":[{"href":"https:\/\/www.huntersfriend.eu\/sv\/wp-json\/wp\/v2\/types\/product"}],"replies":[{"embeddable":true,"href":"https:\/\/www.huntersfriend.eu\/sv\/wp-json\/wp\/v2\/comments?post=286087"}],"wp:featuredmedia":[{"embeddable":true,"href":"https:\/\/www.huntersfriend.eu\/sv\/wp-json\/wp\/v2\/media\/270039"}],"wp:attachment":[{"href":"https:\/\/www.huntersfriend.eu\/sv\/wp-json\/wp\/v2\/media?parent=286087"}],"wp:term":[{"taxonomy":"product_brand","embeddable":true,"href":"https:\/\/www.huntersfriend.eu\/sv\/wp-json\/wp\/v2\/product_brand?post=286087"},{"taxonomy":"product_cat","embeddable":true,"href":"https:\/\/www.huntersfriend.eu\/sv\/wp-json\/wp\/v2\/product_cat?post=286087"},{"taxonomy":"product_tag","embeddable":true,"href":"https:\/\/www.huntersfriend.eu\/sv\/wp-json\/wp\/v2\/product_tag?post=286087"}],"curies":[{"name":"wp","href":"https:\/\/api.w.org\/{rel}","templated":true}]}}