{"id":286086,"date":"2024-06-06T00:18:13","date_gmt":"2024-06-05T22:18:13","guid":{"rendered":"https:\/\/www.huntersfriend.eu\/product\/tillbehorsstall-for-lucky-duck-robotanka\/"},"modified":"2025-08-26T11:26:30","modified_gmt":"2025-08-26T09:26:30","slug":"tillbehorsstall-for-lucky-duck-robotanka","status":"publish","type":"product","link":"https:\/\/www.huntersfriend.eu\/sv\/produkt\/tillbehorsstall-for-lucky-duck-robotanka\/","title":{"rendered":"Tillbeh\u00f6rsst\u00e4ll f\u00f6r Lucky Duck-robotanka"},"content":{"rendered":"<p><span class=\"jCAhz ChMk0b\"><span class=\"ryNqvb\">Tillbeh\u00f6rsst\u00e4llet f\u00f6r Lucky Duck \u00e4r ungef\u00e4r lika l\u00e5ngt som st\u00e4llet som medf\u00f6ljer robotankan.<\/span><\/span> <span class=\"jCAhz ChMk0b\"><span class=\"ryNqvb\">N\u00e4r du beh\u00f6ver ett l\u00e4ngre och robustare st\u00e4ll till din Lucky Duck-robotanka \u00e4r det h\u00e4r r\u00e4tt val. <\/span><\/span><\/p>\n<p><span class=\"jCAhz ChMk0b\"><span class=\"ryNqvb\">L\u00e4ngd cirka 1,5 meter.<\/span><\/span><\/p>\n","protected":false},"excerpt":{"rendered":"<p>Tillbeh\u00f6rsst\u00e4llet f\u00f6r Lucky Duck \u00e4r ungef\u00e4r lika l\u00e5ngt som st\u00e4llet som medf\u00f6ljer robotankan. N\u00e4r du beh\u00f6ver ett l\u00e4ngre och robustare st\u00e4ll till din Lucky Duck-robotanka \u00e4r det h\u00e4r r\u00e4tt val. L\u00e4ngd cirka 1,5 meter.<\/p>\n","protected":false},"featured_media":272775,"comment_status":"open","ping_status":"closed","template":"","meta":[],"product_brand":[],"product_cat":[2803],"product_tag":[],"class_list":{"0":"post-286086","1":"product","2":"type-product","3":"status-publish","4":"has-post-thumbnail","6":"product_cat-tillbehor-for-beten","8":"first","9":"instock","10":"taxable","11":"shipping-taxable","12":"purchasable","13":"product-type-simple"},"composite_virtual":false,"composite_layout":"","composite_add_to_cart_form_location":"","composite_editable_in_cart":false,"composite_sold_individually_context":"","composite_shop_price_calc":"","composite_components":[],"composite_scenarios":[],"group_of_quantity":0,"min_quantity":0,"max_quantity":"","exclude_order_quantity_value_rules":"no","exclude_category_quantity_rules":"no","combine_variations":"no","exclude_global_add_ons":[],"addons":[],"_links":{"self":[{"href":"https:\/\/www.huntersfriend.eu\/sv\/wp-json\/wp\/v2\/product\/286086","targetHints":{"allow":["GET"]}}],"collection":[{"href":"https:\/\/www.huntersfriend.eu\/sv\/wp-json\/wp\/v2\/product"}],"about":[{"href":"https:\/\/www.huntersfriend.eu\/sv\/wp-json\/wp\/v2\/types\/product"}],"replies":[{"embeddable":true,"href":"https:\/\/www.huntersfriend.eu\/sv\/wp-json\/wp\/v2\/comments?post=286086"}],"wp:featuredmedia":[{"embeddable":true,"href":"https:\/\/www.huntersfriend.eu\/sv\/wp-json\/wp\/v2\/media\/272775"}],"wp:attachment":[{"href":"https:\/\/www.huntersfriend.eu\/sv\/wp-json\/wp\/v2\/media?parent=286086"}],"wp:term":[{"taxonomy":"product_brand","embeddable":true,"href":"https:\/\/www.huntersfriend.eu\/sv\/wp-json\/wp\/v2\/product_brand?post=286086"},{"taxonomy":"product_cat","embeddable":true,"href":"https:\/\/www.huntersfriend.eu\/sv\/wp-json\/wp\/v2\/product_cat?post=286086"},{"taxonomy":"product_tag","embeddable":true,"href":"https:\/\/www.huntersfriend.eu\/sv\/wp-json\/wp\/v2\/product_tag?post=286086"}],"curies":[{"name":"wp","href":"https:\/\/api.w.org\/{rel}","templated":true}]}}