{"id":286085,"date":"2024-06-17T12:42:09","date_gmt":"2024-06-17T10:42:09","guid":{"rendered":"https:\/\/www.huntersfriend.eu\/product\/stan-onnex-gangjarn-echo-grey-medium\/"},"modified":"2025-08-26T11:26:29","modified_gmt":"2025-08-26T09:26:29","slug":"stan-onnex-gangjarn-echo-grey-medium","status":"publish","type":"product","link":"https:\/\/www.huntersfriend.eu\/sv\/produkt\/stan-onnex-gangjarn-echo-grey-medium\/","title":{"rendered":"Stan OnneX g\u00e5ngj\u00e4rn Echo Grey Medium"},"content":{"rendered":"<p>OnneX Hinge var mycket efterl\u00e4ngtad, vilket inneb\u00e4r att v\u00e5ra ingenj\u00f6rer gjorde den v\u00e4rd v\u00e4ntan.<\/p>\n<p>Med nya och avancerade sp\u00e4rrmekanismer som fortfarande till\u00e5ter mikrojustering, v\u00e5rt dragkontrollsystem som aktiveras av tumgreppet vilket hj\u00e4lper till att uppn\u00e5 ett smidigt och konsekvent skott, en sj\u00e4lv\u00e5terst\u00e4llande krok som m\u00f6jligg\u00f6r snabb \u00e5terst\u00e4llning och justerbar fingersvep och tumgrepp som \u00e4r grundpelare i OnneX-serien.<\/p>\n<p>Ditt g\u00e5ngj\u00e4rn levereras med en sp\u00e4rr utan klick installerad och ett mediumklick i paketet.<\/p>\n<p>V\u00e5r nya OnneX-plattform \u00e4r kulmen p\u00e5 \u00f6ver 50 \u00e5rs tillv\u00e4xt och erfarenhet. Plattformen best\u00e5r av tum-, g\u00e5ngj\u00e4rns- och motst\u00e5ndsutl\u00f6sare. Varje utl\u00f6sare delar samma handtag, krokplacering och tr\u00e4ffpunkt. Den h\u00e4r plattformen g\u00f6r att du kan ha samma konsekventa, bekv\u00e4ma k\u00e4nsla genom varje utl\u00f6sartyp.   <\/p>\n<p>Teknisk guide:<\/p>\n<p><a href=\"https:\/\/stanoutdoors.com\/wp-content\/uploads\/OnneX-Hinge.pdf\">https:\/\/stanoutdoors.com\/wp-content\/uploads\/OnneX-Hinge.pdf<\/a><\/p>\n<p><strong>Kontakta oss direkt ang\u00e5ende andra Stan-produkter<\/strong><\/p>\n","protected":false},"excerpt":{"rendered":"<p>Echo Grey &#8211; Medium<\/p>\n","protected":false},"featured_media":269792,"comment_status":"open","ping_status":"closed","template":"","meta":[],"product_brand":[],"product_cat":[2802],"product_tag":[],"class_list":{"0":"post-286085","1":"product","2":"type-product","3":"status-publish","4":"has-post-thumbnail","6":"product_cat-hand-tum-releaser","8":"first","9":"instock","10":"taxable","11":"shipping-taxable","12":"purchasable","13":"product-type-simple"},"composite_virtual":false,"composite_layout":"","composite_add_to_cart_form_location":"","composite_editable_in_cart":false,"composite_sold_individually_context":"","composite_shop_price_calc":"","composite_components":[],"composite_scenarios":[],"group_of_quantity":0,"min_quantity":0,"max_quantity":"","exclude_order_quantity_value_rules":"no","exclude_category_quantity_rules":"no","combine_variations":"no","exclude_global_add_ons":[],"addons":[],"_links":{"self":[{"href":"https:\/\/www.huntersfriend.eu\/sv\/wp-json\/wp\/v2\/product\/286085","targetHints":{"allow":["GET"]}}],"collection":[{"href":"https:\/\/www.huntersfriend.eu\/sv\/wp-json\/wp\/v2\/product"}],"about":[{"href":"https:\/\/www.huntersfriend.eu\/sv\/wp-json\/wp\/v2\/types\/product"}],"replies":[{"embeddable":true,"href":"https:\/\/www.huntersfriend.eu\/sv\/wp-json\/wp\/v2\/comments?post=286085"}],"wp:featuredmedia":[{"embeddable":true,"href":"https:\/\/www.huntersfriend.eu\/sv\/wp-json\/wp\/v2\/media\/269792"}],"wp:attachment":[{"href":"https:\/\/www.huntersfriend.eu\/sv\/wp-json\/wp\/v2\/media?parent=286085"}],"wp:term":[{"taxonomy":"product_brand","embeddable":true,"href":"https:\/\/www.huntersfriend.eu\/sv\/wp-json\/wp\/v2\/product_brand?post=286085"},{"taxonomy":"product_cat","embeddable":true,"href":"https:\/\/www.huntersfriend.eu\/sv\/wp-json\/wp\/v2\/product_cat?post=286085"},{"taxonomy":"product_tag","embeddable":true,"href":"https:\/\/www.huntersfriend.eu\/sv\/wp-json\/wp\/v2\/product_tag?post=286085"}],"curies":[{"name":"wp","href":"https:\/\/api.w.org\/{rel}","templated":true}]}}