{"id":286079,"date":"2024-06-17T12:41:48","date_gmt":"2024-06-17T10:41:48","guid":{"rendered":"https:\/\/www.huntersfriend.eu\/product\/nordforest-jakt-merino-vardagsstrumpor-2-par\/"},"modified":"2025-08-26T11:26:28","modified_gmt":"2025-08-26T09:26:28","slug":"nordforest-jakt-merino-vardagsstrumpor-2-par","status":"publish","type":"product","link":"https:\/\/www.huntersfriend.eu\/sv\/produkt\/nordforest-jakt-merino-vardagsstrumpor-2-par\/","title":{"rendered":"Nordforest jakt merino vardagsstrumpor &#8211; 2 par"},"content":{"rendered":"<p><span class=\"jCAhz JxVs2d ChMk0b\"><span class=\"ryNqvb\">Nordforest Hunting Merino Daily-strumpor h\u00e5ller dina f\u00f6tter bekv\u00e4ma hela tiden, b\u00e5de i vardagen och p\u00e5 naturresor och vandringar.<\/span><\/span> <span class=\"jCAhz JxVs2d ChMk0b\"><span class=\"ryNqvb\">Tillverkade av h\u00f6gkvalitativ merinoull, dessa strumpor garanterar optimalt fotm\u00e5ende.<\/span><\/span> <span class=\"jCAhz JxVs2d ChMk0b\"><span class=\"ryNqvb\">Platta s\u00f6mmar garanterar extra komfort.<\/span><\/span> <span class=\"jCAhz JxVs2d ChMk0b\"><span class=\"ryNqvb\">Dubbel res\u00e5r h\u00e5ller Merino Daily-strumporna bekv\u00e4mt p\u00e5 plats, medan f\u00f6rst\u00e4rkningar i t\u00e5 och h\u00e4l ger h\u00e5llbarhet och skydd. <\/span><\/span><\/p>\n<p><span class=\"jCAhz JxVs2d ChMk0b\"><span class=\"ryNqvb\">Nordforest Hunting Merino Daily-strumpor \u00e4r idealiska f\u00f6r vardagsbruk och f\u00f6r utflykter i naturen. F\u00f6rpackningen inneh\u00e5ller tv\u00e5 par strumpor.  <\/span><\/span><\/p>\n<p><span class=\"jCAhz JxVs2d\"><span class=\"ryNqvb\">Vardags- och vandringsstrumpor <\/span><\/span><\/p>\n<p><span class=\"jCAhz JxVs2d ChMk0b\"><span class=\"ryNqvb\">Bra och funktionella tack vare den h\u00f6gkvalitativa merinoullen. <\/span><\/span><\/p>\n<p><span class=\"jCAhz JxVs2d ChMk0b\"><span class=\"ryNqvb\">Andas och transporterar bort fukt bra. <\/span><\/span><\/p>\n<p><span class=\"jCAhz JxVs2d\"><span class=\"ryNqvb\">Sl\u00e4ta s\u00f6mmar<\/span><\/span> <span class=\"jCAhz JxVs2d\"><span class=\"ryNqvb\">Dubbel res\u00e5r upptill.<\/span><\/span> <\/p>\n<p><span class=\"jCAhz JxVs2d ChMk0b\"><span class=\"ryNqvb\">F\u00f6rst\u00e4rkningar i omr\u00e5det vid t\u00e5rna och h\u00e4len. <\/span><\/span><\/p>\n<p><span class=\"jCAhz JxVs2d ChMk0b\"><span class=\"ryNqvb\">Vadderad, anatomiskt formad L\/R-innersula tillverkad i Italien. <\/span><\/span><\/p>\n<p><span class=\"jCAhz JxVs2d ChMk0b\"><span class=\"ryNqvb\">Tv\u00e5 par per f\u00f6rpackning. <\/span><\/span><\/p>\n<p><span class=\"jCAhz JxVs2d\"><span class=\"ryNqvb\">Unisexmodell. <\/span><\/span><\/p>\n<p><span class=\"jCAhz JxVs2d ChMk0b\"><span class=\"ryNqvb\">Storlekar: 39-41, 42-44 &amp; 45-47.<\/span><\/span><\/p>\n","protected":false},"excerpt":{"rendered":"<p>Nordforest Hunting Merino Daily-strumpor h\u00e5ller dina f\u00f6tter bekv\u00e4ma hela tiden, b\u00e5de i vardagen och p\u00e5 naturresor och vandringar. Tillverkade av h\u00f6gkvalitativ merinoull, dessa strumpor garanterar optimalt fotm\u00e5ende. Platta s\u00f6mmar garanterar extra komfort. Dubbel res\u00e5r h\u00e5ller Merino Daily-strumporna bekv\u00e4mt p\u00e5 plats, medan f\u00f6rst\u00e4rkningar i t\u00e5 och h\u00e4l ger h\u00e5llbarhet och skydd. Nordforest Hunting Merino Daily-strumpor \u00e4r [&#8230;]\n","protected":false},"featured_media":270015,"comment_status":"open","ping_status":"closed","template":"","meta":[],"product_brand":[],"product_cat":[2611],"product_tag":[],"class_list":{"0":"post-286079","1":"product","2":"type-product","3":"status-publish","4":"has-post-thumbnail","6":"product_cat-tillbehor","8":"first","9":"instock","10":"taxable","11":"shipping-taxable","12":"purchasable","13":"product-type-variable"},"composite_virtual":false,"composite_layout":"","composite_add_to_cart_form_location":"","composite_editable_in_cart":false,"composite_sold_individually_context":"","composite_shop_price_calc":"","composite_components":[],"composite_scenarios":[],"group_of_quantity":0,"min_quantity":0,"max_quantity":"","exclude_order_quantity_value_rules":"no","exclude_category_quantity_rules":"no","combine_variations":"no","exclude_global_add_ons":[],"addons":[],"_links":{"self":[{"href":"https:\/\/www.huntersfriend.eu\/sv\/wp-json\/wp\/v2\/product\/286079","targetHints":{"allow":["GET"]}}],"collection":[{"href":"https:\/\/www.huntersfriend.eu\/sv\/wp-json\/wp\/v2\/product"}],"about":[{"href":"https:\/\/www.huntersfriend.eu\/sv\/wp-json\/wp\/v2\/types\/product"}],"replies":[{"embeddable":true,"href":"https:\/\/www.huntersfriend.eu\/sv\/wp-json\/wp\/v2\/comments?post=286079"}],"wp:featuredmedia":[{"embeddable":true,"href":"https:\/\/www.huntersfriend.eu\/sv\/wp-json\/wp\/v2\/media\/270015"}],"wp:attachment":[{"href":"https:\/\/www.huntersfriend.eu\/sv\/wp-json\/wp\/v2\/media?parent=286079"}],"wp:term":[{"taxonomy":"product_brand","embeddable":true,"href":"https:\/\/www.huntersfriend.eu\/sv\/wp-json\/wp\/v2\/product_brand?post=286079"},{"taxonomy":"product_cat","embeddable":true,"href":"https:\/\/www.huntersfriend.eu\/sv\/wp-json\/wp\/v2\/product_cat?post=286079"},{"taxonomy":"product_tag","embeddable":true,"href":"https:\/\/www.huntersfriend.eu\/sv\/wp-json\/wp\/v2\/product_tag?post=286079"}],"curies":[{"name":"wp","href":"https:\/\/api.w.org\/{rel}","templated":true}]}}