{"id":286072,"date":"2024-06-06T00:18:10","date_gmt":"2024-06-05T22:18:10","guid":{"rendered":"https:\/\/www.huntersfriend.eu\/product\/lucky-duck-hd-wood-pigeon\/"},"modified":"2025-08-26T11:26:27","modified_gmt":"2025-08-26T09:26:27","slug":"lucky-duck-hd-wood-pigeon","status":"publish","type":"product","link":"https:\/\/www.huntersfriend.eu\/sv\/produkt\/lucky-duck-hd-wood-pigeon\/","title":{"rendered":"Lucky duck HD Wood pigeon"},"content":{"rendered":"<p><span class=\"jCAhz ChMk0b\"><span class=\"ryNqvb\">Lucky Duck HD-duvan \u00e4r en motoriserad lockf\u00e5gel vars vingar snurrar runt f\u00f6r att skapa bilden av en flaxande duva.<\/span><\/span> <span class=\"jCAhz ChMk0b\"><span class=\"ryNqvb\">Duvor attraheras starkt av r\u00f6relsen som skapas av lockf\u00e5geln.<\/span><\/span> <span class=\"jCAhz ChMk0b\"><span class=\"ryNqvb\">Den h\u00e4r enheten drivs med fyra AA-batterier, s\u00e5 du beh\u00f6ver inte oroa dig f\u00f6r att ladda batteriet.<\/span><\/span><\/p>\n<p><span class=\"jCAhz\"><span class=\"ryNqvb\">Lockf\u00e5geln levereras med ett st\u00f6dben. <\/span><\/span><\/p>\n<p><span class=\"jCAhz ChMk0b\"><span class=\"ryNqvb\">I korthet<\/span><\/span> <span class=\"jCAhz ChMk0b\"><span class=\"ryNqvb\">Art: Duva.<\/span><\/span> <\/p>\n<p><span class=\"jCAhz ChMk0b\"><span class=\"ryNqvb\">Str\u00f6mk\u00e4lla: 4 st AA-batterier. <\/span><\/span><\/p>\n<p><span class=\"jCAhz ChMk0b\"><span class=\"ryNqvb\">St\u00f6dben: 106,68 cm, avtagbart. <\/span><\/span><\/p>\n<p><span class=\"jCAhz ChMk0b\"><span class=\"ryNqvb\">Fj\u00e4rrkontroll: Styrbar med Lucky Duck HD 2.0 fj\u00e4rrkontrollkit (k\u00f6ps separat).<\/span><\/span><\/p>\n","protected":false},"excerpt":{"rendered":"<p>Lucky Duck HD-duvan \u00e4r en motoriserad lockf\u00e5gel vars vingar snurrar runt f\u00f6r att skapa bilden av en flaxande duva. Duvor attraheras starkt av r\u00f6relsen som skapas av lockf\u00e5geln. Den h\u00e4r enheten drivs med fyra AA-batterier, s\u00e5 du beh\u00f6ver inte oroa dig f\u00f6r att ladda batteriet. Lockf\u00e5geln levereras med ett st\u00f6dben. I korthet Art: Duva. Str\u00f6mk\u00e4lla: [&#8230;]\n","protected":false},"featured_media":272769,"comment_status":"open","ping_status":"closed","template":"","meta":[],"product_brand":[],"product_cat":[2796,2528],"product_tag":[],"class_list":{"0":"post-286072","1":"product","2":"type-product","3":"status-publish","4":"has-post-thumbnail","6":"product_cat-andra-lockfaglar","7":"product_cat-rorliga-lockfaglar","8":"product_shipping_class-medium-sv","10":"first","11":"instock","12":"taxable","13":"shipping-taxable","14":"purchasable","15":"product-type-simple"},"composite_virtual":false,"composite_layout":"","composite_add_to_cart_form_location":"","composite_editable_in_cart":false,"composite_sold_individually_context":"","composite_shop_price_calc":"","composite_components":[],"composite_scenarios":[],"group_of_quantity":0,"min_quantity":0,"max_quantity":"","exclude_order_quantity_value_rules":"no","exclude_category_quantity_rules":"no","combine_variations":"no","exclude_global_add_ons":[],"addons":[],"_links":{"self":[{"href":"https:\/\/www.huntersfriend.eu\/sv\/wp-json\/wp\/v2\/product\/286072","targetHints":{"allow":["GET"]}}],"collection":[{"href":"https:\/\/www.huntersfriend.eu\/sv\/wp-json\/wp\/v2\/product"}],"about":[{"href":"https:\/\/www.huntersfriend.eu\/sv\/wp-json\/wp\/v2\/types\/product"}],"replies":[{"embeddable":true,"href":"https:\/\/www.huntersfriend.eu\/sv\/wp-json\/wp\/v2\/comments?post=286072"}],"wp:featuredmedia":[{"embeddable":true,"href":"https:\/\/www.huntersfriend.eu\/sv\/wp-json\/wp\/v2\/media\/272769"}],"wp:attachment":[{"href":"https:\/\/www.huntersfriend.eu\/sv\/wp-json\/wp\/v2\/media?parent=286072"}],"wp:term":[{"taxonomy":"product_brand","embeddable":true,"href":"https:\/\/www.huntersfriend.eu\/sv\/wp-json\/wp\/v2\/product_brand?post=286072"},{"taxonomy":"product_cat","embeddable":true,"href":"https:\/\/www.huntersfriend.eu\/sv\/wp-json\/wp\/v2\/product_cat?post=286072"},{"taxonomy":"product_tag","embeddable":true,"href":"https:\/\/www.huntersfriend.eu\/sv\/wp-json\/wp\/v2\/product_tag?post=286072"}],"curies":[{"name":"wp","href":"https:\/\/api.w.org\/{rel}","templated":true}]}}