{"id":286071,"date":"2024-06-17T10:17:27","date_gmt":"2024-06-17T08:17:27","guid":{"rendered":"https:\/\/www.huntersfriend.eu\/product\/eberlestock-bandit-ryggsack\/"},"modified":"2025-08-26T11:26:26","modified_gmt":"2025-08-26T09:26:26","slug":"eberlestock-bandit-ryggsack","status":"publish","type":"product","link":"https:\/\/www.huntersfriend.eu\/sv\/produkt\/eberlestock-bandit-ryggsack\/","title":{"rendered":"Eberlestock Bandit-ryggs\u00e4ck"},"content":{"rendered":"<p>Bandit \u00e4r den l\u00e4ttaste ryggs\u00e4cken i v\u00e5rt sortiment f\u00f6r vardagsbruk och \u00e4r specialbyggd f\u00f6r dagsjakter och vandringar. Den externa verktygspanelen har laserutskuren MOLLE-v\u00e4v f\u00f6r att m\u00f6jligg\u00f6ra fasts\u00e4ttning av kompatibla tillbeh\u00f6r och fickor, samt f\u00f6r att b\u00e4ra en jacka eller utrustning f\u00f6r snabb \u00e5tkomst. Sidofickorna f\u00f6r vattenflaskor rymmer ett stativ eller en tubkikare, eftersom verktygspanelens remmar s\u00e4krar dem ordentligt. Inuti topplocket hittar du sm\u00e5 f\u00f6rem\u00e5lsorganisat\u00f6rer som en n\u00e4tficka med dragkedja och en tidningsficka.   <\/p>\n<div>\n<p>TEKNISKA <strong>SPECIFIKATIONER<\/strong><\/p>\n<ul>\n<li>Volym: 835 cu.in. \/ 13,68 l<\/li>\n<li>Vikt: 2,50 lbs<\/li>\n<li>M\u00e5tt: 18,25H x 7W x 6,5D<\/li>\n<\/ul>\n<\/div>\n<div>\n<p>RYGGS\u00c4CKENS <strong>FUNKTIONER<\/strong><\/p>\n<ul>\n<li>Laserutskuren MOLLE-panel p\u00e5 framsidan f\u00f6r att f\u00e4sta extern utrustning<\/li>\n<li>Topplock med n\u00e4tficka f\u00f6r tillbeh\u00f6r<\/li>\n<li>Justerbar axelrem<\/li>\n<li>Fack f\u00f6r ett justerbart h\u00f6ftb\u00e4lte f\u00f6r att b\u00e4ra extra vikt<\/li>\n<li>Huvudfacket \u00f6ppnas med dragkedja fr\u00e5n topp till botten f\u00f6r att m\u00f6jligg\u00f6ra full \u00e5tkomst<\/li>\n<li>Inv\u00e4ndig kl\u00e4mma f\u00f6r att s\u00e4kra 2L eller 3L Source\u00ae v\u00e4tskebl\u00e5sor<\/li>\n<li>Anv\u00e4nd v\u00e5rt <a href=\"https:\/\/eberlestock.com\/products\/g2rc-small-reversible-rain-cover\"><strong>lilla v\u00e4ndbara regnskydd<\/strong><\/a> f\u00f6r v\u00e4derskydd<\/li>\n<\/ul>\n<\/div>\n","protected":false},"excerpt":{"rendered":"<p>Bandit \u00e4r den l\u00e4ttaste ryggs\u00e4cken i v\u00e5rt sortiment f\u00f6r vardagsbruk och \u00e4r specialbyggd f\u00f6r dagsjakter och vandringar. Den externa verktygspanelen har laserutskuren MOLLE-v\u00e4v f\u00f6r att m\u00f6jligg\u00f6ra fasts\u00e4ttning av kompatibla tillbeh\u00f6r och fickor, samt f\u00f6r att b\u00e4ra en jacka eller utrustning f\u00f6r snabb \u00e5tkomst. Sidofickorna f\u00f6r vattenflaskor rymmer ett stativ eller en tubkikare, eftersom verktygspanelens remmar [&#8230;]\n","protected":false},"featured_media":269735,"comment_status":"open","ping_status":"closed","template":"","meta":[],"product_brand":[],"product_cat":[2565],"product_tag":[],"class_list":{"0":"post-286071","1":"product","2":"type-product","3":"status-publish","4":"has-post-thumbnail","6":"product_cat-jaktryggsackar","7":"product_shipping_class-medium-sv","9":"first","10":"instock","11":"taxable","12":"shipping-taxable","13":"purchasable","14":"product-type-variable"},"composite_virtual":false,"composite_layout":"","composite_add_to_cart_form_location":"","composite_editable_in_cart":false,"composite_sold_individually_context":"","composite_shop_price_calc":"","composite_components":[],"composite_scenarios":[],"group_of_quantity":0,"min_quantity":0,"max_quantity":"","exclude_order_quantity_value_rules":"no","exclude_category_quantity_rules":"no","combine_variations":"no","exclude_global_add_ons":[],"addons":[],"_links":{"self":[{"href":"https:\/\/www.huntersfriend.eu\/sv\/wp-json\/wp\/v2\/product\/286071","targetHints":{"allow":["GET"]}}],"collection":[{"href":"https:\/\/www.huntersfriend.eu\/sv\/wp-json\/wp\/v2\/product"}],"about":[{"href":"https:\/\/www.huntersfriend.eu\/sv\/wp-json\/wp\/v2\/types\/product"}],"replies":[{"embeddable":true,"href":"https:\/\/www.huntersfriend.eu\/sv\/wp-json\/wp\/v2\/comments?post=286071"}],"wp:featuredmedia":[{"embeddable":true,"href":"https:\/\/www.huntersfriend.eu\/sv\/wp-json\/wp\/v2\/media\/269735"}],"wp:attachment":[{"href":"https:\/\/www.huntersfriend.eu\/sv\/wp-json\/wp\/v2\/media?parent=286071"}],"wp:term":[{"taxonomy":"product_brand","embeddable":true,"href":"https:\/\/www.huntersfriend.eu\/sv\/wp-json\/wp\/v2\/product_brand?post=286071"},{"taxonomy":"product_cat","embeddable":true,"href":"https:\/\/www.huntersfriend.eu\/sv\/wp-json\/wp\/v2\/product_cat?post=286071"},{"taxonomy":"product_tag","embeddable":true,"href":"https:\/\/www.huntersfriend.eu\/sv\/wp-json\/wp\/v2\/product_tag?post=286071"}],"curies":[{"name":"wp","href":"https:\/\/api.w.org\/{rel}","templated":true}]}}