{"id":286066,"date":"2024-06-06T00:06:11","date_gmt":"2024-06-05T22:06:11","guid":{"rendered":"https:\/\/www.huntersfriend.eu\/product\/lucky-duck-junior-ii-6v\/"},"modified":"2025-08-26T11:26:25","modified_gmt":"2025-08-26T09:26:25","slug":"lucky-duck-junior-ii-6v","status":"publish","type":"product","link":"https:\/\/www.huntersfriend.eu\/sv\/produkt\/lucky-duck-junior-ii-6v\/","title":{"rendered":"Lucky Duck Junior II 6V"},"content":{"rendered":"<p>Lucky Junior II 6V \u00e4r en lockf\u00e5gel med roterande vingar och exceptionella detaljer. Tillverkad av slitstark EVA-plast som motst\u00e5r sprickbildning och h\u00e5ller f\u00e4rgen bra, \u00e4ven f\u00f6r de mest kr\u00e4vande vattenf\u00e5gelj\u00e4garna. Hest-f\u00e4ste med bungee g\u00f6r denna lockf\u00e5gel problemfri och mobil.  <\/p>\n<p>Junior II 6V inkluderar en 3-delad 42&#8243;-stake, magnetiska vingar, 6-voltsbatteri och smartladdare. Lockf\u00e5geln kommer att fungera i \u00f6ver 18 timmar och \u00e4r HD-fj\u00e4rrkontroll redo &#8211; s\u00e4ljs separat. <\/p>\n<p><strong>Obs: Onlinebest\u00e4llningar \u00e4r begr\u00e4nsade till en l\u00e5da per best\u00e4llning. F\u00f6r st\u00f6rre m\u00e4ngder, v\u00e4nligen kontakta kundtj\u00e4nst direkt f\u00f6r att se om leveranskostnader. <\/strong><\/p>\n","protected":false},"excerpt":{"rendered":"<p>Lucky Junior II 6V \u00e4r en lockf\u00e5gel med roterande vingar och exceptionella detaljer. Tillverkad av slitstark EVA-plast som motst\u00e5r sprickbildning och h\u00e5ller f\u00e4rgen bra, \u00e4ven f\u00f6r de mest kr\u00e4vande vattenf\u00e5gelj\u00e4garna. Hest-f\u00e4ste med bungee g\u00f6r denna lockf\u00e5gel problemfri och mobil. Junior II 6V inkluderar en 3-delad 42&#8243;-stake, magnetiska vingar, 6-voltsbatteri och smartladdare. Lockf\u00e5geln kommer att fungera [&#8230;]\n","protected":false},"featured_media":286067,"comment_status":"open","ping_status":"closed","template":"","meta":[],"product_brand":[],"product_cat":[878],"product_tag":[],"class_list":{"0":"post-286066","1":"product","2":"type-product","3":"status-publish","4":"has-post-thumbnail","6":"product_cat-uncategorized-sv","8":"first","9":"outofstock","10":"taxable","11":"shipping-taxable","12":"purchasable","13":"product-type-simple"},"composite_virtual":false,"composite_layout":"","composite_add_to_cart_form_location":"","composite_editable_in_cart":false,"composite_sold_individually_context":"","composite_shop_price_calc":"","composite_components":[],"composite_scenarios":[],"group_of_quantity":0,"min_quantity":0,"max_quantity":"","exclude_order_quantity_value_rules":"no","exclude_category_quantity_rules":"no","combine_variations":"no","exclude_global_add_ons":[],"addons":[],"_links":{"self":[{"href":"https:\/\/www.huntersfriend.eu\/sv\/wp-json\/wp\/v2\/product\/286066","targetHints":{"allow":["GET"]}}],"collection":[{"href":"https:\/\/www.huntersfriend.eu\/sv\/wp-json\/wp\/v2\/product"}],"about":[{"href":"https:\/\/www.huntersfriend.eu\/sv\/wp-json\/wp\/v2\/types\/product"}],"replies":[{"embeddable":true,"href":"https:\/\/www.huntersfriend.eu\/sv\/wp-json\/wp\/v2\/comments?post=286066"}],"wp:featuredmedia":[{"embeddable":true,"href":"https:\/\/www.huntersfriend.eu\/sv\/wp-json\/wp\/v2\/media\/286067"}],"wp:attachment":[{"href":"https:\/\/www.huntersfriend.eu\/sv\/wp-json\/wp\/v2\/media?parent=286066"}],"wp:term":[{"taxonomy":"product_brand","embeddable":true,"href":"https:\/\/www.huntersfriend.eu\/sv\/wp-json\/wp\/v2\/product_brand?post=286066"},{"taxonomy":"product_cat","embeddable":true,"href":"https:\/\/www.huntersfriend.eu\/sv\/wp-json\/wp\/v2\/product_cat?post=286066"},{"taxonomy":"product_tag","embeddable":true,"href":"https:\/\/www.huntersfriend.eu\/sv\/wp-json\/wp\/v2\/product_tag?post=286066"}],"curies":[{"name":"wp","href":"https:\/\/api.w.org\/{rel}","templated":true}]}}