{"id":286065,"date":"2024-06-07T00:12:07","date_gmt":"2024-06-06T22:12:07","guid":{"rendered":"https:\/\/www.huntersfriend.eu\/product\/lowa-zephyr-gtx-hi-tf\/"},"modified":"2025-08-26T11:26:25","modified_gmt":"2025-08-26T09:26:25","slug":"lowa-zephyr-gtx-hi-tf","status":"publish","type":"product","link":"https:\/\/www.huntersfriend.eu\/sv\/produkt\/lowa-zephyr-gtx-hi-tf\/","title":{"rendered":"Lowa Zephyr GTX hi TF"},"content":{"rendered":"<div class=\"product-description\">\n<div class=\"clearfix text-formatted field field--name-body field--type-text-with-summary field--label-hidden field__item\">\n<p>Rekommenderas f\u00f6r: L\u00e4tt anv\u00e4ndning i oj\u00e4mn terr\u00e4ng.<\/p>\n<p>Denna h\u00f6ga k\u00e4nga \u00e4r ett idealiskt val f\u00f6r att snabbt f\u00f6rflytta sig \u00f6ver tuff terr\u00e4ng och \u00e4r <span class=\"jCAhz JxVs2d ChMk0b\"><span class=\"ryNqvb\">ett m\u00e5ngsidigt skodon som v\u00e4lf\u00f6rtj\u00e4nt har tagit sin plats i hj\u00e4rtat hos proffs, j\u00e4gare och \u00e4ventyrare<\/span><\/span>. Dess extra h\u00f6jd ger skydd f\u00f6r fotleden ut\u00f6ver det st\u00f6d och den stabilitet som kommer med v\u00e5r injicerade DuraPU\u00ae-mellansula och PU MONOWRAP\u00ae-ramkonstruktion. H\u00e5llbart vattent\u00e4t\/ventilerande. Sn\u00f6rningsdetaljer: Textilslingor &amp; St\u00e4ngda metallkrokar.   <\/p>\n<p><span class=\"jCAhz JxVs2d ChMk0b\"><span class=\"ryNqvb\">Det yttre fodret \u00e4r en genial kombination av cordurav\u00e4v och l\u00e4der, vilket g\u00f6r skon l\u00e4tt, mjuk, bekv\u00e4m, ventilerande och slitstark.<\/span><\/span> <span class=\"jCAhz JxVs2d ChMk0b\"><span class=\"ryNqvb\">Skons GORE-TEX-membran sl\u00e4pper inte in vatten, inte ens i det v\u00e4rsta v\u00e4dret. <\/span><\/span><span class=\"jCAhz JxVs2d ChMk0b\"><span class=\"ryNqvb\">Skon sitter som en handske, inte konstigt.<\/span><\/span> <span class=\"jCAhz JxVs2d ChMk0b\"><span class=\"ryNqvb\">Tack vare den formsprutade mellansulan, tv\u00e5stegssn\u00f6rningen och den patenterade Monowrap-strukturen som omsluter skon, \u00e4r steget s\u00e4rskilt stabilt, robust och greppv\u00e4nligt p\u00e5 alla underlag.<\/span><\/span><\/p>\n<\/div>\n<\/div>\n<div class=\"separator separator-top\"><\/div>\n<div id=\"Product\" class=\"accordion accordion-flush\">\n<div class=\"accordion-item\">\n<h2 id=\"headingProductSpec\" class=\"accordion-header\"><button class=\"accordion-button\" type=\"button\" aria-controls=\"collapseProductSpec\" aria-expanded=\"true\" data-bs-target=\"#collapseProductSpec\" data-bs-toggle=\"collapse\">Produktspecifikationer<\/button><\/h2>\n<div id=\"collapseProductSpec\" class=\"accordion-collapse collapse show\" aria-labelledby=\"headingProductSpec\" data-bs-parent=\"#Product\">\n<div class=\"accordion-body small\">\n<table class=\"table table-striped table-sm table-borderless\">\n<tbody>\n<tr>\n<th scope=\"row\">\u00d6verdel<\/th>\n<td>\n<div class=\"field field--name-field-upper-description field--type-string-long field--label-hidden field__item\">Spaltl\u00e4der\/textil<\/div>\n<\/td>\n<\/tr>\n<tr>\n<th scope=\"row\">Foder<\/th>\n<td>\n<div class=\"field field--name-field-lining-description field--type-string-long field--label-hidden field__item\">GORE-TEX Extended Comfort \u2013 teknisk prestanda<\/div>\n<\/td>\n<\/tr>\n<tr>\n<th scope=\"row\">Innersula<\/th>\n<td>\n<div class=\"field field--name-field-insole field--type-string-long field--label-hidden field__item\">ATC<\/div>\n<\/td>\n<\/tr>\n<tr>\n<th scope=\"row\">Mellansula<\/th>\n<td>\n<div class=\"field field--name-field-midsole field--type-string-long field--label-hidden field__item\">Double Injection DuraPU\u00ae<\/div>\n<\/td>\n<\/tr>\n<tr>\n<th scope=\"row\">Yttersula<\/th>\n<td>\n<div class=\"field field--name-field-outsole-description field--type-string-long field--label-hidden field__item\">LOWA\u00ae Cross<\/div>\n<\/td>\n<\/tr>\n<tr>\n<th scope=\"row\">Vikt<\/th>\n<td>\n<div class=\"field field--name-field-product-weight field--type-integer field--label-hidden field__item\">620 g \/ enstaka sko<\/div>\n<\/td>\n<\/tr>\n<tr>\n<th scope=\"row\">Ursprungsland<\/th>\n<td>\n<div class=\"field field--name-field-country-of-origin field--type-entity-reference field--label-hidden field__item\">Slovakien<\/div>\n<\/td>\n<\/tr>\n<\/tbody>\n<\/table>\n<\/div>\n<\/div>\n<\/div>\n<\/div>\n","protected":false},"excerpt":{"rendered":"<p>F\u00e4rg \u2013 svart<\/p>\n","protected":false},"featured_media":269765,"comment_status":"open","ping_status":"closed","template":"","meta":[],"product_brand":[],"product_cat":[878],"product_tag":[],"class_list":{"0":"post-286065","1":"product","2":"type-product","3":"status-publish","4":"has-post-thumbnail","6":"product_cat-uncategorized-sv","8":"first","9":"outofstock","10":"taxable","11":"shipping-taxable","12":"purchasable","13":"product-type-simple"},"composite_virtual":false,"composite_layout":"","composite_add_to_cart_form_location":"","composite_editable_in_cart":false,"composite_sold_individually_context":"","composite_shop_price_calc":"","composite_components":[],"composite_scenarios":[],"group_of_quantity":0,"min_quantity":0,"max_quantity":"","exclude_order_quantity_value_rules":"no","exclude_category_quantity_rules":"no","combine_variations":"no","exclude_global_add_ons":[],"addons":[],"_links":{"self":[{"href":"https:\/\/www.huntersfriend.eu\/sv\/wp-json\/wp\/v2\/product\/286065","targetHints":{"allow":["GET"]}}],"collection":[{"href":"https:\/\/www.huntersfriend.eu\/sv\/wp-json\/wp\/v2\/product"}],"about":[{"href":"https:\/\/www.huntersfriend.eu\/sv\/wp-json\/wp\/v2\/types\/product"}],"replies":[{"embeddable":true,"href":"https:\/\/www.huntersfriend.eu\/sv\/wp-json\/wp\/v2\/comments?post=286065"}],"wp:featuredmedia":[{"embeddable":true,"href":"https:\/\/www.huntersfriend.eu\/sv\/wp-json\/wp\/v2\/media\/269765"}],"wp:attachment":[{"href":"https:\/\/www.huntersfriend.eu\/sv\/wp-json\/wp\/v2\/media?parent=286065"}],"wp:term":[{"taxonomy":"product_brand","embeddable":true,"href":"https:\/\/www.huntersfriend.eu\/sv\/wp-json\/wp\/v2\/product_brand?post=286065"},{"taxonomy":"product_cat","embeddable":true,"href":"https:\/\/www.huntersfriend.eu\/sv\/wp-json\/wp\/v2\/product_cat?post=286065"},{"taxonomy":"product_tag","embeddable":true,"href":"https:\/\/www.huntersfriend.eu\/sv\/wp-json\/wp\/v2\/product_tag?post=286065"}],"curies":[{"name":"wp","href":"https:\/\/api.w.org\/{rel}","templated":true}]}}