{"id":286064,"date":"2024-06-03T23:46:06","date_gmt":"2024-06-03T21:46:06","guid":{"rendered":"https:\/\/www.huntersfriend.eu\/product\/osuma-kikarsiktesringar-lag-picatinny\/"},"modified":"2025-08-26T11:26:22","modified_gmt":"2025-08-26T09:26:22","slug":"osuma-kikarsiktesringar-lag-picatinny","status":"publish","type":"product","link":"https:\/\/www.huntersfriend.eu\/sv\/produkt\/osuma-kikarsiktesringar-lag-picatinny\/","title":{"rendered":"Osuma kikarsiktesringar, l\u00e5g, picatinny"},"content":{"rendered":"<article class=\"w-full text-token-text-primary\" dir=\"auto\" data-testid=\"conversation-turn-44\" data-scroll-anchor=\"true\">\n<div class=\"text-base my-auto mx-auto py-5 px-6\">\n<div class=\"mx-auto flex flex-1 text-base gap-4 md:gap-5 lg:gap-6 md:max-w-3xl group\/turn-messages focus-visible:outline-none\" tabindex=\"-1\">\n<div class=\"group\/conversation-turn relative flex w-full min-w-0 flex-col agent-turn @xs\/thread:px-0 @sm\/thread:px-1.5 @md\/thread:px-4\">\n<div class=\"relative flex-col gap-1 md:gap-3\">\n<div class=\"flex max-w-full flex-col flex-grow\">\n<div class=\"min-h-8 text-message relative flex w-full flex-col items-end gap-2 whitespace-normal break-words text-start [.text-message+&amp;]:mt-5\" dir=\"auto\" data-message-author-role=\"assistant\" data-message-id=\"65832e69-3678-44be-8ebe-596e05d049b4\" data-message-model-slug=\"gpt-4o-mini\">\n<div class=\"flex w-full flex-col gap-1 empty:hidden first:pt-[3px]\">\n<div class=\"markdown prose w-full break-words dark:prose-invert light\">\n<p class=\"\" data-start=\"0\" data-end=\"64\"><strong data-start=\"0\" data-end=\"64\">Osuma benst\u00f6d kikarsiktesf\u00e4ste f\u00f6r picatinny-skena \u2013 Tillverkad i Finland<\/strong><\/p>\n<p class=\"\" data-start=\"66\" data-end=\"234\">Detta <strong data-start=\"71\" data-end=\"92\">Osuma bipod-f\u00e4ste<\/strong> \u00e4r utformat f\u00f6r <strong data-start=\"109\" data-end=\"128\">Picatinny-skenor<\/strong> och inkluderar tv\u00e5 f\u00e4sten och ringar, vilket g\u00f6r att du enkelt kan f\u00e4sta ett kikarsikte med ett 30 mm r\u00f6r p\u00e5 ditt gev\u00e4r.<\/p>\n<p class=\"\" data-start=\"236\" data-end=\"354\">Installationen \u00e4r enkel och kan enkelt g\u00f6ras sj\u00e4lv. Paketet inneh\u00e5ller alla n\u00f6dv\u00e4ndiga skruvar f\u00f6r montering. <\/p>\n<p class=\"\" data-start=\"356\" data-end=\"369\"><strong data-start=\"356\" data-end=\"369\">I korthet:<\/strong><\/p>\n<ul data-start=\"370\" data-end=\"576\">\n<li class=\"\" data-start=\"370\" data-end=\"400\">\n<p class=\"\" data-start=\"372\" data-end=\"400\"><strong data-start=\"372\" data-end=\"385\">Montering:<\/strong> Picatinny-skena<\/p>\n<\/li>\n<li class=\"\" data-start=\"401\" data-end=\"432\">\n<p class=\"\" data-start=\"403\" data-end=\"432\"><strong data-start=\"403\" data-end=\"427\">Kikarsiktets tubdiameter:<\/strong> 30 mm<\/p>\n<\/li>\n<li class=\"\" data-start=\"433\" data-end=\"458\">\n<p class=\"\" data-start=\"435\" data-end=\"458\"><strong data-start=\"435\" data-end=\"446\">H\u00f6jd:<\/strong> L\u00e5g profil<\/p>\n<\/li>\n<li class=\"\" data-start=\"459\" data-end=\"489\">\n<p class=\"\" data-start=\"461\" data-end=\"489\"><strong data-start=\"461\" data-end=\"474\">Material:<\/strong> aluminium\/st\u00e5l<\/p>\n<\/li>\n<li class=\"\" data-start=\"490\" data-end=\"515\">\n<p class=\"\" data-start=\"492\" data-end=\"515\"><strong data-start=\"492\" data-end=\"505\">Garanti:<\/strong> 24 m\u00e5nader<\/p>\n<\/li>\n<li class=\"\" data-start=\"516\" data-end=\"576\">\n<p class=\"\" data-start=\"518\" data-end=\"576\"><strong data-start=\"518\" data-end=\"539\">Paketets inneh\u00e5ll:<\/strong> Tv\u00e5 f\u00e4sten, ringar och monteringsskruvar<\/p>\n<\/li>\n<\/ul>\n<p class=\"\" data-start=\"578\" data-end=\"744\">Den h\u00e4r produkten erbjuder en enkel och p\u00e5litlig l\u00f6sning f\u00f6r att f\u00e4sta ditt kikarsikte p\u00e5 en Picatinny-skena, perfekt f\u00f6r j\u00e4gare och skyttar som letar efter ett s\u00e4kert monteringssystem.<\/p>\n<\/div>\n<\/div>\n<\/div>\n<\/div>\n<\/div>\n<\/div>\n<\/div>\n<\/div>\n<\/article>\n","protected":false},"excerpt":{"rendered":"<p>Osuma benst\u00f6d kikarsiktesf\u00e4ste f\u00f6r picatinny-skena \u2013 Tillverkad i Finland Detta Osuma bipod-f\u00e4ste \u00e4r utformat f\u00f6r Picatinny-skenor och inkluderar tv\u00e5 f\u00e4sten och ringar, vilket g\u00f6r att du enkelt kan f\u00e4sta ett kikarsikte med ett 30 mm r\u00f6r p\u00e5 ditt gev\u00e4r. Installationen \u00e4r enkel och kan enkelt g\u00f6ras sj\u00e4lv. Paketet inneh\u00e5ller alla n\u00f6dv\u00e4ndiga skruvar f\u00f6r montering. I [&#8230;]\n","protected":false},"featured_media":277568,"comment_status":"open","ping_status":"closed","template":"","meta":[],"product_brand":[],"product_cat":[2619],"product_tag":[],"class_list":{"0":"post-286064","1":"product","2":"type-product","3":"status-publish","4":"has-post-thumbnail","6":"product_cat-kikarsiktesringar-och-fasten","8":"first","9":"outofstock","10":"taxable","11":"shipping-taxable","12":"purchasable","13":"product-type-simple"},"composite_virtual":false,"composite_layout":"","composite_add_to_cart_form_location":"","composite_editable_in_cart":false,"composite_sold_individually_context":"","composite_shop_price_calc":"","composite_components":[],"composite_scenarios":[],"group_of_quantity":0,"min_quantity":0,"max_quantity":"","exclude_order_quantity_value_rules":"no","exclude_category_quantity_rules":"no","combine_variations":"no","exclude_global_add_ons":[],"addons":[],"_links":{"self":[{"href":"https:\/\/www.huntersfriend.eu\/sv\/wp-json\/wp\/v2\/product\/286064","targetHints":{"allow":["GET"]}}],"collection":[{"href":"https:\/\/www.huntersfriend.eu\/sv\/wp-json\/wp\/v2\/product"}],"about":[{"href":"https:\/\/www.huntersfriend.eu\/sv\/wp-json\/wp\/v2\/types\/product"}],"replies":[{"embeddable":true,"href":"https:\/\/www.huntersfriend.eu\/sv\/wp-json\/wp\/v2\/comments?post=286064"}],"wp:featuredmedia":[{"embeddable":true,"href":"https:\/\/www.huntersfriend.eu\/sv\/wp-json\/wp\/v2\/media\/277568"}],"wp:attachment":[{"href":"https:\/\/www.huntersfriend.eu\/sv\/wp-json\/wp\/v2\/media?parent=286064"}],"wp:term":[{"taxonomy":"product_brand","embeddable":true,"href":"https:\/\/www.huntersfriend.eu\/sv\/wp-json\/wp\/v2\/product_brand?post=286064"},{"taxonomy":"product_cat","embeddable":true,"href":"https:\/\/www.huntersfriend.eu\/sv\/wp-json\/wp\/v2\/product_cat?post=286064"},{"taxonomy":"product_tag","embeddable":true,"href":"https:\/\/www.huntersfriend.eu\/sv\/wp-json\/wp\/v2\/product_tag?post=286064"}],"curies":[{"name":"wp","href":"https:\/\/api.w.org\/{rel}","templated":true}]}}