{"id":286062,"date":"2024-06-03T23:46:10","date_gmt":"2024-06-03T21:46:10","guid":{"rendered":"https:\/\/www.huntersfriend.eu\/product\/osuma-picatinny-skena-tikka-t1x\/"},"modified":"2025-12-17T12:31:33","modified_gmt":"2025-12-17T10:31:33","slug":"osuma-picatinny-skena-tikka-t1x","status":"publish","type":"product","link":"https:\/\/www.huntersfriend.eu\/sv\/produkt\/osuma-picatinny-skena-tikka-t1x\/","title":{"rendered":"Osuma picatinny-skena, Tikka T1x"},"content":{"rendered":"<p class=\"\" data-start=\"0\" data-end=\"79\"><strong data-start=\"0\" data-end=\"44\">Osuma picatinny-skena f\u00f6r Tikka T1x-gev\u00e4r<\/strong> \u2013 Tillverkad i Finland, enkel att installera<\/p>\n<p class=\"\" data-start=\"81\" data-end=\"317\"><strong data-start=\"85\" data-end=\"109\">Osuma Picatinny-skenan<\/strong>, tillverkad i Finland, \u00e4r designad f\u00f6r <strong data-start=\"148\" data-end=\"161\">Tikka T1x<\/strong>-gev\u00e4ret. Denna l\u00e5gprofilskena \u00e4r enkel och snabb att installera. Reng\u00f6r helt enkelt ovansidan av gev\u00e4rets l\u00e5da, skjut skenan p\u00e5 plats och dra \u00e5t skruvarna.  <\/p>\n<p class=\"\" data-start=\"319\" data-end=\"332\"><strong data-start=\"319\" data-end=\"332\">I korthet:<\/strong><\/p>\n<ul data-start=\"333\" data-end=\"499\">\n<li class=\"\" data-start=\"333\" data-end=\"369\">\n<p class=\"\" data-start=\"335\" data-end=\"369\"><strong data-start=\"335\" data-end=\"353\">Kompatibilitet:<\/strong> Tikka T1x-gev\u00e4r<\/p>\n<\/li>\n<li class=\"\" data-start=\"370\" data-end=\"399\">\n<p class=\"\" data-start=\"372\" data-end=\"399\"><strong data-start=\"372\" data-end=\"384\">Funktion:<\/strong> Picatinny-skena<\/p>\n<\/li>\n<li class=\"\" data-start=\"400\" data-end=\"433\">\n<p class=\"\" data-start=\"402\" data-end=\"433\"><strong data-start=\"402\" data-end=\"415\">Material:<\/strong> Anodiserad aluminium<\/p>\n<\/li>\n<li class=\"\" data-start=\"434\" data-end=\"452\">\n<p class=\"\" data-start=\"436\" data-end=\"452\"><strong data-start=\"436\" data-end=\"446\">F\u00e4rg:<\/strong> svart<\/p>\n<\/li>\n<li class=\"\" data-start=\"453\" data-end=\"499\">\n<p class=\"\" data-start=\"455\" data-end=\"499\"><strong data-start=\"455\" data-end=\"476\">Paketet inneh\u00e5ller:<\/strong> Skena och monteringsskruvar<\/p>\n<\/li>\n<\/ul>\n<p class=\"\" data-start=\"501\" data-end=\"606\">Denna skena ger en stabil och p\u00e5litlig plattform f\u00f6r montering av optik eller andra tillbeh\u00f6r p\u00e5 ditt gev\u00e4r.<\/p>\n","protected":false},"excerpt":{"rendered":"<p>Osuma picatinny-skena f\u00f6r Tikka T1x-gev\u00e4r \u2013 Tillverkad i Finland, enkel att installera Osuma Picatinny-skenan, tillverkad i Finland, \u00e4r designad f\u00f6r Tikka T1x-gev\u00e4ret. Denna l\u00e5gprofilskena \u00e4r enkel och snabb att installera. Reng\u00f6r helt enkelt ovansidan av gev\u00e4rets l\u00e5da, skjut skenan p\u00e5 plats och dra \u00e5t skruvarna. I korthet: Kompatibilitet: Tikka T1x-gev\u00e4r Funktion: Picatinny-skena Material: Anodiserad aluminium [&#8230;]\n","protected":false},"featured_media":277560,"comment_status":"open","ping_status":"closed","template":"","meta":[],"product_brand":[],"product_cat":[2619],"product_tag":[],"class_list":{"0":"post-286062","1":"product","2":"type-product","3":"status-publish","4":"has-post-thumbnail","6":"product_cat-kikarsiktesringar-och-fasten","8":"first","9":"instock","10":"taxable","11":"shipping-taxable","12":"purchasable","13":"product-type-simple"},"composite_virtual":false,"composite_layout":"","composite_add_to_cart_form_location":"","composite_editable_in_cart":false,"composite_sold_individually_context":"","composite_shop_price_calc":"","composite_components":[],"composite_scenarios":[],"group_of_quantity":0,"min_quantity":0,"max_quantity":"","exclude_order_quantity_value_rules":"no","exclude_category_quantity_rules":"no","combine_variations":"no","exclude_global_add_ons":[],"addons":[],"_links":{"self":[{"href":"https:\/\/www.huntersfriend.eu\/sv\/wp-json\/wp\/v2\/product\/286062","targetHints":{"allow":["GET"]}}],"collection":[{"href":"https:\/\/www.huntersfriend.eu\/sv\/wp-json\/wp\/v2\/product"}],"about":[{"href":"https:\/\/www.huntersfriend.eu\/sv\/wp-json\/wp\/v2\/types\/product"}],"replies":[{"embeddable":true,"href":"https:\/\/www.huntersfriend.eu\/sv\/wp-json\/wp\/v2\/comments?post=286062"}],"wp:featuredmedia":[{"embeddable":true,"href":"https:\/\/www.huntersfriend.eu\/sv\/wp-json\/wp\/v2\/media\/277560"}],"wp:attachment":[{"href":"https:\/\/www.huntersfriend.eu\/sv\/wp-json\/wp\/v2\/media?parent=286062"}],"wp:term":[{"taxonomy":"product_brand","embeddable":true,"href":"https:\/\/www.huntersfriend.eu\/sv\/wp-json\/wp\/v2\/product_brand?post=286062"},{"taxonomy":"product_cat","embeddable":true,"href":"https:\/\/www.huntersfriend.eu\/sv\/wp-json\/wp\/v2\/product_cat?post=286062"},{"taxonomy":"product_tag","embeddable":true,"href":"https:\/\/www.huntersfriend.eu\/sv\/wp-json\/wp\/v2\/product_tag?post=286062"}],"curies":[{"name":"wp","href":"https:\/\/api.w.org\/{rel}","templated":true}]}}