{"id":286059,"date":"2024-06-03T23:46:09","date_gmt":"2024-06-03T21:46:09","guid":{"rendered":"https:\/\/www.huntersfriend.eu\/product\/osuma-sr-skenfaste-picatinny\/"},"modified":"2025-08-26T11:26:19","modified_gmt":"2025-08-26T09:26:19","slug":"osuma-sr-skenfaste-picatinny","status":"publish","type":"product","link":"https:\/\/www.huntersfriend.eu\/sv\/produkt\/osuma-sr-skenfaste-picatinny\/","title":{"rendered":"Osuma SR-skenf\u00e4ste, Picatinny"},"content":{"rendered":"<p><span class=\"jCAhz ChMk0b\"><span class=\"ryNqvb\">Osuma SR-skenf\u00e4stet \u00e4r tillverkat i Finland och l\u00e4mpar sig f\u00f6r att f\u00e4sta kikarsikten utrustade med en SR-skena p\u00e5 vapen med en Picatinny-skena.<\/span><\/span> <span class=\"jCAhz ChMk0b\"><span class=\"ryNqvb\">Skensiktet \u00e4r en alternativ monteringsmetod till det konventionella ramr\u00f6rs-\/ringf\u00e4stet.<\/span><\/span> <span class=\"jCAhz ChMk0b\"><span class=\"ryNqvb\">F\u00f6rdelarna med skenmonteringsmetoden inkluderar bland annat monteringshastigheten och det faktum att det monterade siktet automatiskt placeras direkt ovanp\u00e5 vapnet.<\/span><\/span> <span class=\"jCAhz ChMk0b\"><span class=\"ryNqvb\">SR-skenan finns i Swarovski- och Kahles-skensikten. <\/span><\/span><\/p>\n<p><span class=\"jCAhz\"><span class=\"ryNqvb\">Avsedd<\/span><\/span><span class=\"jCAhz ChMk0b\"><span class=\"ryNqvb\"> anv\u00e4ndning: SR-skensikten.<\/span><\/span> <\/p>\n<p><span class=\"jCAhz ChMk0b\"><span class=\"ryNqvb\">Vapenf\u00e4ste: Picatinny. <\/span><\/span><\/p>\n<p><span class=\"jCAhz ChMk0b\"><span class=\"ryNqvb\">Vikt: 59 gram. <\/span><\/span><\/p>\n<p><span class=\"jCAhz ChMk0b\"><span class=\"ryNqvb\">Material: aluminium\/st\u00e5l. <\/span><\/span><\/p>\n<p><span class=\"jCAhz ChMk0b\"><span class=\"ryNqvb\">Garanti: 24 m\u00e5nader.<\/span><\/span><\/p>\n","protected":false},"excerpt":{"rendered":"<p>Osuma SR-skenf\u00e4stet \u00e4r tillverkat i Finland och l\u00e4mpar sig f\u00f6r att f\u00e4sta kikarsikten utrustade med en SR-skena p\u00e5 vapen med en Picatinny-skena. Skensiktet \u00e4r en alternativ monteringsmetod till det konventionella ramr\u00f6rs-\/ringf\u00e4stet. F\u00f6rdelarna med skenmonteringsmetoden inkluderar bland annat monteringshastigheten och det faktum att det monterade siktet automatiskt placeras direkt ovanp\u00e5 vapnet. SR-skenan finns i Swarovski- och [&#8230;]\n","protected":false},"featured_media":272779,"comment_status":"open","ping_status":"closed","template":"","meta":[],"product_brand":[],"product_cat":[2619],"product_tag":[],"class_list":{"0":"post-286059","1":"product","2":"type-product","3":"status-publish","4":"has-post-thumbnail","6":"product_cat-kikarsiktesringar-och-fasten","8":"first","9":"outofstock","10":"taxable","11":"shipping-taxable","12":"purchasable","13":"product-type-simple"},"composite_virtual":false,"composite_layout":"","composite_add_to_cart_form_location":"","composite_editable_in_cart":false,"composite_sold_individually_context":"","composite_shop_price_calc":"","composite_components":[],"composite_scenarios":[],"group_of_quantity":0,"min_quantity":0,"max_quantity":"","exclude_order_quantity_value_rules":"no","exclude_category_quantity_rules":"no","combine_variations":"no","exclude_global_add_ons":[],"addons":[],"_links":{"self":[{"href":"https:\/\/www.huntersfriend.eu\/sv\/wp-json\/wp\/v2\/product\/286059","targetHints":{"allow":["GET"]}}],"collection":[{"href":"https:\/\/www.huntersfriend.eu\/sv\/wp-json\/wp\/v2\/product"}],"about":[{"href":"https:\/\/www.huntersfriend.eu\/sv\/wp-json\/wp\/v2\/types\/product"}],"replies":[{"embeddable":true,"href":"https:\/\/www.huntersfriend.eu\/sv\/wp-json\/wp\/v2\/comments?post=286059"}],"wp:featuredmedia":[{"embeddable":true,"href":"https:\/\/www.huntersfriend.eu\/sv\/wp-json\/wp\/v2\/media\/272779"}],"wp:attachment":[{"href":"https:\/\/www.huntersfriend.eu\/sv\/wp-json\/wp\/v2\/media?parent=286059"}],"wp:term":[{"taxonomy":"product_brand","embeddable":true,"href":"https:\/\/www.huntersfriend.eu\/sv\/wp-json\/wp\/v2\/product_brand?post=286059"},{"taxonomy":"product_cat","embeddable":true,"href":"https:\/\/www.huntersfriend.eu\/sv\/wp-json\/wp\/v2\/product_cat?post=286059"},{"taxonomy":"product_tag","embeddable":true,"href":"https:\/\/www.huntersfriend.eu\/sv\/wp-json\/wp\/v2\/product_tag?post=286059"}],"curies":[{"name":"wp","href":"https:\/\/api.w.org\/{rel}","templated":true}]}}