{"id":286058,"date":"2024-05-31T07:53:13","date_gmt":"2024-05-31T05:53:13","guid":{"rendered":"https:\/\/www.huntersfriend.eu\/product\/faltlogik-hurricane-vaska-mal\/"},"modified":"2026-03-18T22:00:54","modified_gmt":"2026-03-18T20:00:54","slug":"faltlogik-hurricane-vaska-mal","status":"publish","type":"product","link":"https:\/\/www.huntersfriend.eu\/sv\/produkt\/faltlogik-hurricane-vaska-mal\/","title":{"rendered":"F\u00e4ltlogik Hurricane-v\u00e4ska M\u00e5l"},"content":{"rendered":"<p>Hurricane-m\u00e5l har tydliga siktpunkter som \u00e4r l\u00e4tta att se mot den kontrasterande bakgrunden, \u00e4ven p\u00e5 l\u00e4ngre avst\u00e5nd. \u00d6va inf\u00f6r jakten med hjortvitalerna p\u00e5 baksidan av Hurricane Bag Targets. F\u00f6r l\u00e4ngre livsl\u00e4ngd \u00e4r vitalerna placerade utanf\u00f6r mitten s\u00e5 att de inte linjerar med siktpunkterna p\u00e5 m\u00e5lets framsida. Hurricanes egenutvecklade design ger dig enast\u00e5ende m\u00e5lprestanda. Ett remhandtag g\u00f6r Hurricane l\u00e4tt att b\u00e4ra.    <\/p>\n<ul>\n<li>Siktpunkter med h\u00f6g synlighet<\/li>\n<li>Hjortvitaler utanf\u00f6r mitten<\/li>\n<li>Tri-core-teknik<\/li>\n<li>Kraftigt handtag<\/li>\n<li>Stoppar upp till 425 FPS med pilar av standarddiameter<\/li>\n<\/ul>\n<p><strong>Hurricane H-20<\/strong><br \/>\nStorlek: 20W\u201dx10D\u201dx20H\u201d<\/p>\n<p><strong>Hurricane H-28<br \/>\n<\/strong>Storlek: 28W\u201dx12D\u201dx28H\u201d<\/p>\n<p>Vi rekommenderar att du endast anv\u00e4nder m\u00e5lspetsar f\u00f6r att f\u00f6rhindra att v\u00e4skan slits ut f\u00f6r snabbt. Den h\u00e4r v\u00e4skan b\u00f6r inte anv\u00e4ndas med armborst. <\/p>\n<p><strong>Observera: Onlinebest\u00e4llningar \u00e4r begr\u00e4nsade till en l\u00e5da per best\u00e4llning. F\u00f6r st\u00f6rre m\u00e4ngder, v\u00e4nligen kontakta kundtj\u00e4nst direkt f\u00f6r att se om leveranskostnader <\/strong><\/p>\n","protected":false},"excerpt":{"rendered":"<p>Hurricane-m\u00e5l har tydliga siktpunkter som \u00e4r l\u00e4tta att se mot den kontrasterande bakgrunden, \u00e4ven p\u00e5 l\u00e4ngre avst\u00e5nd. \u00d6va inf\u00f6r jakten med hjortvitalerna p\u00e5 baksidan av Hurricane Bag Targets. F\u00f6r l\u00e4ngre livsl\u00e4ngd \u00e4r vitalerna placerade utanf\u00f6r mitten s\u00e5 att de inte linjerar med siktpunkterna p\u00e5 m\u00e5lets framsida. Hurricanes egenutvecklade design ger dig enast\u00e5ende m\u00e5lprestanda. Ett remhandtag [&#8230;]\n","protected":false},"featured_media":221652,"comment_status":"open","ping_status":"closed","template":"","meta":[],"product_brand":[],"product_cat":[2765,2791],"product_tag":[],"class_list":{"0":"post-286058","1":"product","2":"type-product","3":"status-publish","4":"has-post-thumbnail","6":"product_cat-fyndlada-slutrea","7":"product_cat-vaskmal","8":"product_shipping_class-big-sv","10":"first","11":"instock","12":"sale","13":"taxable","14":"shipping-taxable","15":"purchasable","16":"product-type-variable"},"composite_virtual":false,"composite_layout":"","composite_add_to_cart_form_location":"","composite_editable_in_cart":false,"composite_sold_individually_context":"","composite_shop_price_calc":"","composite_components":[],"composite_scenarios":[],"group_of_quantity":0,"min_quantity":0,"max_quantity":"","exclude_order_quantity_value_rules":"no","exclude_category_quantity_rules":"no","combine_variations":"no","exclude_global_add_ons":[],"addons":[],"_links":{"self":[{"href":"https:\/\/www.huntersfriend.eu\/sv\/wp-json\/wp\/v2\/product\/286058","targetHints":{"allow":["GET"]}}],"collection":[{"href":"https:\/\/www.huntersfriend.eu\/sv\/wp-json\/wp\/v2\/product"}],"about":[{"href":"https:\/\/www.huntersfriend.eu\/sv\/wp-json\/wp\/v2\/types\/product"}],"replies":[{"embeddable":true,"href":"https:\/\/www.huntersfriend.eu\/sv\/wp-json\/wp\/v2\/comments?post=286058"}],"wp:featuredmedia":[{"embeddable":true,"href":"https:\/\/www.huntersfriend.eu\/sv\/wp-json\/wp\/v2\/media\/221652"}],"wp:attachment":[{"href":"https:\/\/www.huntersfriend.eu\/sv\/wp-json\/wp\/v2\/media?parent=286058"}],"wp:term":[{"taxonomy":"product_brand","embeddable":true,"href":"https:\/\/www.huntersfriend.eu\/sv\/wp-json\/wp\/v2\/product_brand?post=286058"},{"taxonomy":"product_cat","embeddable":true,"href":"https:\/\/www.huntersfriend.eu\/sv\/wp-json\/wp\/v2\/product_cat?post=286058"},{"taxonomy":"product_tag","embeddable":true,"href":"https:\/\/www.huntersfriend.eu\/sv\/wp-json\/wp\/v2\/product_tag?post=286058"}],"curies":[{"name":"wp","href":"https:\/\/api.w.org\/{rel}","templated":true}]}}