{"id":286056,"date":"2024-06-03T23:46:09","date_gmt":"2024-06-03T21:46:09","guid":{"rendered":"https:\/\/www.huntersfriend.eu\/product\/osuma-ringfaste-picatinny\/"},"modified":"2025-08-26T11:26:18","modified_gmt":"2025-08-26T09:26:18","slug":"osuma-ringfaste-picatinny","status":"publish","type":"product","link":"https:\/\/www.huntersfriend.eu\/sv\/produkt\/osuma-ringfaste-picatinny\/","title":{"rendered":"Osuma ringf\u00e4ste, picatinny"},"content":{"rendered":"<p><span class=\"jCAhz ChMk0b\"><span class=\"ryNqvb\">Tillverkat i Finland Osuma ringf\u00e4ste f\u00f6r kikarsikte f\u00f6r Picatinny.<\/span><\/span> <span class=\"jCAhz ChMk0b\"><span class=\"ryNqvb\">Produkten inneh\u00e5ller tv\u00e5 st\u00e4ll som passar f\u00f6r Picatinny-skenor och ringar, vilket g\u00f6r att du kan montera ett kikarsikte utrustat med ett 30 mm ramr\u00f6r p\u00e5 ditt gev\u00e4r. <\/span><\/span><span class=\"jCAhz ChMk0b\"><span class=\"ryNqvb\">Installationen \u00e4r enkel och kan g\u00f6ras enkelt sj\u00e4lv.<\/span><\/span><\/p>\n<p><span class=\"jCAhz ChMk0b\"><span class=\"ryNqvb\">Paketet inneh\u00e5ller de n\u00f6dv\u00e4ndiga skruvarna f\u00f6r installation. <\/span><\/span><\/p>\n<p><span class=\"jCAhz ChMk0b\"><span class=\"ryNqvb\">I korthet <\/span><\/span><\/p>\n<p><span class=\"jCAhz ChMk0b\"><span class=\"ryNqvb\">Montering: picatinny. <\/span><\/span><\/p>\n<p><span class=\"jCAhz ChMk0b\"><span class=\"ryNqvb\">R\u00f6rdiameter: 30 mm. <\/span><\/span><\/p>\n<p><span class=\"jCAhz ChMk0b\"><span class=\"ryNqvb\">H\u00f6jd: mediumh\u00f6jd. <\/span><\/span><\/p>\n<p><span class=\"jCAhz ChMk0b\"><span class=\"ryNqvb\">Material: Aluminium\/st\u00e5l. <\/span><\/span><\/p>\n<p><span class=\"jCAhz ChMk0b\"><span class=\"ryNqvb\">Garanti: 24 m\u00e5nader.<\/span><\/span><\/p>\n","protected":false},"excerpt":{"rendered":"<p>Tillverkat i Finland Osuma ringf\u00e4ste f\u00f6r kikarsikte f\u00f6r Picatinny. Produkten inneh\u00e5ller tv\u00e5 st\u00e4ll som passar f\u00f6r Picatinny-skenor och ringar, vilket g\u00f6r att du kan montera ett kikarsikte utrustat med ett 30 mm ramr\u00f6r p\u00e5 ditt gev\u00e4r. Installationen \u00e4r enkel och kan g\u00f6ras enkelt sj\u00e4lv. Paketet inneh\u00e5ller de n\u00f6dv\u00e4ndiga skruvarna f\u00f6r installation. I korthet Montering: picatinny. [&#8230;]\n","protected":false},"featured_media":272784,"comment_status":"open","ping_status":"closed","template":"","meta":[],"product_brand":[],"product_cat":[2619],"product_tag":[],"class_list":{"0":"post-286056","1":"product","2":"type-product","3":"status-publish","4":"has-post-thumbnail","6":"product_cat-kikarsiktesringar-och-fasten","8":"first","9":"outofstock","10":"taxable","11":"shipping-taxable","12":"purchasable","13":"product-type-simple"},"composite_virtual":false,"composite_layout":"","composite_add_to_cart_form_location":"","composite_editable_in_cart":false,"composite_sold_individually_context":"","composite_shop_price_calc":"","composite_components":[],"composite_scenarios":[],"group_of_quantity":0,"min_quantity":0,"max_quantity":"","exclude_order_quantity_value_rules":"no","exclude_category_quantity_rules":"no","combine_variations":"no","exclude_global_add_ons":[],"addons":[],"_links":{"self":[{"href":"https:\/\/www.huntersfriend.eu\/sv\/wp-json\/wp\/v2\/product\/286056","targetHints":{"allow":["GET"]}}],"collection":[{"href":"https:\/\/www.huntersfriend.eu\/sv\/wp-json\/wp\/v2\/product"}],"about":[{"href":"https:\/\/www.huntersfriend.eu\/sv\/wp-json\/wp\/v2\/types\/product"}],"replies":[{"embeddable":true,"href":"https:\/\/www.huntersfriend.eu\/sv\/wp-json\/wp\/v2\/comments?post=286056"}],"wp:featuredmedia":[{"embeddable":true,"href":"https:\/\/www.huntersfriend.eu\/sv\/wp-json\/wp\/v2\/media\/272784"}],"wp:attachment":[{"href":"https:\/\/www.huntersfriend.eu\/sv\/wp-json\/wp\/v2\/media?parent=286056"}],"wp:term":[{"taxonomy":"product_brand","embeddable":true,"href":"https:\/\/www.huntersfriend.eu\/sv\/wp-json\/wp\/v2\/product_brand?post=286056"},{"taxonomy":"product_cat","embeddable":true,"href":"https:\/\/www.huntersfriend.eu\/sv\/wp-json\/wp\/v2\/product_cat?post=286056"},{"taxonomy":"product_tag","embeddable":true,"href":"https:\/\/www.huntersfriend.eu\/sv\/wp-json\/wp\/v2\/product_tag?post=286056"}],"curies":[{"name":"wp","href":"https:\/\/api.w.org\/{rel}","templated":true}]}}