{"id":286055,"date":"2024-05-30T12:25:25","date_gmt":"2024-05-30T10:25:25","guid":{"rendered":"https:\/\/www.huntersfriend.eu\/product\/alps-outdoorz-trail-blazer\/"},"modified":"2026-02-25T10:37:04","modified_gmt":"2026-02-25T08:37:04","slug":"alps-outdoorz-trail-blazer","status":"publish","type":"product","link":"https:\/\/www.huntersfriend.eu\/sv\/produkt\/alps-outdoorz-trail-blazer\/","title":{"rendered":"Alps outdoorz Trail Blazer"},"content":{"rendered":"<p>N\u00e4r det \u00e4r dags att packa v\u00e4skan och bege sig ut i naturen, se till att ta med Trail Blazer p\u00e5 dina \u00e4ventyr. Den rymmer 2500 kubiktum och \u00e4r fullpackad med funktioner \u2013 inklusive en expanderbar ficka som s\u00e4kert kan h\u00e5lla din compoundb\u00e5ge eller ditt gev\u00e4r, en v\u00e4tskeficka och -port samt flera fickor. Den stora huvudfickan \u00e4r perfekt f\u00f6r st\u00f6rre f\u00f6rem\u00e5l och de nedre sidofickorna i mesh kan h\u00e5lla vattenflaskor eller stativ. Om du fortfarande beh\u00f6ver mer plats f\u00f6r din utrustning har Trail Blazer \u00e4ven ett fr\u00e4mre surrningssystem. Ryggs\u00e4cken har ocks\u00e5 ett orangef\u00e4rgat regnskydd i det nedre facket med dragkedja. Det attraktiva Realtree Edge-tyget h\u00e5ller dig dold n\u00e4r du vandrar fr\u00e5n f\u00e4ltet till passet eller n\u00e4r du \u00e4r ute och spanar.     <\/p>\n<p>\u2022 Expanderbar ficka f\u00f6r att b\u00e4ra ditt gev\u00e4r eller din b\u00e5ge s\u00e4kert<\/p>\n<p>\u2022 PE-ramblad ger extra st\u00f6d<\/p>\n<p>\u2022 Stor huvudficka<\/p>\n<p>\u2022 Framficka med dragkedja och nedre sidofickor i mesh<\/p>\n<p>\u2022 Regnskyddet f\u00f6rvaras prydligt i en ficka med dragkedja p\u00e5 ryggs\u00e4ckens botten tills det beh\u00f6vs<\/p>\n<p>\u2022 Kompatibel med v\u00e4tskesystem<\/p>\n<p>\u2022 Bartacked-v\u00e4v ger flera f\u00e4stpunkter<\/p>\n<p>\u2022 Fr\u00e4mre surrningssystem<\/p>\n<table border=\"3\">\n<tbody>\n<tr align=\"CENTER\">\n<td><b>Kapacitet<\/b><\/td>\n<td>41L \/ 2500 in\u00b3<\/td>\n<\/tr>\n<tr align=\"CENTER\">\n<td><b>Huvudfackets m\u00e5tt<\/b><\/td>\n<td>19.5&#8243; H x 11.5&#8243; W x 6.25&#8243; D<\/td>\n<\/tr>\n<tr align=\"CENTER\">\n<td><b>Vikt<\/b><\/td>\n<td>3 lbs.<\/td>\n<\/tr>\n<\/tbody>\n<\/table>\n","protected":false},"excerpt":{"rendered":"<p>Realtree edge eller mossy oak country DNA<\/p>\n","protected":false},"featured_media":269109,"comment_status":"open","ping_status":"closed","template":"","meta":[],"product_brand":[],"product_cat":[2565],"product_tag":[],"class_list":{"0":"post-286055","1":"product","2":"type-product","3":"status-publish","4":"has-post-thumbnail","6":"product_cat-jaktryggsackar","8":"first","9":"instock","10":"taxable","11":"shipping-taxable","12":"purchasable","13":"product-type-variable"},"composite_virtual":false,"composite_layout":"","composite_add_to_cart_form_location":"","composite_editable_in_cart":false,"composite_sold_individually_context":"","composite_shop_price_calc":"","composite_components":[],"composite_scenarios":[],"group_of_quantity":0,"min_quantity":0,"max_quantity":"","exclude_order_quantity_value_rules":"no","exclude_category_quantity_rules":"no","combine_variations":"no","exclude_global_add_ons":[],"addons":[],"_links":{"self":[{"href":"https:\/\/www.huntersfriend.eu\/sv\/wp-json\/wp\/v2\/product\/286055","targetHints":{"allow":["GET"]}}],"collection":[{"href":"https:\/\/www.huntersfriend.eu\/sv\/wp-json\/wp\/v2\/product"}],"about":[{"href":"https:\/\/www.huntersfriend.eu\/sv\/wp-json\/wp\/v2\/types\/product"}],"replies":[{"embeddable":true,"href":"https:\/\/www.huntersfriend.eu\/sv\/wp-json\/wp\/v2\/comments?post=286055"}],"wp:featuredmedia":[{"embeddable":true,"href":"https:\/\/www.huntersfriend.eu\/sv\/wp-json\/wp\/v2\/media\/269109"}],"wp:attachment":[{"href":"https:\/\/www.huntersfriend.eu\/sv\/wp-json\/wp\/v2\/media?parent=286055"}],"wp:term":[{"taxonomy":"product_brand","embeddable":true,"href":"https:\/\/www.huntersfriend.eu\/sv\/wp-json\/wp\/v2\/product_brand?post=286055"},{"taxonomy":"product_cat","embeddable":true,"href":"https:\/\/www.huntersfriend.eu\/sv\/wp-json\/wp\/v2\/product_cat?post=286055"},{"taxonomy":"product_tag","embeddable":true,"href":"https:\/\/www.huntersfriend.eu\/sv\/wp-json\/wp\/v2\/product_tag?post=286055"}],"curies":[{"name":"wp","href":"https:\/\/api.w.org\/{rel}","templated":true}]}}