{"id":286054,"date":"2024-06-03T23:46:09","date_gmt":"2024-06-03T21:46:09","guid":{"rendered":"https:\/\/www.huntersfriend.eu\/product\/osuma-picatinny-skena-cz-457\/"},"modified":"2025-08-26T11:26:17","modified_gmt":"2025-08-26T09:26:17","slug":"osuma-picatinny-skena-cz-457","status":"publish","type":"product","link":"https:\/\/www.huntersfriend.eu\/sv\/produkt\/osuma-picatinny-skena-cz-457\/","title":{"rendered":"Osuma picatinny-skena, CZ 457"},"content":{"rendered":"<p class=\"\" data-start=\"0\" data-end=\"76\"><strong data-start=\"0\" data-end=\"41\">Osuma picatinny-skena f\u00f6r CZ 457-gev\u00e4r<\/strong> \u2013 h\u00f6g kvalitet och enkel att installera<\/p>\n<p class=\"\" data-start=\"78\" data-end=\"391\">Den <strong data-start=\"82\" data-end=\"106\">Osuma Picatinny-skenan<\/strong>, tillverkad i Finland, \u00e4r speciellt utformad f\u00f6r <strong data-start=\"158\" data-end=\"168\">CZ 457<\/strong>-gev\u00e4ret. Denna skena ger en exakt och h\u00e5llbar monteringsl\u00f6sning, och den \u00e4r enkel att installera sj\u00e4lv. Installationen \u00e4r snabb: reng\u00f6r helt enkelt ovansidan av gev\u00e4rets l\u00e5da, skjut skenan p\u00e5 plats och dra \u00e5t skruvarna.  <\/p>\n<p class=\"\" data-start=\"393\" data-end=\"406\"><strong data-start=\"393\" data-end=\"406\">I korthet:<\/strong><\/p>\n<ul data-start=\"407\" data-end=\"570\">\n<li class=\"\" data-start=\"407\" data-end=\"440\">\n<p class=\"\" data-start=\"409\" data-end=\"440\"><strong data-start=\"409\" data-end=\"427\">Kompatibilitet:<\/strong> CZ 457-gev\u00e4r<\/p>\n<\/li>\n<li class=\"\" data-start=\"441\" data-end=\"470\">\n<p class=\"\" data-start=\"443\" data-end=\"470\"><strong data-start=\"443\" data-end=\"455\">Funktion:<\/strong> Picatinny-skena<\/p>\n<\/li>\n<li class=\"\" data-start=\"471\" data-end=\"504\">\n<p class=\"\" data-start=\"473\" data-end=\"504\"><strong data-start=\"473\" data-end=\"486\">Material:<\/strong> Anodiserad aluminium<\/p>\n<\/li>\n<li class=\"\" data-start=\"505\" data-end=\"523\">\n<p class=\"\" data-start=\"507\" data-end=\"523\"><strong data-start=\"507\" data-end=\"517\">F\u00e4rg:<\/strong> svart<\/p>\n<\/li>\n<li class=\"\" data-start=\"524\" data-end=\"570\">\n<p class=\"\" data-start=\"526\" data-end=\"570\"><strong data-start=\"526\" data-end=\"547\">Paketet inneh\u00e5ller:<\/strong> Skena och monteringsskruvar<\/p>\n<\/li>\n<\/ul>\n<p class=\"\" data-start=\"572\" data-end=\"684\">Den h\u00e4r skenan erbjuder en p\u00e5litlig och stabil plattform f\u00f6r optik eller andra tillbeh\u00f6r som du vill montera p\u00e5 ditt gev\u00e4r.<\/p>\n","protected":false},"excerpt":{"rendered":"<p>Osuma picatinny-skena f\u00f6r CZ 457-gev\u00e4r \u2013 h\u00f6g kvalitet och enkel att installera Den Osuma Picatinny-skenan, tillverkad i Finland, \u00e4r speciellt utformad f\u00f6r CZ 457-gev\u00e4ret. Denna skena ger en exakt och h\u00e5llbar monteringsl\u00f6sning, och den \u00e4r enkel att installera sj\u00e4lv. Installationen \u00e4r snabb: reng\u00f6r helt enkelt ovansidan av gev\u00e4rets l\u00e5da, skjut skenan p\u00e5 plats och dra [&#8230;]\n","protected":false},"featured_media":277556,"comment_status":"open","ping_status":"closed","template":"","meta":[],"product_brand":[],"product_cat":[2619],"product_tag":[],"class_list":{"0":"post-286054","1":"product","2":"type-product","3":"status-publish","4":"has-post-thumbnail","6":"product_cat-kikarsiktesringar-och-fasten","8":"first","9":"instock","10":"taxable","11":"shipping-taxable","12":"purchasable","13":"product-type-simple"},"composite_virtual":false,"composite_layout":"","composite_add_to_cart_form_location":"","composite_editable_in_cart":false,"composite_sold_individually_context":"","composite_shop_price_calc":"","composite_components":[],"composite_scenarios":[],"group_of_quantity":0,"min_quantity":0,"max_quantity":"","exclude_order_quantity_value_rules":"no","exclude_category_quantity_rules":"no","combine_variations":"no","exclude_global_add_ons":[],"addons":[],"_links":{"self":[{"href":"https:\/\/www.huntersfriend.eu\/sv\/wp-json\/wp\/v2\/product\/286054","targetHints":{"allow":["GET"]}}],"collection":[{"href":"https:\/\/www.huntersfriend.eu\/sv\/wp-json\/wp\/v2\/product"}],"about":[{"href":"https:\/\/www.huntersfriend.eu\/sv\/wp-json\/wp\/v2\/types\/product"}],"replies":[{"embeddable":true,"href":"https:\/\/www.huntersfriend.eu\/sv\/wp-json\/wp\/v2\/comments?post=286054"}],"wp:featuredmedia":[{"embeddable":true,"href":"https:\/\/www.huntersfriend.eu\/sv\/wp-json\/wp\/v2\/media\/277556"}],"wp:attachment":[{"href":"https:\/\/www.huntersfriend.eu\/sv\/wp-json\/wp\/v2\/media?parent=286054"}],"wp:term":[{"taxonomy":"product_brand","embeddable":true,"href":"https:\/\/www.huntersfriend.eu\/sv\/wp-json\/wp\/v2\/product_brand?post=286054"},{"taxonomy":"product_cat","embeddable":true,"href":"https:\/\/www.huntersfriend.eu\/sv\/wp-json\/wp\/v2\/product_cat?post=286054"},{"taxonomy":"product_tag","embeddable":true,"href":"https:\/\/www.huntersfriend.eu\/sv\/wp-json\/wp\/v2\/product_tag?post=286054"}],"curies":[{"name":"wp","href":"https:\/\/api.w.org\/{rel}","templated":true}]}}