{"id":286051,"date":"2024-05-30T11:50:39","date_gmt":"2024-05-30T09:50:39","guid":{"rendered":"https:\/\/www.huntersfriend.eu\/product\/alps-outdoorz-hybrid-x-ryggsack\/"},"modified":"2025-08-26T11:26:16","modified_gmt":"2025-08-26T09:26:16","slug":"alps-outdoorz-hybrid-x-ryggsack","status":"publish","type":"product","link":"https:\/\/www.huntersfriend.eu\/sv\/produkt\/alps-outdoorz-hybrid-x-ryggsack\/","title":{"rendered":"Alps outdoorz hybrid x-ryggs\u00e4ck"},"content":{"rendered":"<p>Oavsett om du bara beh\u00f6ver en surrningsram eller en kombination av ryggs\u00e4ck\/ram, passar den unikt designade Hybrid X. Den mycket m\u00e5ngsidiga Hybrid X \u00e4r en v\u00e4sterl\u00e4ndskt inspirerad ryggs\u00e4ck som erbjuder alla bekv\u00e4mligheter hos en dagsryggs\u00e4ck samtidigt som den ger funktionen av en k\u00f6ttransporterare. Denna kombination av en intern ram k\u00f6ttransporterare med en avtagbar 2 750 kubiktums topplastryggs\u00e4ck ger m\u00f6jlighet att b\u00e4ra v\u00e4sentligheter f\u00f6r jakten och transportera ut k\u00f6tt n\u00e4r uppgiften \u00e4r slutf\u00f6rd. Ryggs\u00e4cken f\u00e4sts enkelt p\u00e5 ramen med hj\u00e4lp av ett antal kompressionsremmar, eller s\u00e5 kan ryggs\u00e4cken tas bort fr\u00e5n den dubbla aluminiumramen f\u00f6r b\u00e4ttre interna ram k\u00f6ttransporteringsm\u00f6jligheter. Ramen har ocks\u00e5 en hylla och komprimerade fickor i vingstil f\u00f6r att rymma sm\u00e5 eller stora transporter. Konstruerad med kraftiga tyger med Hypalon-f\u00f6rst\u00e4rkning, erbjuder Hybrid X o\u00f6vertr\u00e4ffad styrka och h\u00e5llbarhet i f\u00e4lt. Ett gjutet skumupph\u00e4ngningssystem och Lycra-axelremmar ger komfort och stabilitet p\u00e5 vandringar \u00f6ver den mest of\u00f6rl\u00e5tliga terr\u00e4ngen. Ryggs\u00e4cken har en nedf\u00e4llbar vapenficka, perfekt f\u00f6r handsfree-b\u00e4rning av ditt skjutvapen eller din pilb\u00e5ge, medan midjeb\u00e4ltet ger ytterligare fickor och rymmer ett h\u00f6lster i clip-stil. Den fr\u00e4mre fickan g\u00e5r direkt in i huvudfacket, vilket ger enkel \u00e5tkomst till utrustning och v\u00e4sentligheter. En v\u00e4tskeficka och port ing\u00e5r i designen, liksom ett regnskydd f\u00f6r n\u00e4r v\u00e4dret \u00e4r mindre \u00e4n gynnsamt. Oavsett om du \u00e4r ute p\u00e5 en snabb vandring eller hela dagen, kommer Hybrid X att ge alla funktioner du beh\u00f6ver f\u00f6r en lyckad jakt.          <\/p>\n<p>\u2022 Gjuten skumupph\u00e4ngning<\/p>\n<p>\u2022 Lycra\u00ae-fodrade axelremmar f\u00f6r \u00f6kad komfort med lastlyftare<\/p>\n<p>\u2022 Kraftiga tyger anv\u00e4nds genomg\u00e5ende<\/p>\n<p>\u2022 Hypalon anv\u00e4nds vid stresspunkter<\/p>\n<p>\u2022 Ryggs\u00e4cken f\u00e4sts p\u00e5 ramen med en serie kompressionsremmar<\/p>\n<p>\u2022 Dubbla aluminiumstag med kanaliserad ABS-ram med h\u00f6g densitet<\/p>\n<p>\u2022 Ramen har en hylla och komprimerade fickor i vingstil som g\u00f6r att du kan transportera sm\u00e5 eller stora laster<\/p>\n<p>\u2022 Nedf\u00e4llbar ficka f\u00f6r gev\u00e4r och pilb\u00e5ge<\/p>\n<p>\u2022 Midjeb\u00e4ltet \u00e4r helt avtagbart, inkluderar fickor, anti-svajremmar och rymmer h\u00f6lster i clip-stil<\/p>\n<p>\u2022 Topplastande ryggs\u00e4ck<\/p>\n<p>\u2022 Fr\u00e4mre fickan ger direkt \u00e5tkomst till huvudfacket<\/p>\n<p>\u2022 V\u00e4tskekompatibel med tv\u00e5 portar<\/p>\n<p>\u2022 Regnskyddet f\u00f6rvaras prydligt i en ficka med dragkedja p\u00e5 ryggs\u00e4ckens botten tills det beh\u00f6vs<\/p>\n<table border=\"3\">\n<tbody>\n<tr align=\"CENTER\">\n<td><b>Kapacitet<\/b><\/td>\n<td>45L \/ 2750 in\u00b3<\/td>\n<\/tr>\n<tr align=\"CENTER\">\n<td><b>Huvudfackets m\u00e5tt<\/b><\/td>\n<td>19&#8243; H x 11.5&#8243; W x 7.5&#8243; D<\/td>\n<\/tr>\n<tr align=\"CENTER\">\n<td><b>Midjeb\u00e4ltets r\u00e4ckvidd<\/b><\/td>\n<td>31 &#8211; 54&#8243;<\/td>\n<\/tr>\n<tr align=\"CENTER\">\n<td><b>Ryggs\u00e4ckens vikt<\/b><\/td>\n<td>2 lbs.<\/td>\n<\/tr>\n<tr align=\"CENTER\">\n<td><b>Ramvikt<\/b><\/td>\n<td>4 lbs. 12 oz. <\/td>\n<\/tr>\n<tr align=\"CENTER\">\n<td><b>Total vikt<\/b><\/td>\n<td>6 lbs. 12 oz. <\/td>\n<\/tr>\n<\/tbody>\n<\/table>\n","protected":false},"excerpt":{"rendered":"<p>Realtree excape eller coyote Brown<\/p>\n","protected":false},"featured_media":269060,"comment_status":"open","ping_status":"closed","template":"","meta":[],"product_brand":[],"product_cat":[2565],"product_tag":[],"class_list":{"0":"post-286051","1":"product","2":"type-product","3":"status-publish","4":"has-post-thumbnail","6":"product_cat-jaktryggsackar","7":"product_shipping_class-medium-sv","9":"first","10":"instock","11":"taxable","12":"shipping-taxable","13":"purchasable","14":"product-type-variable"},"composite_virtual":false,"composite_layout":"","composite_add_to_cart_form_location":"","composite_editable_in_cart":false,"composite_sold_individually_context":"","composite_shop_price_calc":"","composite_components":[],"composite_scenarios":[],"group_of_quantity":0,"min_quantity":0,"max_quantity":"","exclude_order_quantity_value_rules":"no","exclude_category_quantity_rules":"no","combine_variations":"no","exclude_global_add_ons":[],"addons":[],"_links":{"self":[{"href":"https:\/\/www.huntersfriend.eu\/sv\/wp-json\/wp\/v2\/product\/286051","targetHints":{"allow":["GET"]}}],"collection":[{"href":"https:\/\/www.huntersfriend.eu\/sv\/wp-json\/wp\/v2\/product"}],"about":[{"href":"https:\/\/www.huntersfriend.eu\/sv\/wp-json\/wp\/v2\/types\/product"}],"replies":[{"embeddable":true,"href":"https:\/\/www.huntersfriend.eu\/sv\/wp-json\/wp\/v2\/comments?post=286051"}],"wp:featuredmedia":[{"embeddable":true,"href":"https:\/\/www.huntersfriend.eu\/sv\/wp-json\/wp\/v2\/media\/269060"}],"wp:attachment":[{"href":"https:\/\/www.huntersfriend.eu\/sv\/wp-json\/wp\/v2\/media?parent=286051"}],"wp:term":[{"taxonomy":"product_brand","embeddable":true,"href":"https:\/\/www.huntersfriend.eu\/sv\/wp-json\/wp\/v2\/product_brand?post=286051"},{"taxonomy":"product_cat","embeddable":true,"href":"https:\/\/www.huntersfriend.eu\/sv\/wp-json\/wp\/v2\/product_cat?post=286051"},{"taxonomy":"product_tag","embeddable":true,"href":"https:\/\/www.huntersfriend.eu\/sv\/wp-json\/wp\/v2\/product_tag?post=286051"}],"curies":[{"name":"wp","href":"https:\/\/api.w.org\/{rel}","templated":true}]}}