{"id":286050,"date":"2024-06-03T23:46:07","date_gmt":"2024-06-03T21:46:07","guid":{"rendered":"https:\/\/www.huntersfriend.eu\/product\/osuma-kikarsiktesringar-picatinny-medium\/"},"modified":"2025-08-26T11:26:16","modified_gmt":"2025-08-26T09:26:16","slug":"osuma-kikarsiktesringar-picatinny-medium","status":"publish","type":"product","link":"https:\/\/www.huntersfriend.eu\/sv\/produkt\/osuma-kikarsiktesringar-picatinny-medium\/","title":{"rendered":"Osuma kikarsiktesringar, picatinny, Medium"},"content":{"rendered":"<p class=\"\" data-start=\"0\" data-end=\"64\"><strong data-start=\"0\" data-end=\"64\">Osuma benst\u00f6d kikarsiktesf\u00e4ste f\u00f6r picatinny-skena \u2013 Tillverkad i Finland<\/strong><\/p>\n<p class=\"\" data-start=\"66\" data-end=\"229\">Detta <strong data-start=\"71\" data-end=\"92\">Osuma benst\u00f6dsf\u00e4ste<\/strong> \u00e4r utformat f\u00f6r <strong data-start=\"109\" data-end=\"128\">Picatinny-skenor<\/strong> och levereras med tv\u00e5 f\u00e4sten och ringar, vilket g\u00f6r att du enkelt kan f\u00e4sta ett 30 mm tubkikarsikte p\u00e5 ditt gev\u00e4r.<\/p>\n<p class=\"\" data-start=\"231\" data-end=\"353\">Installationen \u00e4r enkel och kan enkelt g\u00f6ras sj\u00e4lv. Paketet inneh\u00e5ller alla n\u00f6dv\u00e4ndiga skruvar f\u00f6r installation. <\/p>\n<p class=\"\" data-start=\"355\" data-end=\"368\"><strong data-start=\"355\" data-end=\"368\">I korthet:<\/strong><\/p>\n<ul data-start=\"369\" data-end=\"577\">\n<li class=\"\" data-start=\"369\" data-end=\"399\">\n<p class=\"\" data-start=\"371\" data-end=\"399\"><strong data-start=\"371\" data-end=\"384\">Montering:<\/strong> Picatinny-skena<\/p>\n<\/li>\n<li class=\"\" data-start=\"400\" data-end=\"431\">\n<p class=\"\" data-start=\"402\" data-end=\"431\"><strong data-start=\"402\" data-end=\"426\">Kikarsiktets tubdiameter:<\/strong> 30 mm<\/p>\n<\/li>\n<li class=\"\" data-start=\"432\" data-end=\"459\">\n<p class=\"\" data-start=\"434\" data-end=\"459\"><strong data-start=\"434\" data-end=\"445\">H\u00f6jd:<\/strong> Mediumh\u00f6jd<\/p>\n<\/li>\n<li class=\"\" data-start=\"460\" data-end=\"490\">\n<p class=\"\" data-start=\"462\" data-end=\"490\"><strong data-start=\"462\" data-end=\"475\">Material:<\/strong> aluminium\/st\u00e5l<\/p>\n<\/li>\n<li class=\"\" data-start=\"491\" data-end=\"516\">\n<p class=\"\" data-start=\"493\" data-end=\"516\"><strong data-start=\"493\" data-end=\"506\">Garanti:<\/strong> 24 m\u00e5nader<\/p>\n<\/li>\n<li class=\"\" data-start=\"517\" data-end=\"577\">\n<p class=\"\" data-start=\"519\" data-end=\"577\"><strong data-start=\"519\" data-end=\"540\">Paketets inneh\u00e5ll:<\/strong> Tv\u00e5 f\u00e4sten, ringar och monteringsskruvar<\/p>\n<\/li>\n<\/ul>\n<p class=\"\" data-start=\"579\" data-end=\"709\">Detta m\u00e5ngsidiga f\u00e4ste ger en stabil plattform f\u00f6r ditt gev\u00e4rskikarsikte och \u00e4r idealiskt f\u00f6r dem som f\u00f6redrar Picatinny-monteringssystem.<\/p>\n","protected":false},"excerpt":{"rendered":"<p>Osuma benst\u00f6d kikarsiktesf\u00e4ste f\u00f6r picatinny-skena \u2013 Tillverkad i Finland Detta Osuma benst\u00f6dsf\u00e4ste \u00e4r utformat f\u00f6r Picatinny-skenor och levereras med tv\u00e5 f\u00e4sten och ringar, vilket g\u00f6r att du enkelt kan f\u00e4sta ett 30 mm tubkikarsikte p\u00e5 ditt gev\u00e4r. Installationen \u00e4r enkel och kan enkelt g\u00f6ras sj\u00e4lv. Paketet inneh\u00e5ller alla n\u00f6dv\u00e4ndiga skruvar f\u00f6r installation. I korthet: Montering: [&#8230;]\n","protected":false},"featured_media":277563,"comment_status":"open","ping_status":"closed","template":"","meta":[],"product_brand":[],"product_cat":[2619],"product_tag":[],"class_list":{"0":"post-286050","1":"product","2":"type-product","3":"status-publish","4":"has-post-thumbnail","6":"product_cat-kikarsiktesringar-och-fasten","8":"first","9":"outofstock","10":"taxable","11":"shipping-taxable","12":"purchasable","13":"product-type-simple"},"composite_virtual":false,"composite_layout":"","composite_add_to_cart_form_location":"","composite_editable_in_cart":false,"composite_sold_individually_context":"","composite_shop_price_calc":"","composite_components":[],"composite_scenarios":[],"group_of_quantity":0,"min_quantity":0,"max_quantity":"","exclude_order_quantity_value_rules":"no","exclude_category_quantity_rules":"no","combine_variations":"no","exclude_global_add_ons":[],"addons":[],"_links":{"self":[{"href":"https:\/\/www.huntersfriend.eu\/sv\/wp-json\/wp\/v2\/product\/286050","targetHints":{"allow":["GET"]}}],"collection":[{"href":"https:\/\/www.huntersfriend.eu\/sv\/wp-json\/wp\/v2\/product"}],"about":[{"href":"https:\/\/www.huntersfriend.eu\/sv\/wp-json\/wp\/v2\/types\/product"}],"replies":[{"embeddable":true,"href":"https:\/\/www.huntersfriend.eu\/sv\/wp-json\/wp\/v2\/comments?post=286050"}],"wp:featuredmedia":[{"embeddable":true,"href":"https:\/\/www.huntersfriend.eu\/sv\/wp-json\/wp\/v2\/media\/277563"}],"wp:attachment":[{"href":"https:\/\/www.huntersfriend.eu\/sv\/wp-json\/wp\/v2\/media?parent=286050"}],"wp:term":[{"taxonomy":"product_brand","embeddable":true,"href":"https:\/\/www.huntersfriend.eu\/sv\/wp-json\/wp\/v2\/product_brand?post=286050"},{"taxonomy":"product_cat","embeddable":true,"href":"https:\/\/www.huntersfriend.eu\/sv\/wp-json\/wp\/v2\/product_cat?post=286050"},{"taxonomy":"product_tag","embeddable":true,"href":"https:\/\/www.huntersfriend.eu\/sv\/wp-json\/wp\/v2\/product_tag?post=286050"}],"curies":[{"name":"wp","href":"https:\/\/api.w.org\/{rel}","templated":true}]}}