{"id":286047,"date":"2024-05-30T11:41:21","date_gmt":"2024-05-30T09:41:21","guid":{"rendered":"https:\/\/www.huntersfriend.eu\/product\/alps-outdoorz-ghost-tactical-pack\/"},"modified":"2025-08-26T11:26:14","modified_gmt":"2025-08-26T09:26:14","slug":"alps-outdoorz-ghost-tactical-pack","status":"publish","type":"product","link":"https:\/\/www.huntersfriend.eu\/sv\/produkt\/alps-outdoorz-ghost-tactical-pack\/","title":{"rendered":"Alps outdoorz ghost tactical pack"},"content":{"rendered":"<p><strong>GHOST 20<\/strong><br \/>\nGhost 20 \u00e4r en hybridryggs\u00e4ck som passar som ryggs\u00e4ck, portf\u00f6lj eller budv\u00e4ska. \u00c4ven om den \u00e4r byggd f\u00f6r att rymma en b\u00e4rbar dator, b\u00f6cker, dokument och andra v\u00e4sentligheter i vardagen, har Ghost 20 ett integrerat fack p\u00e5 baksidan som \u00e4r avsett att s\u00e4kra en pistol f\u00f6r EDC\/CCW-ut\u00f6vare. En dubbelsidig ficka med dragkedja p\u00e5 baksidan \u00e4r fodrad med ett material som fungerar med vanliga h\u00f6lster med kardborreband, vilket g\u00f6r att anv\u00e4ndaren s\u00e4kert kan f\u00f6rvara sin defensiva pistol diskret och inom r\u00e4ckh\u00e5ll. V\u00e4skans huvudfackspanel \u00e4r p\u00e5 liknande s\u00e4tt fodrad med kardborrematerial, vilket ger anv\u00e4ndarna en alternativ plats f\u00f6r att f\u00f6rvara en pistol i h\u00f6lster eller extra magasin.   <\/p>\n<p>Ghost 20 \u00e4r tillverkad av 500D nylon Cordura och har en PU-bel\u00e4ggning, vilket g\u00f6r den mycket vattenavvisande. Ytterligare funktioner inkluderar en organiserande frontpanel, ett stort huvudfack med en vadderad laptop-\/surfplatteficka som \u00e4r dimensionerad f\u00f6r att rymma upp till 16-tums b\u00e4rbara datorer, sidofickor f\u00f6r vattenflaskor och en genomg\u00e5ende \u00e4rm f\u00f6r att f\u00e4sta p\u00e5 rullande bagagehandtag. Ghost 20 m\u00e4ter 19H x 12,5W x 5,5D tum och har en kapacitet p\u00e5 1 220 kubiktum.  <\/p>\n<p><strong>GHOST 30<\/strong><br \/>\nGhost 30 \u00e4r byggd f\u00f6r att tillfredsst\u00e4lla b\u00e5de dagliga och arbetsrelaterade behov samt fritidsaktiviteter. Den \u00e4r ergonomiskt utformad f\u00f6r att b\u00e4ras bekv\u00e4mt och f\u00f6r att t\u00e5la h\u00e5rd anv\u00e4ndning tack vare sitt t\u00e5liga, l\u00e4tta CORDURA\u00ae-tyg. Vadderade axelremmar med en integrerad br\u00f6strem och en vadderad bakpanel ger optimal lastf\u00f6rdelning och en anpassad passform f\u00f6r bekv\u00e4m b\u00e4rning. Inkluderat \u00e4r flera inv\u00e4ndiga fickor och l\u00e4tt\u00e5tkomliga fickor f\u00f6r f\u00f6rvaring av upp till tv\u00e5 b\u00e4rbara datorer och andra v\u00e4sentligheter. K\u00e4rnan i Ghost 30 \u00e4r dess f\u00f6rm\u00e5ga att rymma personliga f\u00f6rsvarspistoler. Materialet inuti fickan \u00e4r fodrat med \u00f6gle-tyg, vilket g\u00f6r att h\u00f6lster med kardborreband kan f\u00e4stas inuti fickan f\u00f6r snabb vapeninsats. N\u00e4r du beh\u00f6ver b\u00e4ra en defensiv pistol, men b\u00e4rande p\u00e5 kroppen inte \u00e4r ett alternativ, \u00e4r Ghost 30 din vardagsl\u00f6sning.      <\/p>\n<p>\u2022 Perfekt resestorlek Everyday Carry (EDC)<\/p>\n<p>\u2022 Dubbelsidig dold b\u00e4rficka rymmer h\u00f6lster med kardborreband<\/p>\n<p>\u2022 500D Nylon CORDURA\u00ae \u00e4r PU-belagd och mycket vattenavvisande<\/p>\n<p>\u2022 Kan anv\u00e4ndas som ryggs\u00e4ck, portf\u00f6lj eller budv\u00e4ska<\/p>\n<p>\u2022 Bakpanelens genomg\u00e5ende \u00e4rm m\u00f6jligg\u00f6r fasts\u00e4ttning p\u00e5 rullande bagagehandtag<\/p>\n<p>\u2022 Vadderad laptop- och surfplatteficka passar 16&#8243; laptop<\/p>\n<p>\u2022 Huvudfacket har en panel fodrad med ett \u00f6gle-material f\u00f6r fasts\u00e4ttning av tillbeh\u00f6r<\/p>\n<p>\u2022 Organiserande frontpanel<\/p>\n<p>\u2022 Snabb\u00e5tkomlig fleecefodrad v\u00e4rdesaksficka<\/p>\n<p>\u2022 Sidoficka f\u00f6r vattenflaska<\/p>\n<table border=\"3\">\n<tbody>\n<tr align=\"CENTER\">\n<td><b>Kapacitet<\/b><\/td>\n<td>20L \/ 1220 in\u00b3<\/td>\n<\/tr>\n<tr align=\"CENTER\">\n<td><b>Huvudfackets m\u00e5tt<\/b><\/td>\n<td>19&#8243; H x 12.5&#8243; W x 5.5&#8243; D<\/td>\n<\/tr>\n<tr align=\"CENTER\">\n<td><b>Vikt<\/b><\/td>\n<td>2 lbs. 10 oz. <\/td>\n<\/tr>\n<\/tbody>\n<\/table>\n<table border=\"3\">\n<tbody>\n<tr align=\"CENTER\">\n<td><b>Kapacitet<\/b><\/td>\n<td>30L \/ 1809 in\u00b3<\/td>\n<\/tr>\n<tr align=\"CENTER\">\n<td><b>Totala m\u00e5tt<\/b><\/td>\n<td>23.5&#8243; H x 11&#8243; W x 7&#8243; D<\/td>\n<\/tr>\n<tr align=\"CENTER\">\n<td><b>Huvudfackets m\u00e5tt<\/b><\/td>\n<td>21.5&#8243; H x 11&#8243; W x 7&#8243; D<\/td>\n<\/tr>\n<tr align=\"CENTER\">\n<td><b>Vikt<\/b><\/td>\n<td>3 lbs. 1 oz. <\/td>\n<\/tr>\n<\/tbody>\n<\/table>\n<p>&nbsp;<\/p>\n","protected":false},"excerpt":{"rendered":"<p>GHOST 20 Ghost 20 \u00e4r en hybridryggs\u00e4ck som passar som ryggs\u00e4ck, portf\u00f6lj eller budv\u00e4ska. \u00c4ven om den \u00e4r byggd f\u00f6r att rymma en b\u00e4rbar dator, b\u00f6cker, dokument och andra v\u00e4sentligheter i vardagen, har Ghost 20 ett integrerat fack p\u00e5 baksidan som \u00e4r avsett att s\u00e4kra en pistol f\u00f6r EDC\/CCW-ut\u00f6vare. En dubbelsidig ficka med dragkedja p\u00e5 [&#8230;]\n","protected":false},"featured_media":269050,"comment_status":"open","ping_status":"closed","template":"","meta":[],"product_brand":[],"product_cat":[2565],"product_tag":[],"class_list":{"0":"post-286047","1":"product","2":"type-product","3":"status-publish","4":"has-post-thumbnail","6":"product_cat-jaktryggsackar","7":"product_shipping_class-medium-sv","9":"first","10":"instock","11":"taxable","12":"shipping-taxable","13":"purchasable","14":"product-type-variable"},"composite_virtual":false,"composite_layout":"","composite_add_to_cart_form_location":"","composite_editable_in_cart":false,"composite_sold_individually_context":"","composite_shop_price_calc":"","composite_components":[],"composite_scenarios":[],"group_of_quantity":0,"min_quantity":0,"max_quantity":"","exclude_order_quantity_value_rules":"no","exclude_category_quantity_rules":"no","combine_variations":"no","exclude_global_add_ons":[],"addons":[],"_links":{"self":[{"href":"https:\/\/www.huntersfriend.eu\/sv\/wp-json\/wp\/v2\/product\/286047","targetHints":{"allow":["GET"]}}],"collection":[{"href":"https:\/\/www.huntersfriend.eu\/sv\/wp-json\/wp\/v2\/product"}],"about":[{"href":"https:\/\/www.huntersfriend.eu\/sv\/wp-json\/wp\/v2\/types\/product"}],"replies":[{"embeddable":true,"href":"https:\/\/www.huntersfriend.eu\/sv\/wp-json\/wp\/v2\/comments?post=286047"}],"wp:featuredmedia":[{"embeddable":true,"href":"https:\/\/www.huntersfriend.eu\/sv\/wp-json\/wp\/v2\/media\/269050"}],"wp:attachment":[{"href":"https:\/\/www.huntersfriend.eu\/sv\/wp-json\/wp\/v2\/media?parent=286047"}],"wp:term":[{"taxonomy":"product_brand","embeddable":true,"href":"https:\/\/www.huntersfriend.eu\/sv\/wp-json\/wp\/v2\/product_brand?post=286047"},{"taxonomy":"product_cat","embeddable":true,"href":"https:\/\/www.huntersfriend.eu\/sv\/wp-json\/wp\/v2\/product_cat?post=286047"},{"taxonomy":"product_tag","embeddable":true,"href":"https:\/\/www.huntersfriend.eu\/sv\/wp-json\/wp\/v2\/product_tag?post=286047"}],"curies":[{"name":"wp","href":"https:\/\/api.w.org\/{rel}","templated":true}]}}