{"id":286046,"date":"2024-05-25T00:38:50","date_gmt":"2024-05-24T22:38:50","guid":{"rendered":"https:\/\/www.huntersfriend.eu\/product\/hw-hunt-vapenvaska-hagelgevar\/"},"modified":"2025-08-26T11:26:13","modified_gmt":"2025-08-26T09:26:13","slug":"hw-hunt-vapenvaska-hagelgevar","status":"publish","type":"product","link":"https:\/\/www.huntersfriend.eu\/sv\/produkt\/hw-hunt-vapenvaska-hagelgevar\/","title":{"rendered":"HW-Hunt vapenv\u00e4ska \u2013 hagelgev\u00e4r"},"content":{"rendered":"<p><span class=\"jCAhz JxVs2d ChMk0b\"><span class=\"ryNqvb\">HW-Hunt vapenv\u00e4ska \u00e4r utformad f\u00f6r att b\u00e4ra hagelgev\u00e4r.<\/span><\/span> <span class=\"jCAhz JxVs2d ChMk0b\"><span class=\"ryNqvb\">Den h\u00e4r vadderade vapenv\u00e4skan \u00e4r ocks\u00e5 tillr\u00e4ckligt l\u00e5ng f\u00f6r halvautomatiska hagelgev\u00e4r med en f\u00f6rl\u00e4ngd choke p\u00e5 pipan.<\/span><\/span> <span class=\"jCAhz JxVs2d ChMk0b\"><span class=\"ryNqvb\">Axelrem, b\u00e4rhandtag, f\u00f6rst\u00e4rkt vapenficka och sidoficka.<\/span><\/span><\/p>\n<p>F\u00e4rg \u2013 Gr\u00f6n<\/p>\n<p>M\u00e5tt \u2013 145 x 20 cm<\/p>\n","protected":false},"excerpt":{"rendered":"<p>Gr\u00f6n 145 x 20 cm<\/p>\n","protected":false},"featured_media":268849,"comment_status":"open","ping_status":"closed","template":"","meta":[],"product_brand":[],"product_cat":[2569],"product_tag":[],"class_list":{"0":"post-286046","1":"product","2":"type-product","3":"status-publish","4":"has-post-thumbnail","6":"product_cat-mjuka-fodral","8":"first","9":"outofstock","10":"taxable","11":"shipping-taxable","12":"purchasable","13":"product-type-simple"},"composite_virtual":false,"composite_layout":"","composite_add_to_cart_form_location":"","composite_editable_in_cart":false,"composite_sold_individually_context":"","composite_shop_price_calc":"","composite_components":[],"composite_scenarios":[],"group_of_quantity":0,"min_quantity":0,"max_quantity":"","exclude_order_quantity_value_rules":"no","exclude_category_quantity_rules":"no","combine_variations":"no","exclude_global_add_ons":[],"addons":[],"_links":{"self":[{"href":"https:\/\/www.huntersfriend.eu\/sv\/wp-json\/wp\/v2\/product\/286046","targetHints":{"allow":["GET"]}}],"collection":[{"href":"https:\/\/www.huntersfriend.eu\/sv\/wp-json\/wp\/v2\/product"}],"about":[{"href":"https:\/\/www.huntersfriend.eu\/sv\/wp-json\/wp\/v2\/types\/product"}],"replies":[{"embeddable":true,"href":"https:\/\/www.huntersfriend.eu\/sv\/wp-json\/wp\/v2\/comments?post=286046"}],"wp:featuredmedia":[{"embeddable":true,"href":"https:\/\/www.huntersfriend.eu\/sv\/wp-json\/wp\/v2\/media\/268849"}],"wp:attachment":[{"href":"https:\/\/www.huntersfriend.eu\/sv\/wp-json\/wp\/v2\/media?parent=286046"}],"wp:term":[{"taxonomy":"product_brand","embeddable":true,"href":"https:\/\/www.huntersfriend.eu\/sv\/wp-json\/wp\/v2\/product_brand?post=286046"},{"taxonomy":"product_cat","embeddable":true,"href":"https:\/\/www.huntersfriend.eu\/sv\/wp-json\/wp\/v2\/product_cat?post=286046"},{"taxonomy":"product_tag","embeddable":true,"href":"https:\/\/www.huntersfriend.eu\/sv\/wp-json\/wp\/v2\/product_tag?post=286046"}],"curies":[{"name":"wp","href":"https:\/\/api.w.org\/{rel}","templated":true}]}}