{"id":286043,"date":"2024-05-30T11:28:34","date_gmt":"2024-05-30T09:28:34","guid":{"rendered":"https:\/\/www.huntersfriend.eu\/product\/alps-outdoorz-pursuit\/"},"modified":"2026-03-19T08:29:24","modified_gmt":"2026-03-19T06:29:24","slug":"alps-outdoorz-pursuit","status":"publish","type":"product","link":"https:\/\/www.huntersfriend.eu\/sv\/produkt\/alps-outdoorz-pursuit\/","title":{"rendered":"Alps outdoorz pursuit"},"content":{"rendered":"<p>Pursuit Bow Pack \u00e4r perfekt f\u00f6r att h\u00e5lla din pilb\u00e5ge s\u00e4ker och undanstoppad medan du vandrar genom f\u00e4lt och ol\u00e4ndig terr\u00e4ng. Sp\u00e4nnremmarna, tillsammans med den expanderbara pilb\u00e5gsfickan, \u00e4r en utm\u00e4rkt kombination f\u00f6r att s\u00e4kert h\u00e5lla din pilb\u00e5ge p\u00e5 plats. Att ha en ryggs\u00e4ck som kan h\u00e5lla din pilb\u00e5ge \u00e4r bra s\u00e5 att du kan h\u00e5lla h\u00e4nderna fria. Det finns en stor huvudficka, en stor framficka och nedre sidofickor i mesh f\u00f6r att h\u00e5lla din utrustning organiserad. Midjeb\u00e4ltet \u00e4r vadderat, s\u00e5 n\u00e4r du b\u00e4r lite extra vikt kommer komfortniv\u00e5n fortfarande att vara f\u00f6rstklassig. Ett orange regnskydd med signalf\u00e4rg ing\u00e5r om du \u00e4r ute i naturen n\u00e4r det drar in regn.     <\/p>\n<p>\u2022 <a href=\"https:\/\/alpsoutdoorz.com\/media\/wysiwyg\/Pursuit_-_Outdoor_Life.pdf\">outdoor life &#8211; B\u00e4st totalt sett<\/a><\/p>\n<p>\u2022 Organisationshyllficka h\u00e5ller utrustningen n\u00e4ra till hands<\/p>\n<p>\u2022 Fungerar utm\u00e4rkt att h\u00e4nga fr\u00e5n tr\u00e4d med D-ringkl\u00e4mma<\/p>\n<p>\u2022 Nedf\u00e4llbar ficka f\u00f6r att b\u00e4ra ditt gev\u00e4r eller din pilb\u00e5ge s\u00e4kert<\/p>\n<p>\u2022 Stor fram- och huvudficka<\/p>\n<p>\u2022 Kogerh\u00e5llare p\u00e5 varje sida av ryggs\u00e4cken<\/p>\n<p>\u2022 Fr\u00e4mre surrningssystem<\/p>\n<p>\u2022 Vadderat midjeb\u00e4lte med tv\u00e5 fickor<\/p>\n<p>\u2022 Centralt aluminiumstag<\/p>\n<p>\u2022 Regnskyddet f\u00f6rvaras prydligt i en ficka med dragkedja p\u00e5 ryggs\u00e4ckens botten tills det beh\u00f6vs<\/p>\n<p>\u2022 Kompatibel med v\u00e4tskesystem<\/p>\n<p>\u2022 Nedre sidofickor i mesh<\/p>\n<p>\u2022 V\u00e4vslingor f\u00f6r fasts\u00e4ttning<\/p>\n<table border=\"3\">\n<tbody>\n<tr align=\"CENTER\">\n<td><b>Kapacitet<\/b><\/td>\n<td>44L \/ 2700 in\u00b3<\/td>\n<\/tr>\n<tr align=\"CENTER\">\n<td><b>Huvudfackets m\u00e5tt<\/b><\/td>\n<td>19&#8243; H x 11&#8243; W x 7&#8243; D<\/td>\n<\/tr>\n<tr align=\"CENTER\">\n<td><b>Midjeb\u00e4ltets omf\u00e5ng<\/b><\/td>\n<td>33 &#8211; 63&#8243;<\/td>\n<\/tr>\n<tr align=\"CENTER\">\n<td><b>Vikt<\/b><\/td>\n<td>4 lbs. 7 oz. <\/td>\n<\/tr>\n<\/tbody>\n<\/table>\n","protected":false},"excerpt":{"rendered":"<p>Realtree edge eller coyote Brown<\/p>\n","protected":false},"featured_media":269039,"comment_status":"open","ping_status":"closed","template":"","meta":[],"product_brand":[],"product_cat":[2565],"product_tag":[],"class_list":{"0":"post-286043","1":"product","2":"type-product","3":"status-publish","4":"has-post-thumbnail","6":"product_cat-jaktryggsackar","7":"product_shipping_class-medium-sv","9":"first","10":"instock","11":"taxable","12":"shipping-taxable","13":"purchasable","14":"product-type-variable"},"composite_virtual":false,"composite_layout":"","composite_add_to_cart_form_location":"","composite_editable_in_cart":false,"composite_sold_individually_context":"","composite_shop_price_calc":"","composite_components":[],"composite_scenarios":[],"group_of_quantity":0,"min_quantity":0,"max_quantity":"","exclude_order_quantity_value_rules":"no","exclude_category_quantity_rules":"no","combine_variations":"no","exclude_global_add_ons":[],"addons":[],"_links":{"self":[{"href":"https:\/\/www.huntersfriend.eu\/sv\/wp-json\/wp\/v2\/product\/286043","targetHints":{"allow":["GET"]}}],"collection":[{"href":"https:\/\/www.huntersfriend.eu\/sv\/wp-json\/wp\/v2\/product"}],"about":[{"href":"https:\/\/www.huntersfriend.eu\/sv\/wp-json\/wp\/v2\/types\/product"}],"replies":[{"embeddable":true,"href":"https:\/\/www.huntersfriend.eu\/sv\/wp-json\/wp\/v2\/comments?post=286043"}],"wp:featuredmedia":[{"embeddable":true,"href":"https:\/\/www.huntersfriend.eu\/sv\/wp-json\/wp\/v2\/media\/269039"}],"wp:attachment":[{"href":"https:\/\/www.huntersfriend.eu\/sv\/wp-json\/wp\/v2\/media?parent=286043"}],"wp:term":[{"taxonomy":"product_brand","embeddable":true,"href":"https:\/\/www.huntersfriend.eu\/sv\/wp-json\/wp\/v2\/product_brand?post=286043"},{"taxonomy":"product_cat","embeddable":true,"href":"https:\/\/www.huntersfriend.eu\/sv\/wp-json\/wp\/v2\/product_cat?post=286043"},{"taxonomy":"product_tag","embeddable":true,"href":"https:\/\/www.huntersfriend.eu\/sv\/wp-json\/wp\/v2\/product_tag?post=286043"}],"curies":[{"name":"wp","href":"https:\/\/api.w.org\/{rel}","templated":true}]}}