{"id":286042,"date":"2024-05-23T00:33:27","date_gmt":"2024-05-22T22:33:27","guid":{"rendered":"https:\/\/www.huntersfriend.eu\/product\/osuma-tactical-hd-ar-faste-aimpoint-micro\/"},"modified":"2025-08-26T11:26:13","modified_gmt":"2025-08-26T09:26:13","slug":"osuma-tactical-hd-ar-faste-aimpoint-micro","status":"publish","type":"product","link":"https:\/\/www.huntersfriend.eu\/sv\/produkt\/osuma-tactical-hd-ar-faste-aimpoint-micro\/","title":{"rendered":"Osuma tactical HD AR-f\u00e4ste aimpoint micro"},"content":{"rendered":"<p class=\"\" data-start=\"0\" data-end=\"80\"><strong data-start=\"0\" data-end=\"80\">Osuma tactical HD AR-f\u00e4ste f\u00f6r aimpoint micro \u2013 Tillverkad och designad i Finland<\/strong><\/p>\n<p class=\"\" data-start=\"82\" data-end=\"372\"><strong data-start=\"86\" data-end=\"116\">Osuma Tactical HD AR-f\u00e4stet<\/strong> \u00e4r specifikt designat f\u00f6r <strong data-start=\"146\" data-end=\"159\">AR-gev\u00e4r<\/strong> med en <strong data-start=\"167\" data-end=\"180\">Picatinny<\/strong>-skena, vilket ger en solid och praktisk monteringsl\u00f6sning f\u00f6r <strong data-start=\"241\" data-end=\"266\">Aimpoint Micro-sikten<\/strong>. Det h\u00e4r f\u00e4stet \u00e4r byggt f\u00f6r att klara tuffare f\u00f6rh\u00e5llanden och s\u00e4kerst\u00e4ller en s\u00e4ker fasts\u00e4ttning under mer intensiv anv\u00e4ndning. <\/p>\n<p class=\"\" data-start=\"374\" data-end=\"402\"><strong data-start=\"374\" data-end=\"402\">\u00c5tdragningsinstruktioner:<\/strong><\/p>\n<ul data-start=\"403\" data-end=\"515\">\n<li class=\"\" data-start=\"403\" data-end=\"445\">\n<p class=\"\" data-start=\"405\" data-end=\"445\"><strong data-start=\"405\" data-end=\"438\">\u00c5tdragningsmoment f\u00f6r skena:<\/strong> 5,0 Nm<\/p>\n<\/li>\n<li class=\"\" data-start=\"446\" data-end=\"515\">\n<p class=\"\" data-start=\"448\" data-end=\"515\"><strong data-start=\"448\" data-end=\"510\">\u00c5tdragningsmoment f\u00f6r skruvar som f\u00e4ster siktet p\u00e5 f\u00e4stet:<\/strong> 2 Nm<\/p>\n<\/li>\n<\/ul>\n<p class=\"\" data-start=\"517\" data-end=\"530\"><strong data-start=\"517\" data-end=\"530\">I korthet:<\/strong><\/p>\n<ul data-start=\"531\" data-end=\"850\">\n<li class=\"\" data-start=\"531\" data-end=\"584\">\n<p class=\"\" data-start=\"533\" data-end=\"584\"><strong data-start=\"533\" data-end=\"551\">Kompatibilitet:<\/strong> AR-gev\u00e4r, Aimpoint Micro-sikten<\/p>\n<\/li>\n<li class=\"\" data-start=\"585\" data-end=\"618\">\n<p class=\"\" data-start=\"587\" data-end=\"618\"><strong data-start=\"587\" data-end=\"613\">Total f\u00e4steh\u00f6jd:<\/strong> 38 mm<\/p>\n<\/li>\n<li class=\"\" data-start=\"619\" data-end=\"686\">\n<p class=\"\" data-start=\"621\" data-end=\"686\"><strong data-start=\"621\" data-end=\"681\">Frig\u00e5ngsh\u00f6jd (fr\u00e5n skena till botten av siktet):<\/strong> 30 mm<\/p>\n<\/li>\n<li class=\"\" data-start=\"687\" data-end=\"712\">\n<p class=\"\" data-start=\"689\" data-end=\"712\"><strong data-start=\"689\" data-end=\"702\">Montering:<\/strong> picatinny<\/p>\n<\/li>\n<li class=\"\" data-start=\"713\" data-end=\"731\">\n<p class=\"\" data-start=\"715\" data-end=\"731\"><strong data-start=\"715\" data-end=\"726\">Vikt:<\/strong> 125 g<\/p>\n<\/li>\n<li class=\"\" data-start=\"732\" data-end=\"766\">\n<p class=\"\" data-start=\"734\" data-end=\"766\"><strong data-start=\"734\" data-end=\"747\">Material:<\/strong> aluminium och st\u00e5l<\/p>\n<\/li>\n<li class=\"\" data-start=\"767\" data-end=\"792\">\n<p class=\"\" data-start=\"769\" data-end=\"792\"><strong data-start=\"769\" data-end=\"782\">Garanti:<\/strong> 24 m\u00e5nader<\/p>\n<\/li>\n<li class=\"\" data-start=\"793\" data-end=\"850\">\n<p class=\"\" data-start=\"795\" data-end=\"850\"><strong data-start=\"795\" data-end=\"816\">Paketet inneh\u00e5ller:<\/strong> F\u00e4ste och n\u00f6dv\u00e4ndiga monteringsskruvar<\/p>\n<\/li>\n<\/ul>\n<p class=\"\" data-start=\"852\" data-end=\"1019\">Det h\u00e4r f\u00e4stet ger ett s\u00e4kert, stabilt och effektivt s\u00e4tt att f\u00e4sta ditt Aimpoint Micro-sikte p\u00e5 ditt AR-gev\u00e4r, vilket g\u00f6r det idealiskt f\u00f6r taktiska och kr\u00e4vande till\u00e4mpningar.<\/p>\n","protected":false},"excerpt":{"rendered":"<p>Osuma tactical HD AR-f\u00e4ste f\u00f6r aimpoint micro \u2013 Tillverkad och designad i Finland Osuma Tactical HD AR-f\u00e4stet \u00e4r specifikt designat f\u00f6r AR-gev\u00e4r med en Picatinny-skena, vilket ger en solid och praktisk monteringsl\u00f6sning f\u00f6r Aimpoint Micro-sikten. Det h\u00e4r f\u00e4stet \u00e4r byggt f\u00f6r att klara tuffare f\u00f6rh\u00e5llanden och s\u00e4kerst\u00e4ller en s\u00e4ker fasts\u00e4ttning under mer intensiv anv\u00e4ndning. \u00c5tdragningsinstruktioner: [&#8230;]\n","protected":false},"featured_media":277572,"comment_status":"open","ping_status":"closed","template":"","meta":[],"product_brand":[],"product_cat":[2619],"product_tag":[],"class_list":{"0":"post-286042","1":"product","2":"type-product","3":"status-publish","4":"has-post-thumbnail","6":"product_cat-kikarsiktesringar-och-fasten","8":"first","9":"instock","10":"taxable","11":"shipping-taxable","12":"purchasable","13":"product-type-simple"},"composite_virtual":false,"composite_layout":"","composite_add_to_cart_form_location":"","composite_editable_in_cart":false,"composite_sold_individually_context":"","composite_shop_price_calc":"","composite_components":[],"composite_scenarios":[],"group_of_quantity":0,"min_quantity":0,"max_quantity":"","exclude_order_quantity_value_rules":"no","exclude_category_quantity_rules":"no","combine_variations":"no","exclude_global_add_ons":[],"addons":[],"_links":{"self":[{"href":"https:\/\/www.huntersfriend.eu\/sv\/wp-json\/wp\/v2\/product\/286042","targetHints":{"allow":["GET"]}}],"collection":[{"href":"https:\/\/www.huntersfriend.eu\/sv\/wp-json\/wp\/v2\/product"}],"about":[{"href":"https:\/\/www.huntersfriend.eu\/sv\/wp-json\/wp\/v2\/types\/product"}],"replies":[{"embeddable":true,"href":"https:\/\/www.huntersfriend.eu\/sv\/wp-json\/wp\/v2\/comments?post=286042"}],"wp:featuredmedia":[{"embeddable":true,"href":"https:\/\/www.huntersfriend.eu\/sv\/wp-json\/wp\/v2\/media\/277572"}],"wp:attachment":[{"href":"https:\/\/www.huntersfriend.eu\/sv\/wp-json\/wp\/v2\/media?parent=286042"}],"wp:term":[{"taxonomy":"product_brand","embeddable":true,"href":"https:\/\/www.huntersfriend.eu\/sv\/wp-json\/wp\/v2\/product_brand?post=286042"},{"taxonomy":"product_cat","embeddable":true,"href":"https:\/\/www.huntersfriend.eu\/sv\/wp-json\/wp\/v2\/product_cat?post=286042"},{"taxonomy":"product_tag","embeddable":true,"href":"https:\/\/www.huntersfriend.eu\/sv\/wp-json\/wp\/v2\/product_tag?post=286042"}],"curies":[{"name":"wp","href":"https:\/\/api.w.org\/{rel}","templated":true}]}}