{"id":286039,"date":"2024-05-30T11:18:29","date_gmt":"2024-05-30T09:18:29","guid":{"rendered":"https:\/\/www.huntersfriend.eu\/product\/alps-outdoorz-ranger-ungdomspack\/"},"modified":"2026-04-10T11:39:59","modified_gmt":"2026-04-10T09:39:59","slug":"alps-outdoorz-ranger-ungdomspack","status":"publish","type":"product","link":"https:\/\/www.huntersfriend.eu\/sv\/produkt\/alps-outdoorz-ranger-ungdomspack\/","title":{"rendered":"Alps outdoorz ranger ungdomspack"},"content":{"rendered":"<p>Ranger \u00e4r ett utm\u00e4rkt nyb\u00f6rjarpack f\u00f6r mindre utflykter. Med 23,7 liter utrymme finns det gott om plats f\u00f6r att packa den viktigaste utrustningen f\u00f6r dagen. Den fr\u00e4mre fickan hj\u00e4lper till att h\u00e5lla dina f\u00f6rn\u00f6denheter \u00e5tskilda, och kedjan p\u00e5 framsidan ger en plats att knyta fast n\u00e5gra st\u00f6rre f\u00f6rem\u00e5l som du inte vill ska ta upp plats i din packning.  <\/p>\n<p>\u2022 Stor huvudficka och fr\u00e4mre organisationsficka<\/p>\n<p>\u2022 Vadderade axelremmar<\/p>\n<p>\u2022 V\u00e4vhandtag f\u00f6r enkel transport<\/p>\n<p>\u2022 F\u00f6rst\u00e4rkt v\u00e4v ger flera f\u00e4stpunkter<\/p>\n<table border=\"3\">\n<tbody>\n<tr align=\"CENTER\">\n<td><b>Kapacitet<\/b><\/td>\n<td>23L \/ 1450 in\u00b3<\/td>\n<\/tr>\n<tr align=\"CENTER\">\n<td><b>Huvudfackets m\u00e5tt<\/b><\/td>\n<td>16.5&#8243; H x 11.5&#8243; W x 6&#8243; D<\/td>\n<\/tr>\n<tr align=\"CENTER\">\n<td><b>Vikt<\/b><\/td>\n<td>595 g <\/td>\n<\/tr>\n<\/tbody>\n<\/table>\n","protected":false},"excerpt":{"rendered":"<p>Realtree edge eller country DNA<\/p>\n","protected":false},"featured_media":269017,"comment_status":"open","ping_status":"closed","template":"","meta":[],"product_brand":[],"product_cat":[2565],"product_tag":[],"class_list":{"0":"post-286039","1":"product","2":"type-product","3":"status-publish","4":"has-post-thumbnail","6":"product_cat-jaktryggsackar","7":"product_shipping_class-medium-sv","9":"first","10":"instock","11":"sale","12":"taxable","13":"shipping-taxable","14":"purchasable","15":"product-type-variable"},"composite_virtual":false,"composite_layout":"","composite_add_to_cart_form_location":"","composite_editable_in_cart":false,"composite_sold_individually_context":"","composite_shop_price_calc":"","composite_components":[],"composite_scenarios":[],"group_of_quantity":0,"min_quantity":0,"max_quantity":"","exclude_order_quantity_value_rules":"no","exclude_category_quantity_rules":"no","combine_variations":"no","exclude_global_add_ons":[],"addons":[],"_links":{"self":[{"href":"https:\/\/www.huntersfriend.eu\/sv\/wp-json\/wp\/v2\/product\/286039","targetHints":{"allow":["GET"]}}],"collection":[{"href":"https:\/\/www.huntersfriend.eu\/sv\/wp-json\/wp\/v2\/product"}],"about":[{"href":"https:\/\/www.huntersfriend.eu\/sv\/wp-json\/wp\/v2\/types\/product"}],"replies":[{"embeddable":true,"href":"https:\/\/www.huntersfriend.eu\/sv\/wp-json\/wp\/v2\/comments?post=286039"}],"wp:featuredmedia":[{"embeddable":true,"href":"https:\/\/www.huntersfriend.eu\/sv\/wp-json\/wp\/v2\/media\/269017"}],"wp:attachment":[{"href":"https:\/\/www.huntersfriend.eu\/sv\/wp-json\/wp\/v2\/media?parent=286039"}],"wp:term":[{"taxonomy":"product_brand","embeddable":true,"href":"https:\/\/www.huntersfriend.eu\/sv\/wp-json\/wp\/v2\/product_brand?post=286039"},{"taxonomy":"product_cat","embeddable":true,"href":"https:\/\/www.huntersfriend.eu\/sv\/wp-json\/wp\/v2\/product_cat?post=286039"},{"taxonomy":"product_tag","embeddable":true,"href":"https:\/\/www.huntersfriend.eu\/sv\/wp-json\/wp\/v2\/product_tag?post=286039"}],"curies":[{"name":"wp","href":"https:\/\/api.w.org\/{rel}","templated":true}]}}