{"id":286038,"date":"2024-05-22T00:24:09","date_gmt":"2024-05-21T22:24:09","guid":{"rendered":"https:\/\/www.huntersfriend.eu\/product\/bridger-sjalvsparrande-sattare\/"},"modified":"2025-08-26T11:26:12","modified_gmt":"2025-08-26T09:26:12","slug":"bridger-sjalvsparrande-sattare","status":"publish","type":"product","link":"https:\/\/www.huntersfriend.eu\/sv\/produkt\/bridger-sjalvsparrande-sattare\/","title":{"rendered":"Bridger sj\u00e4lvsp\u00e4rrande s\u00e4ttare"},"content":{"rendered":"<p><span class=\"jCAhz ChMk0b\"><span class=\"ryNqvb\">Bridger sj\u00e4lvsp\u00e4rrande st\u00e4mningst\u00e5ng g\u00f6r att du enkelt och s\u00e4kert kan st\u00e4mma b\u00e5de stora och sm\u00e5 Conibear-stil f\u00e4llor.<\/span><\/span> <span class=\"jCAhz ChMk0b\"><span class=\"ryNqvb\">Denna s\u00e4ttningst\u00e5ng har en mycket stark konstruktion och inkluderar en automatisk l\u00e5smekanism i k\u00e4ftarna, som ocks\u00e5 fungerar som en s\u00e4kerhetsanordning.<\/span><\/span> <span class=\"jCAhz ChMk0b\"><span class=\"ryNqvb\">Ytan p\u00e5 s\u00e4ttningst\u00e5ngen \u00e4r belagd och rostar d\u00e4rf\u00f6r inte.<\/span><\/span> <span class=\"jCAhz ChMk0b\"><span class=\"ryNqvb\">Total l\u00e4ngd 60,96 cm.<\/span><\/span><\/p>\n<p style=\"font-weight: 400;\">Kan st\u00e4lla in alla storlekar p\u00e5 kroppsgreppf\u00e4llorna. Totall\u00e4ngd, 24 tum. Milj\u00f6belagd svart.  <\/p>\n<p style=\"font-weight: 400;\">Nytt och f\u00f6rb\u00e4ttrat! Ett fantastiskt verktyg! <\/p>\n","protected":false},"excerpt":{"rendered":"<p>Bridger sj\u00e4lvsp\u00e4rrande st\u00e4mningst\u00e5ng g\u00f6r att du enkelt och s\u00e4kert kan st\u00e4mma b\u00e5de stora och sm\u00e5 Conibear-stil f\u00e4llor. Denna s\u00e4ttningst\u00e5ng har en mycket stark konstruktion och inkluderar en automatisk l\u00e5smekanism i k\u00e4ftarna, som ocks\u00e5 fungerar som en s\u00e4kerhetsanordning. Ytan p\u00e5 s\u00e4ttningst\u00e5ngen \u00e4r belagd och rostar d\u00e4rf\u00f6r inte. Total l\u00e4ngd 60,96 cm. Kan st\u00e4lla in alla storlekar [&#8230;]\n","protected":false},"featured_media":268707,"comment_status":"open","ping_status":"closed","template":"","meta":[],"product_brand":[],"product_cat":[2696],"product_tag":[],"class_list":{"0":"post-286038","1":"product","2":"type-product","3":"status-publish","4":"has-post-thumbnail","6":"product_cat-fallor-och-fangsttillbehor","8":"first","9":"outofstock","10":"taxable","11":"shipping-taxable","12":"purchasable","13":"product-type-simple"},"composite_virtual":false,"composite_layout":"","composite_add_to_cart_form_location":"","composite_editable_in_cart":false,"composite_sold_individually_context":"","composite_shop_price_calc":"","composite_components":[],"composite_scenarios":[],"group_of_quantity":0,"min_quantity":0,"max_quantity":"","exclude_order_quantity_value_rules":"no","exclude_category_quantity_rules":"no","combine_variations":"no","exclude_global_add_ons":[],"addons":[],"_links":{"self":[{"href":"https:\/\/www.huntersfriend.eu\/sv\/wp-json\/wp\/v2\/product\/286038","targetHints":{"allow":["GET"]}}],"collection":[{"href":"https:\/\/www.huntersfriend.eu\/sv\/wp-json\/wp\/v2\/product"}],"about":[{"href":"https:\/\/www.huntersfriend.eu\/sv\/wp-json\/wp\/v2\/types\/product"}],"replies":[{"embeddable":true,"href":"https:\/\/www.huntersfriend.eu\/sv\/wp-json\/wp\/v2\/comments?post=286038"}],"wp:featuredmedia":[{"embeddable":true,"href":"https:\/\/www.huntersfriend.eu\/sv\/wp-json\/wp\/v2\/media\/268707"}],"wp:attachment":[{"href":"https:\/\/www.huntersfriend.eu\/sv\/wp-json\/wp\/v2\/media?parent=286038"}],"wp:term":[{"taxonomy":"product_brand","embeddable":true,"href":"https:\/\/www.huntersfriend.eu\/sv\/wp-json\/wp\/v2\/product_brand?post=286038"},{"taxonomy":"product_cat","embeddable":true,"href":"https:\/\/www.huntersfriend.eu\/sv\/wp-json\/wp\/v2\/product_cat?post=286038"},{"taxonomy":"product_tag","embeddable":true,"href":"https:\/\/www.huntersfriend.eu\/sv\/wp-json\/wp\/v2\/product_tag?post=286038"}],"curies":[{"name":"wp","href":"https:\/\/api.w.org\/{rel}","templated":true}]}}