{"id":286035,"date":"2024-05-22T00:18:22","date_gmt":"2024-05-21T22:18:22","guid":{"rendered":"https:\/\/www.huntersfriend.eu\/product\/krok-for-fallmarkering-100-st-pase\/"},"modified":"2025-12-18T09:25:22","modified_gmt":"2025-12-18T07:25:22","slug":"krok-for-fallmarkering-100-st-pase","status":"publish","type":"product","link":"https:\/\/www.huntersfriend.eu\/sv\/produkt\/krok-for-fallmarkering-100-st-pase\/","title":{"rendered":"Krok f\u00f6r f\u00e4llmarkering, 100 st\/p\u00e5se"},"content":{"rendered":"<p>Markeringskrokarna kan anv\u00e4ndas ist\u00e4llet f\u00f6r att rulla markeringen runt svirveln eller kedjan. De kan enkelt st\u00e4ngas med en t\u00e5ng. De \u00e4r l\u00e4ttare att anv\u00e4nda och h\u00e5ller l\u00e4ngre \u00e4n st\u00e5ltr\u00e5d.  <\/p>\n","protected":false},"excerpt":{"rendered":"<p>Markeringskrokarna kan anv\u00e4ndas ist\u00e4llet f\u00f6r att rulla markeringen runt svirveln eller kedjan. De kan enkelt st\u00e4ngas med en t\u00e5ng. De \u00e4r l\u00e4ttare att anv\u00e4nda och h\u00e5ller l\u00e4ngre \u00e4n st\u00e5ltr\u00e5d.<\/p>\n","protected":false},"featured_media":268764,"comment_status":"open","ping_status":"closed","template":"","meta":[],"product_brand":[],"product_cat":[2696],"product_tag":[],"class_list":{"0":"post-286035","1":"product","2":"type-product","3":"status-publish","4":"has-post-thumbnail","6":"product_cat-fallor-och-fangsttillbehor","8":"first","9":"instock","10":"taxable","11":"shipping-taxable","12":"purchasable","13":"product-type-simple"},"composite_virtual":false,"composite_layout":"","composite_add_to_cart_form_location":"","composite_editable_in_cart":false,"composite_sold_individually_context":"","composite_shop_price_calc":"","composite_components":[],"composite_scenarios":[],"group_of_quantity":0,"min_quantity":0,"max_quantity":"","exclude_order_quantity_value_rules":"no","exclude_category_quantity_rules":"no","combine_variations":"no","exclude_global_add_ons":[],"addons":[],"_links":{"self":[{"href":"https:\/\/www.huntersfriend.eu\/sv\/wp-json\/wp\/v2\/product\/286035","targetHints":{"allow":["GET"]}}],"collection":[{"href":"https:\/\/www.huntersfriend.eu\/sv\/wp-json\/wp\/v2\/product"}],"about":[{"href":"https:\/\/www.huntersfriend.eu\/sv\/wp-json\/wp\/v2\/types\/product"}],"replies":[{"embeddable":true,"href":"https:\/\/www.huntersfriend.eu\/sv\/wp-json\/wp\/v2\/comments?post=286035"}],"wp:featuredmedia":[{"embeddable":true,"href":"https:\/\/www.huntersfriend.eu\/sv\/wp-json\/wp\/v2\/media\/268764"}],"wp:attachment":[{"href":"https:\/\/www.huntersfriend.eu\/sv\/wp-json\/wp\/v2\/media?parent=286035"}],"wp:term":[{"taxonomy":"product_brand","embeddable":true,"href":"https:\/\/www.huntersfriend.eu\/sv\/wp-json\/wp\/v2\/product_brand?post=286035"},{"taxonomy":"product_cat","embeddable":true,"href":"https:\/\/www.huntersfriend.eu\/sv\/wp-json\/wp\/v2\/product_cat?post=286035"},{"taxonomy":"product_tag","embeddable":true,"href":"https:\/\/www.huntersfriend.eu\/sv\/wp-json\/wp\/v2\/product_tag?post=286035"}],"curies":[{"name":"wp","href":"https:\/\/api.w.org\/{rel}","templated":true}]}}