{"id":286034,"date":"2024-05-30T11:06:38","date_gmt":"2024-05-30T09:06:38","guid":{"rendered":"https:\/\/www.huntersfriend.eu\/product\/alps-outdoorz-deluxe-duvbalte\/"},"modified":"2025-09-17T13:10:48","modified_gmt":"2025-09-17T11:10:48","slug":"alps-outdoorz-deluxe-duvbalte","status":"publish","type":"product","link":"https:\/\/www.huntersfriend.eu\/sv\/produkt\/alps-outdoorz-deluxe-duvbalte\/","title":{"rendered":"Alps outdoorz deluxe duvb\u00e4lte"},"content":{"rendered":"<p>Om du gillade duvb\u00e4ltet kommer du att \u00e4lska den nya designen f\u00f6r Deluxe duvb\u00e4lte. F\u00f6rb\u00e4ttrad med en \u201ch\u00e5ll-\u00f6ppen\u201d fickdesign f\u00f6r snabb \u00e5tkomst till dina patroner, detta b\u00e4lte \u00e4r byggt f\u00f6r bekv\u00e4mlighet. Erbjuds i tv\u00e5 f\u00e4rgalternativ; med en solid brun och Mossy Oak Shadow Grass Habitat.  <\/p>\n<p>Ta bort eller flytta fickorna efter behov, tack vare de integrerade tryckknappspanelerna. Den stora viltfickan har en botten av TechMesh, vilket m\u00f6jligg\u00f6r dr\u00e4nering och maximerar luftcirkulationen f\u00f6r att h\u00e5lla viltet fr\u00e4scht under de varma, tidiga jakterna. Likas\u00e5 m\u00f6jligg\u00f6r vattenflaskfickans botten ocks\u00e5 kondensdr\u00e4nering och luftcirkulation.  <\/p>\n<p>\u2022 T\u00e5ligt 600D-tyg<\/p>\n<p>\u2022 Tv\u00e5 \u201ch\u00e5ll-\u00f6ppen\u201d patronfickor f\u00f6r enkel och snabb \u00e5tkomst till dina patroner<\/p>\n<p>\u2022 Stor viltficka med en TechMesh-botten f\u00f6r att enkelt dr\u00e4nera kondens<\/p>\n<p>\u2022 Fickor kan tas bort eller justeras f\u00f6r personliga preferenser och enkel reng\u00f6ring<\/p>\n<p>\u2022 2&#8243; midjeb\u00e4lte i v\u00e4v med ett slitstarkt SR-sp\u00e4nne<\/p>\n<table border=\"3\">\n<tbody>\n<tr align=\"CENTER\">\n<td><b>Midjeb\u00e4ltets r\u00e4ckvidd<\/b><\/td>\n<td>passar upp till 50&#8243;<\/td>\n<\/tr>\n<tr align=\"CENTER\">\n<td><b>Vikt<\/b><\/td>\n<td>1 lb. 12 oz. <\/td>\n<\/tr>\n<\/tbody>\n<\/table>\n","protected":false},"excerpt":{"rendered":"<p>Coyote Brown eller mossy oak shadow grass habitat<\/p>\n","protected":false},"featured_media":268994,"comment_status":"open","ping_status":"closed","template":"","meta":[],"product_brand":[],"product_cat":[2566,2564],"product_tag":[],"class_list":{"0":"post-286034","1":"product","2":"type-product","3":"status-publish","4":"has-post-thumbnail","6":"product_cat-jaktvaskor","7":"product_cat-remmar-tillbehor","9":"first","10":"instock","11":"taxable","12":"shipping-taxable","13":"purchasable","14":"product-type-variable"},"composite_virtual":false,"composite_layout":"","composite_add_to_cart_form_location":"","composite_editable_in_cart":false,"composite_sold_individually_context":"","composite_shop_price_calc":"","composite_components":[],"composite_scenarios":[],"group_of_quantity":0,"min_quantity":0,"max_quantity":"","exclude_order_quantity_value_rules":"no","exclude_category_quantity_rules":"no","combine_variations":"no","exclude_global_add_ons":[],"addons":[],"_links":{"self":[{"href":"https:\/\/www.huntersfriend.eu\/sv\/wp-json\/wp\/v2\/product\/286034","targetHints":{"allow":["GET"]}}],"collection":[{"href":"https:\/\/www.huntersfriend.eu\/sv\/wp-json\/wp\/v2\/product"}],"about":[{"href":"https:\/\/www.huntersfriend.eu\/sv\/wp-json\/wp\/v2\/types\/product"}],"replies":[{"embeddable":true,"href":"https:\/\/www.huntersfriend.eu\/sv\/wp-json\/wp\/v2\/comments?post=286034"}],"wp:featuredmedia":[{"embeddable":true,"href":"https:\/\/www.huntersfriend.eu\/sv\/wp-json\/wp\/v2\/media\/268994"}],"wp:attachment":[{"href":"https:\/\/www.huntersfriend.eu\/sv\/wp-json\/wp\/v2\/media?parent=286034"}],"wp:term":[{"taxonomy":"product_brand","embeddable":true,"href":"https:\/\/www.huntersfriend.eu\/sv\/wp-json\/wp\/v2\/product_brand?post=286034"},{"taxonomy":"product_cat","embeddable":true,"href":"https:\/\/www.huntersfriend.eu\/sv\/wp-json\/wp\/v2\/product_cat?post=286034"},{"taxonomy":"product_tag","embeddable":true,"href":"https:\/\/www.huntersfriend.eu\/sv\/wp-json\/wp\/v2\/product_tag?post=286034"}],"curies":[{"name":"wp","href":"https:\/\/api.w.org\/{rel}","templated":true}]}}