{"id":286030,"date":"2024-05-22T00:18:20","date_gmt":"2024-05-21T22:18:20","guid":{"rendered":"https:\/\/www.huntersfriend.eu\/product\/bridger-330-magnum-kroppsfalla\/"},"modified":"2025-08-26T11:26:01","modified_gmt":"2025-08-26T09:26:01","slug":"bridger-330-magnum-kroppsfalla","status":"publish","type":"product","link":"https:\/\/www.huntersfriend.eu\/sv\/produkt\/bridger-330-magnum-kroppsfalla\/","title":{"rendered":"Bridger #330 Magnum kroppsf\u00e4lla"},"content":{"rendered":"<p><span class=\"jCAhz ChMk0b\"><span class=\"ryNqvb\">Bridger #330 Magnum kroppsf\u00e4lla \u00e4r en prisv\u00e4rd f\u00e4lla tillverkad enligt kvalitetsstandarderna fr\u00e5n dess amerikanska tillverkare, som har ett utm\u00e4rkt rykte p\u00e5 den amerikanska kontinenten.<\/span><\/span> <span class=\"jCAhz ChMk0b\"><span class=\"ryNqvb\">Fj\u00e4drarna i dessa st\u00e5lf\u00e4llor \u00e4r v\u00e4rmebehandlade f\u00f6r l\u00e5ng livsl\u00e4ngd.<\/span><\/span> <span class=\"jCAhz ChMk0b\"><span class=\"ryNqvb\">Triggarna i den h\u00e4r modellen, som \u00e4r s\u00e4rskilt l\u00e4mplig f\u00f6r b\u00e4vrar, \u00e4r breda och sitter p\u00e5 plats mycket bra.<\/span><\/span> <span class=\"jCAhz ChMk0b\"><span class=\"ryNqvb\">I f\u00e4stkedjan har man tagit h\u00e4nsyn till kedjans icke-l\u00e5sande rotation i ledsvivlarna.<\/span><\/span> <span class=\"jCAhz ChMk0b\"><span class=\"ryNqvb\">Denna genomg\u00e5ngsf\u00e4lla fr\u00e5n Bridger \u00e4r en s\u00e5 kallad<\/span><\/span> <span class=\"jCAhz ChMk0b\"><span class=\"ryNqvb\">en omedelbart d\u00f6dande f\u00e4lla, som orsakar omedelbar d\u00f6d f\u00f6r djuret som gick in i den n\u00e4r den utl\u00f6stes.<\/span><\/span> <span class=\"jCAhz ChMk0b\"><span class=\"ryNqvb\">Bridger #330-f\u00e4llor kan anv\u00e4ndas under vatten f\u00f6r jakt p\u00e5 till exempel europeisk b\u00e4ver och kanadensisk b\u00e4ver.<\/span><\/span> <span class=\"jCAhz ChMk0b\"><span class=\"ryNqvb\">I detta fall f\u00e5r f\u00e4llornas diameter inte \u00f6verstiga 30 centimeter.<\/span><\/span> <span class=\"jCAhz ChMk0b\"><span class=\"ryNqvb\">Enligt lagen m\u00e5ste f\u00e4llorna underh\u00e5llas regelbundet och f\u00e4llorna m\u00e5ste placeras p\u00e5 ett s\u00e5dant s\u00e4tt att de inte utg\u00f6r en fara f\u00f6r m\u00e4nniskor eller andra djur \u00e4n de som f\u00e5ngas.<\/span><\/span> <span class=\"jCAhz ChMk0b\"><span class=\"ryNqvb\">N\u00e4r du s\u00e4tter f\u00e4llorna rekommenderar vi att du anv\u00e4nder inst\u00e4llningst\u00e4nger eller gripare f\u00f6r din egen s\u00e4kerhet.<\/span><\/span> <span class=\"jCAhz ChMk0b\"><span class=\"ryNqvb\">Bridger #330 Magnum storlek \u00e4r 26,67 cm x 25,40 cm och f\u00e4llans vikt \u00e4r 2,19 kg.<\/span><\/span><\/p>\n","protected":false},"excerpt":{"rendered":"<p>Bridger #330 Magnum kroppsf\u00e4lla \u00e4r en prisv\u00e4rd f\u00e4lla tillverkad enligt kvalitetsstandarderna fr\u00e5n dess amerikanska tillverkare, som har ett utm\u00e4rkt rykte p\u00e5 den amerikanska kontinenten. Fj\u00e4drarna i dessa st\u00e5lf\u00e4llor \u00e4r v\u00e4rmebehandlade f\u00f6r l\u00e5ng livsl\u00e4ngd. Triggarna i den h\u00e4r modellen, som \u00e4r s\u00e4rskilt l\u00e4mplig f\u00f6r b\u00e4vrar, \u00e4r breda och sitter p\u00e5 plats mycket bra. I f\u00e4stkedjan har [&#8230;]\n","protected":false},"featured_media":268715,"comment_status":"open","ping_status":"closed","template":"","meta":[],"product_brand":[],"product_cat":[2696],"product_tag":[],"class_list":{"0":"post-286030","1":"product","2":"type-product","3":"status-publish","4":"has-post-thumbnail","6":"product_cat-fallor-och-fangsttillbehor","8":"first","9":"outofstock","10":"taxable","11":"shipping-taxable","12":"purchasable","13":"product-type-simple"},"composite_virtual":false,"composite_layout":"","composite_add_to_cart_form_location":"","composite_editable_in_cart":false,"composite_sold_individually_context":"","composite_shop_price_calc":"","composite_components":[],"composite_scenarios":[],"group_of_quantity":0,"min_quantity":0,"max_quantity":"","exclude_order_quantity_value_rules":"no","exclude_category_quantity_rules":"no","combine_variations":"no","exclude_global_add_ons":[],"addons":[],"_links":{"self":[{"href":"https:\/\/www.huntersfriend.eu\/sv\/wp-json\/wp\/v2\/product\/286030","targetHints":{"allow":["GET"]}}],"collection":[{"href":"https:\/\/www.huntersfriend.eu\/sv\/wp-json\/wp\/v2\/product"}],"about":[{"href":"https:\/\/www.huntersfriend.eu\/sv\/wp-json\/wp\/v2\/types\/product"}],"replies":[{"embeddable":true,"href":"https:\/\/www.huntersfriend.eu\/sv\/wp-json\/wp\/v2\/comments?post=286030"}],"wp:featuredmedia":[{"embeddable":true,"href":"https:\/\/www.huntersfriend.eu\/sv\/wp-json\/wp\/v2\/media\/268715"}],"wp:attachment":[{"href":"https:\/\/www.huntersfriend.eu\/sv\/wp-json\/wp\/v2\/media?parent=286030"}],"wp:term":[{"taxonomy":"product_brand","embeddable":true,"href":"https:\/\/www.huntersfriend.eu\/sv\/wp-json\/wp\/v2\/product_brand?post=286030"},{"taxonomy":"product_cat","embeddable":true,"href":"https:\/\/www.huntersfriend.eu\/sv\/wp-json\/wp\/v2\/product_cat?post=286030"},{"taxonomy":"product_tag","embeddable":true,"href":"https:\/\/www.huntersfriend.eu\/sv\/wp-json\/wp\/v2\/product_tag?post=286030"}],"curies":[{"name":"wp","href":"https:\/\/api.w.org\/{rel}","templated":true}]}}