{"id":286029,"date":"2024-05-22T00:18:20","date_gmt":"2024-05-21T22:18:20","guid":{"rendered":"https:\/\/www.huntersfriend.eu\/product\/sleepy-creek-fallmod-4-stallare\/"},"modified":"2025-08-26T11:26:00","modified_gmt":"2025-08-26T09:26:00","slug":"sleepy-creek-fallmod-4-stallare","status":"publish","type":"product","link":"https:\/\/www.huntersfriend.eu\/sv\/produkt\/sleepy-creek-fallmod-4-stallare\/","title":{"rendered":"Sleepy Creek f\u00e4llmod 4 st\u00e4llare"},"content":{"rendered":"<p><span class=\"jCAhz ChMk0b\"><span class=\"ryNqvb\">Sleepy Creek Trap Mod 4 Setters inst\u00e4llningst\u00e4nger \u00e4r gjorda av aluminium, mycket l\u00e4tta inst\u00e4llningst\u00e4nger f\u00f6r b\u00e5de sm\u00e5 och stora f\u00e4llor.<\/span><\/span> <span class=\"jCAhz ChMk0b\"><span class=\"ryNqvb\">Vi rekommenderar dessa inst\u00e4llningst\u00e4nger f\u00f6r #220, #280 &amp; #330 storleksklass Conibear-stil kroppsf\u00e4llor.<\/p>\n<p><\/span><\/span><span class=\"jCAhz ChMk0b\"><span class=\"ryNqvb\">Material: aluminium.<br \/>\n<\/span><\/span><span class=\"jCAhz ChMk0b\"><span class=\"ryNqvb\">L\u00e4ngd: 60,96 cm.<\/span><\/span><br \/>\n<span class=\"jCAhz ChMk0b\"><span class=\"ryNqvb\">Vikt: 680,35 gram.<\/span><\/span><\/p>\n","protected":false},"excerpt":{"rendered":"<p>Sleepy Creek Trap Mod 4 Setters inst\u00e4llningst\u00e4nger \u00e4r gjorda av aluminium, mycket l\u00e4tta inst\u00e4llningst\u00e4nger f\u00f6r b\u00e5de sm\u00e5 och stora f\u00e4llor. Vi rekommenderar dessa inst\u00e4llningst\u00e4nger f\u00f6r #220, #280 &amp; #330 storleksklass Conibear-stil kroppsf\u00e4llor. Material: aluminium. L\u00e4ngd: 60,96 cm. Vikt: 680,35 gram.<\/p>\n","protected":false},"featured_media":268754,"comment_status":"open","ping_status":"closed","template":"","meta":[],"product_brand":[],"product_cat":[2696],"product_tag":[],"class_list":{"0":"post-286029","1":"product","2":"type-product","3":"status-publish","4":"has-post-thumbnail","6":"product_cat-fallor-och-fangsttillbehor","8":"first","9":"outofstock","10":"taxable","11":"shipping-taxable","12":"purchasable","13":"product-type-simple"},"composite_virtual":false,"composite_layout":"","composite_add_to_cart_form_location":"","composite_editable_in_cart":false,"composite_sold_individually_context":"","composite_shop_price_calc":"","composite_components":[],"composite_scenarios":[],"group_of_quantity":0,"min_quantity":0,"max_quantity":"","exclude_order_quantity_value_rules":"no","exclude_category_quantity_rules":"no","combine_variations":"no","exclude_global_add_ons":[],"addons":[],"_links":{"self":[{"href":"https:\/\/www.huntersfriend.eu\/sv\/wp-json\/wp\/v2\/product\/286029","targetHints":{"allow":["GET"]}}],"collection":[{"href":"https:\/\/www.huntersfriend.eu\/sv\/wp-json\/wp\/v2\/product"}],"about":[{"href":"https:\/\/www.huntersfriend.eu\/sv\/wp-json\/wp\/v2\/types\/product"}],"replies":[{"embeddable":true,"href":"https:\/\/www.huntersfriend.eu\/sv\/wp-json\/wp\/v2\/comments?post=286029"}],"wp:featuredmedia":[{"embeddable":true,"href":"https:\/\/www.huntersfriend.eu\/sv\/wp-json\/wp\/v2\/media\/268754"}],"wp:attachment":[{"href":"https:\/\/www.huntersfriend.eu\/sv\/wp-json\/wp\/v2\/media?parent=286029"}],"wp:term":[{"taxonomy":"product_brand","embeddable":true,"href":"https:\/\/www.huntersfriend.eu\/sv\/wp-json\/wp\/v2\/product_brand?post=286029"},{"taxonomy":"product_cat","embeddable":true,"href":"https:\/\/www.huntersfriend.eu\/sv\/wp-json\/wp\/v2\/product_cat?post=286029"},{"taxonomy":"product_tag","embeddable":true,"href":"https:\/\/www.huntersfriend.eu\/sv\/wp-json\/wp\/v2\/product_tag?post=286029"}],"curies":[{"name":"wp","href":"https:\/\/api.w.org\/{rel}","templated":true}]}}