{"id":286026,"date":"2024-05-22T00:12:11","date_gmt":"2024-05-21T22:12:11","guid":{"rendered":"https:\/\/www.huntersfriend.eu\/product\/ram-loc-plus\/"},"modified":"2026-02-05T08:02:07","modified_gmt":"2026-02-05T06:02:07","slug":"ram-loc-plus","status":"publish","type":"product","link":"https:\/\/www.huntersfriend.eu\/sv\/produkt\/ram-loc-plus\/","title":{"rendered":"Ram-loc plus"},"content":{"rendered":"<p><span class=\"jCAhz ChMk0b\"><span class=\"ryNqvb\">Ram-Loc Plus inst\u00e4llningskontroll \u00e4r ett praktiskt verktyg, s\u00e4rskilt f\u00f6r dem som arbetar med stora och kraftfulla f\u00e4llor.<\/span><\/span> <span class=\"jCAhz ChMk0b\"><span class=\"ryNqvb\">Passar alla f\u00e4llor i Conibear-stil.<\/span><\/span> <span class=\"jCAhz ChMk0b\"><span class=\"ryNqvb\">Med det h\u00e4r verktyget f\u00f6rhindrar du att f\u00e4llorna oavsiktligt utl\u00f6ses n\u00e4r du st\u00e4ller in dem.<\/span><\/span><\/p>\n<p>Kan anv\u00e4ndas p\u00e5 alla storlekar av kraftsnaror och fungerar som en s\u00e4kerhetsanordning p\u00e5 alla storlekar av kroppsgripande f\u00e4llor. Klarar trycket fr\u00e5n den starkaste #330-storleken utan risk f\u00f6r oavsiktlig avfyrning. Tillverkad av st\u00e5l av h\u00f6gsta kvalitet. Sp\u00e4nning tillhandah\u00e5lls av musiktr\u00e5dsfj\u00e4drar. V\u00e4ger bara 113 gram.    <\/p>\n","protected":false},"excerpt":{"rendered":"<p>Ram-Loc Plus inst\u00e4llningskontroll \u00e4r ett praktiskt verktyg, s\u00e4rskilt f\u00f6r dem som arbetar med stora och kraftfulla f\u00e4llor. Passar alla f\u00e4llor i Conibear-stil. Med det h\u00e4r verktyget f\u00f6rhindrar du att f\u00e4llorna oavsiktligt utl\u00f6ses n\u00e4r du st\u00e4ller in dem. Kan anv\u00e4ndas p\u00e5 alla storlekar av kraftsnaror och fungerar som en s\u00e4kerhetsanordning p\u00e5 alla storlekar av kroppsgripande f\u00e4llor. [&#8230;]\n","protected":false},"featured_media":268769,"comment_status":"open","ping_status":"closed","template":"","meta":[],"product_brand":[],"product_cat":[2696],"product_tag":[],"class_list":{"0":"post-286026","1":"product","2":"type-product","3":"status-publish","4":"has-post-thumbnail","6":"product_cat-fallor-och-fangsttillbehor","8":"first","9":"outofstock","10":"taxable","11":"shipping-taxable","12":"purchasable","13":"product-type-simple"},"composite_virtual":false,"composite_layout":"","composite_add_to_cart_form_location":"","composite_editable_in_cart":false,"composite_sold_individually_context":"","composite_shop_price_calc":"","composite_components":[],"composite_scenarios":[],"group_of_quantity":0,"min_quantity":0,"max_quantity":"","exclude_order_quantity_value_rules":"no","exclude_category_quantity_rules":"no","combine_variations":"no","exclude_global_add_ons":[],"addons":[],"_links":{"self":[{"href":"https:\/\/www.huntersfriend.eu\/sv\/wp-json\/wp\/v2\/product\/286026","targetHints":{"allow":["GET"]}}],"collection":[{"href":"https:\/\/www.huntersfriend.eu\/sv\/wp-json\/wp\/v2\/product"}],"about":[{"href":"https:\/\/www.huntersfriend.eu\/sv\/wp-json\/wp\/v2\/types\/product"}],"replies":[{"embeddable":true,"href":"https:\/\/www.huntersfriend.eu\/sv\/wp-json\/wp\/v2\/comments?post=286026"}],"wp:featuredmedia":[{"embeddable":true,"href":"https:\/\/www.huntersfriend.eu\/sv\/wp-json\/wp\/v2\/media\/268769"}],"wp:attachment":[{"href":"https:\/\/www.huntersfriend.eu\/sv\/wp-json\/wp\/v2\/media?parent=286026"}],"wp:term":[{"taxonomy":"product_brand","embeddable":true,"href":"https:\/\/www.huntersfriend.eu\/sv\/wp-json\/wp\/v2\/product_brand?post=286026"},{"taxonomy":"product_cat","embeddable":true,"href":"https:\/\/www.huntersfriend.eu\/sv\/wp-json\/wp\/v2\/product_cat?post=286026"},{"taxonomy":"product_tag","embeddable":true,"href":"https:\/\/www.huntersfriend.eu\/sv\/wp-json\/wp\/v2\/product_tag?post=286026"}],"curies":[{"name":"wp","href":"https:\/\/api.w.org\/{rel}","templated":true}]}}