{"id":286024,"date":"2024-05-18T00:32:11","date_gmt":"2024-05-17T22:32:11","guid":{"rendered":"https:\/\/www.huntersfriend.eu\/product\/meopta-meopro-optika6-3-18x56rd-sfp-4k-riktmedel\/"},"modified":"2025-08-26T11:25:57","modified_gmt":"2025-08-26T09:25:57","slug":"meopta-meopro-optika6-3-18x56rd-sfp-4k-riktmedel","status":"publish","type":"product","link":"https:\/\/www.huntersfriend.eu\/sv\/produkt\/meopta-meopro-optika6-3-18x56rd-sfp-4k-riktmedel\/","title":{"rendered":"Meopta Meopro Optika6 3-18x56RD SFP 4K-riktmedel"},"content":{"rendered":"<p><span class=\"jCAhz ChMk0b\"><span class=\"ryNqvb\">Meopta Meopro Optika6 3-18x56RD SFP \u00e4r ett prisv\u00e4rt och h\u00f6gpresterande kikarsikte f\u00f6r f\u00e5gelsk\u00e5dning, observation av sm\u00e5vilt eller hjortjakt.<\/span><\/span> <span class=\"jCAhz ChMk0b\"><span class=\"ryNqvb\">Fr\u00e5n 3x f\u00f6rstoring till 18x f\u00f6rblir siktbilden av h\u00f6g kvalitet.<\/span><\/span> <span class=\"jCAhz ChMk0b\"><span class=\"ryNqvb\">Den snabba justeringen av siktet underl\u00e4ttas av kastarmen som medf\u00f6ljer siktet, dvs. f\u00f6rstoringens justeringsarm.<\/span><\/span> <span class=\"jCAhz ChMk0b\"><span class=\"ryNqvb\">Den stora storleken p\u00e5 kontrollerna g\u00f6r anv\u00e4ndningen betydligt enklare.<\/span><\/span> <span class=\"jCAhz ChMk0b\"><span class=\"ryNqvb\">Kikarsiktets ramtub \u00e4r 30 mm.<\/span><\/span> <span class=\"jCAhz ChMk0b\"><span class=\"ryNqvb\">I mitten av 4K-riktmedlet finns ett stegvis justerbart belyst riktmedel som anpassas efter f\u00f6rh\u00e5llandena f\u00f6r att passa skytten.<\/span><\/span> <span class=\"jCAhz ChMk0b\"><span class=\"ryNqvb\">4K-riktmedlet \u00e4r s\u00e4rskilt l\u00e4mpligt f\u00f6r dem som vill ha gott om utrymme i m\u00e5lbildens centrala omr\u00e5de.<\/span><\/span> <span class=\"jCAhz ChMk0b\"><span class=\"ryNqvb\">I kikarsiktet kan justeringstornet \u00e5terst\u00e4llas och parallaxen justeras.<\/span><\/span><\/p>\n<p><span class=\"jCAhz ChMk0b\"><span class=\"ryNqvb\">Meopta Meopro Optika6-kikarsikten har 10 \u00e5rs garanti!<\/span><\/span><\/p>\n<p><span class=\"jCAhz ChMk0b\"><span class=\"ryNqvb\">Synf\u00e4lt &#8211; m@100m 11,1\/1,9<\/span><\/span><br \/>\n<span class=\"jCAhz ChMk0b\"><span class=\"ryNqvb\">Effekt av justeringsklick &#8211; cm@100m<\/span><\/span> <span class=\"jCAhz ChMk0b\"><span class=\"ryNqvb\">0,7<\/span><\/span><br \/>\n<span class=\"jCAhz ChMk0b\"><span class=\"ryNqvb\">\u00d6gonavst\u00e5nd &#8211; mm 100<\/span><\/span><br \/>\n<span class=\"jCAhz ChMk0b\"><span class=\"ryNqvb\">Dioptrijustering -2 \/ 2 D<\/span><\/span><br \/>\n<span class=\"jCAhz ChMk0b\"><span class=\"ryNqvb\">Vikt &#8211; 865 gram<\/span><\/span><\/p>\n","protected":false},"excerpt":{"rendered":"<p>Meopta Meopro Optika6 3-18x56RD SFP \u00e4r ett prisv\u00e4rt och h\u00f6gpresterande kikarsikte f\u00f6r f\u00e5gelsk\u00e5dning, observation av sm\u00e5vilt eller hjortjakt. Fr\u00e5n 3x f\u00f6rstoring till 18x f\u00f6rblir siktbilden av h\u00f6g kvalitet. Den snabba justeringen av siktet underl\u00e4ttas av kastarmen som medf\u00f6ljer siktet, dvs. f\u00f6rstoringens justeringsarm. Den stora storleken p\u00e5 kontrollerna g\u00f6r anv\u00e4ndningen betydligt enklare. Kikarsiktets ramtub \u00e4r 30 [&#8230;]\n","protected":false},"featured_media":268701,"comment_status":"open","ping_status":"closed","template":"","meta":[],"product_brand":[],"product_cat":[878],"product_tag":[],"class_list":{"0":"post-286024","1":"product","2":"type-product","3":"status-publish","4":"has-post-thumbnail","6":"product_cat-uncategorized-sv","8":"first","9":"outofstock","10":"taxable","11":"shipping-taxable","12":"purchasable","13":"product-type-simple"},"composite_virtual":false,"composite_layout":"","composite_add_to_cart_form_location":"","composite_editable_in_cart":false,"composite_sold_individually_context":"","composite_shop_price_calc":"","composite_components":[],"composite_scenarios":[],"group_of_quantity":0,"min_quantity":0,"max_quantity":"","exclude_order_quantity_value_rules":"no","exclude_category_quantity_rules":"no","combine_variations":"no","exclude_global_add_ons":[],"addons":[],"_links":{"self":[{"href":"https:\/\/www.huntersfriend.eu\/sv\/wp-json\/wp\/v2\/product\/286024","targetHints":{"allow":["GET"]}}],"collection":[{"href":"https:\/\/www.huntersfriend.eu\/sv\/wp-json\/wp\/v2\/product"}],"about":[{"href":"https:\/\/www.huntersfriend.eu\/sv\/wp-json\/wp\/v2\/types\/product"}],"replies":[{"embeddable":true,"href":"https:\/\/www.huntersfriend.eu\/sv\/wp-json\/wp\/v2\/comments?post=286024"}],"wp:featuredmedia":[{"embeddable":true,"href":"https:\/\/www.huntersfriend.eu\/sv\/wp-json\/wp\/v2\/media\/268701"}],"wp:attachment":[{"href":"https:\/\/www.huntersfriend.eu\/sv\/wp-json\/wp\/v2\/media?parent=286024"}],"wp:term":[{"taxonomy":"product_brand","embeddable":true,"href":"https:\/\/www.huntersfriend.eu\/sv\/wp-json\/wp\/v2\/product_brand?post=286024"},{"taxonomy":"product_cat","embeddable":true,"href":"https:\/\/www.huntersfriend.eu\/sv\/wp-json\/wp\/v2\/product_cat?post=286024"},{"taxonomy":"product_tag","embeddable":true,"href":"https:\/\/www.huntersfriend.eu\/sv\/wp-json\/wp\/v2\/product_tag?post=286024"}],"curies":[{"name":"wp","href":"https:\/\/api.w.org\/{rel}","templated":true}]}}