{"id":286022,"date":"2024-05-18T00:32:10","date_gmt":"2024-05-17T22:32:10","guid":{"rendered":"https:\/\/www.huntersfriend.eu\/product\/meopta-meopro-optika6-3-18x50rd-sfp-4c-riktmedel\/"},"modified":"2025-08-26T11:25:56","modified_gmt":"2025-08-26T09:25:56","slug":"meopta-meopro-optika6-3-18x50rd-sfp-4c-riktmedel","status":"publish","type":"product","link":"https:\/\/www.huntersfriend.eu\/sv\/produkt\/meopta-meopro-optika6-3-18x50rd-sfp-4c-riktmedel\/","title":{"rendered":"Meopta Meopro Optika6 3-18x50RD SFP, 4C-riktmedel"},"content":{"rendered":"<p><span class=\"jCAhz ChMk0b\"><span class=\"ryNqvb\">Meopta Meopro Optika6 3-18x50RD SFP \u00e4r ett prisv\u00e4rt och h\u00f6gpresterande kikarsikte f\u00f6r f\u00e5gelsk\u00e5dning, observation av sm\u00e5vilt eller hjortjakt.<\/span><\/span> <span class=\"jCAhz ChMk0b\"><span class=\"ryNqvb\">Fr\u00e5n 3x f\u00f6rstoring till 18x f\u00f6rblir siktbilden av h\u00f6g kvalitet.<\/span><\/span> <span class=\"jCAhz ChMk0b\"><span class=\"ryNqvb\">Den snabba justeringen av siktet underl\u00e4ttas av kastarmen som medf\u00f6ljer siktet, dvs. f\u00f6rstoringens justeringsarm.<\/span><\/span> <span class=\"jCAhz ChMk0b\"><span class=\"ryNqvb\">Den stora storleken p\u00e5 kontrollerna g\u00f6r anv\u00e4ndningen betydligt enklare.<\/span><\/span> <span class=\"jCAhz ChMk0b\"><span class=\"ryNqvb\">Siktets ramtub \u00e4r 30 mm.<\/span><\/span> <span class=\"jCAhz ChMk0b\"><span class=\"ryNqvb\">I mitten av 4C-riktmedlet finns en stegvis justerbar ljuspunkt som anpassas efter f\u00f6rh\u00e5llandena f\u00f6r att passa skytten.<\/span><\/span> <span class=\"jCAhz ChMk0b\"><span class=\"ryNqvb\">I siktet kan justeringstornet \u00e5terst\u00e4llas och parallaxen justeras.<\/span><\/span><\/p>\n<p><span class=\"jCAhz ChMk0b\"><span class=\"ryNqvb\">Meopta Meopro Optika6-kikarsikten har 10 \u00e5rs garanti!<\/span><\/span><\/p>\n<p><span class=\"jCAhz ChMk0b\"><span class=\"ryNqvb\">Synf\u00e4lt, m@100m 11,2\/1,9<\/span><\/span><br \/>\n<span class=\"jCAhz ChMk0b\"><span class=\"ryNqvb\">Effekt av justeringsklick, cm@100m 0,7<\/span><\/span><br \/>\n<span class=\"jCAhz ChMk0b\"><span class=\"ryNqvb\">\u00d6gonavst\u00e5nd, mm 100<\/span><\/span><br \/>\n<span class=\"jCAhz ChMk0b\"><span class=\"ryNqvb\">Dioptrijustering -2 \/ 2 D<\/span><\/span><br \/>\n<span class=\"jCAhz ChMk0b\"><span class=\"ryNqvb\">Vikt, 849 gram<\/span><\/span><\/p>\n","protected":false},"excerpt":{"rendered":"<p>Meopta Meopro Optika6 3-18x50RD SFP \u00e4r ett prisv\u00e4rt och h\u00f6gpresterande kikarsikte f\u00f6r f\u00e5gelsk\u00e5dning, observation av sm\u00e5vilt eller hjortjakt. Fr\u00e5n 3x f\u00f6rstoring till 18x f\u00f6rblir siktbilden av h\u00f6g kvalitet. Den snabba justeringen av siktet underl\u00e4ttas av kastarmen som medf\u00f6ljer siktet, dvs. f\u00f6rstoringens justeringsarm. Den stora storleken p\u00e5 kontrollerna g\u00f6r anv\u00e4ndningen betydligt enklare. Siktets ramtub \u00e4r 30 [&#8230;]\n","protected":false},"featured_media":268686,"comment_status":"open","ping_status":"closed","template":"","meta":[],"product_brand":[],"product_cat":[2526],"product_tag":[],"class_list":{"0":"post-286022","1":"product","2":"type-product","3":"status-publish","4":"has-post-thumbnail","6":"product_cat-kikarsikten-och-optik","8":"first","9":"outofstock","10":"taxable","11":"shipping-taxable","12":"purchasable","13":"product-type-simple"},"composite_virtual":false,"composite_layout":"","composite_add_to_cart_form_location":"","composite_editable_in_cart":false,"composite_sold_individually_context":"","composite_shop_price_calc":"","composite_components":[],"composite_scenarios":[],"group_of_quantity":0,"min_quantity":0,"max_quantity":"","exclude_order_quantity_value_rules":"no","exclude_category_quantity_rules":"no","combine_variations":"no","exclude_global_add_ons":[],"addons":[],"_links":{"self":[{"href":"https:\/\/www.huntersfriend.eu\/sv\/wp-json\/wp\/v2\/product\/286022","targetHints":{"allow":["GET"]}}],"collection":[{"href":"https:\/\/www.huntersfriend.eu\/sv\/wp-json\/wp\/v2\/product"}],"about":[{"href":"https:\/\/www.huntersfriend.eu\/sv\/wp-json\/wp\/v2\/types\/product"}],"replies":[{"embeddable":true,"href":"https:\/\/www.huntersfriend.eu\/sv\/wp-json\/wp\/v2\/comments?post=286022"}],"wp:featuredmedia":[{"embeddable":true,"href":"https:\/\/www.huntersfriend.eu\/sv\/wp-json\/wp\/v2\/media\/268686"}],"wp:attachment":[{"href":"https:\/\/www.huntersfriend.eu\/sv\/wp-json\/wp\/v2\/media?parent=286022"}],"wp:term":[{"taxonomy":"product_brand","embeddable":true,"href":"https:\/\/www.huntersfriend.eu\/sv\/wp-json\/wp\/v2\/product_brand?post=286022"},{"taxonomy":"product_cat","embeddable":true,"href":"https:\/\/www.huntersfriend.eu\/sv\/wp-json\/wp\/v2\/product_cat?post=286022"},{"taxonomy":"product_tag","embeddable":true,"href":"https:\/\/www.huntersfriend.eu\/sv\/wp-json\/wp\/v2\/product_tag?post=286022"}],"curies":[{"name":"wp","href":"https:\/\/api.w.org\/{rel}","templated":true}]}}