{"id":286021,"date":"2024-05-04T00:32:18","date_gmt":"2024-05-03T22:32:18","guid":{"rendered":"https:\/\/www.huntersfriend.eu\/product\/warthog-v-sharp-a4-knivslipare\/"},"modified":"2025-08-26T11:25:54","modified_gmt":"2025-08-26T09:25:54","slug":"warthog-v-sharp-a4-knivslipare","status":"publish","type":"product","link":"https:\/\/www.huntersfriend.eu\/sv\/produkt\/warthog-v-sharp-a4-knivslipare\/","title":{"rendered":"Warthog v-Sharp A4 knivslipare"},"content":{"rendered":"<p><strong>VSharp A4 funktioner:<\/strong><\/p>\n<ul>\n<li>Banbrytande 15-graders vinkel f\u00f6r exklusiva specialknivar.<\/li>\n<li>Patenterat V-Sharp-system f\u00f6r exakta vinkeljusteringar.<\/li>\n<li>Levereras med premiumgummibas<\/li>\n<li>4 justerbara vinklar 15-20-25-30.<\/li>\n<li>325 Grit Natural Diamond brynen med avslutande st\u00e5l ing\u00e5r.<\/li>\n<li>Metallramskonstruktion.<\/li>\n<li>H\u00e5llbar pulverlackering.<\/li>\n<li>Ytterligare 270, 325, 600, 1000 grit och keramiska brynen finns tillg\u00e4ngliga.<\/li>\n<\/ul>\n<p>Alla har upplevt problemen som orsakas av att anv\u00e4nda sl\u00f6a knivar. Den helt nya <strong>VSharp A4 <\/strong>\u00e4r din l\u00f6sning. Den anv\u00e4nder tv\u00e5 h\u00f6gkvalitativa 325 grit diamantbrynen som slipar b\u00e5da sidor av bladet samtidigt. A4 anv\u00e4nder det patenterade V-Sharp-systemet med vinkelinst\u00e4llningar p\u00e5 15-, 20-, 25- och 30-grader f\u00f6r att slipa praktiskt taget vilken kniv som helst. Det \u00e4r den perfekta diamantknivsliparen f\u00f6r hemmabruk, kockar, fiskare och j\u00e4gare. Anv\u00e4nd med v\u00e5ra keramiska brynen f\u00f6r att enkelt slipa tandade blad! A4-knivsliparen \u00e4r enkel att anv\u00e4nda, snabb och exakt. Med Warthog Sharpeners kan n\u00e4stan vem som helst slipa en sl\u00f6 kniv.       <\/p>\n","protected":false},"excerpt":{"rendered":"<p>Antracit<\/p>\n","protected":false},"featured_media":268694,"comment_status":"open","ping_status":"closed","template":"","meta":[],"product_brand":[],"product_cat":[2610],"product_tag":[],"class_list":{"0":"post-286021","1":"product","2":"type-product","3":"status-publish","4":"has-post-thumbnail","6":"product_cat-knivar-yxor-och-slipar","8":"first","9":"instock","10":"taxable","11":"shipping-taxable","12":"purchasable","13":"product-type-simple"},"composite_virtual":false,"composite_layout":"","composite_add_to_cart_form_location":"","composite_editable_in_cart":false,"composite_sold_individually_context":"","composite_shop_price_calc":"","composite_components":[],"composite_scenarios":[],"group_of_quantity":0,"min_quantity":0,"max_quantity":"","exclude_order_quantity_value_rules":"no","exclude_category_quantity_rules":"no","combine_variations":"no","exclude_global_add_ons":[],"addons":[],"_links":{"self":[{"href":"https:\/\/www.huntersfriend.eu\/sv\/wp-json\/wp\/v2\/product\/286021","targetHints":{"allow":["GET"]}}],"collection":[{"href":"https:\/\/www.huntersfriend.eu\/sv\/wp-json\/wp\/v2\/product"}],"about":[{"href":"https:\/\/www.huntersfriend.eu\/sv\/wp-json\/wp\/v2\/types\/product"}],"replies":[{"embeddable":true,"href":"https:\/\/www.huntersfriend.eu\/sv\/wp-json\/wp\/v2\/comments?post=286021"}],"wp:featuredmedia":[{"embeddable":true,"href":"https:\/\/www.huntersfriend.eu\/sv\/wp-json\/wp\/v2\/media\/268694"}],"wp:attachment":[{"href":"https:\/\/www.huntersfriend.eu\/sv\/wp-json\/wp\/v2\/media?parent=286021"}],"wp:term":[{"taxonomy":"product_brand","embeddable":true,"href":"https:\/\/www.huntersfriend.eu\/sv\/wp-json\/wp\/v2\/product_brand?post=286021"},{"taxonomy":"product_cat","embeddable":true,"href":"https:\/\/www.huntersfriend.eu\/sv\/wp-json\/wp\/v2\/product_cat?post=286021"},{"taxonomy":"product_tag","embeddable":true,"href":"https:\/\/www.huntersfriend.eu\/sv\/wp-json\/wp\/v2\/product_tag?post=286021"}],"curies":[{"name":"wp","href":"https:\/\/api.w.org\/{rel}","templated":true}]}}