{"id":286020,"date":"2024-05-03T00:04:09","date_gmt":"2024-05-02T22:04:09","guid":{"rendered":"https:\/\/www.huntersfriend.eu\/product\/alps-outdoorz-matrix-ryggsack\/"},"modified":"2025-08-26T11:25:54","modified_gmt":"2025-08-26T09:25:54","slug":"alps-outdoorz-matrix-ryggsack","status":"publish","type":"product","link":"https:\/\/www.huntersfriend.eu\/sv\/produkt\/alps-outdoorz-matrix-ryggsack\/","title":{"rendered":"Alps outdoorz matrix-ryggs\u00e4ck"},"content":{"rendered":"<p>\u00c4ntligen en ryggs\u00e4ck som bekv\u00e4mt kan b\u00e4ra ett armborst, en compoundb\u00e5ge och ett gev\u00e4r! Det finns ett unikt f\u00e4stsystem som s\u00e4krar ditt valda vapen p\u00e5 b\u00e5da sidor av ryggs\u00e4cken, vilket g\u00f6r den extremt m\u00e5ngsidig. Hemligheten \u00e4r att det finns tv\u00e5 vadderade remmar h\u00f6gst upp p\u00e5 ryggs\u00e4cken som b\u00f6rjar i mitten och lindas runt vapnet och sedan f\u00e4sts p\u00e5 varje sida. Det finns ocks\u00e5 tv\u00e5 \u201cvingfickor\u201d p\u00e5 framsidan av ryggs\u00e4cken som hj\u00e4lper till att s\u00e4kra och skydda ditt vapen \u00e4nnu mer. Om du inte vill b\u00e4ra ditt vapen p\u00e5 ryggs\u00e4cken fungerar \u201cvingfickorna\u201d utm\u00e4rkt f\u00f6r att b\u00e4ra extra utrustning eller sp\u00e4nna fast tyngre laster. Vi inkluderar till och med tv\u00e5 f\u00f6rl\u00e4ngningsremmar f\u00f6r st\u00f6rre laster. L\u00e4ngst ner p\u00e5 ryggs\u00e4cken finns en nedf\u00e4llbar ficka som hj\u00e4lper till att h\u00e5lla ditt vapen s\u00e4kert. Inuti huvudfacket finns en organisationsficka som hj\u00e4lper till att h\u00e5lla en del av din mindre utrustning organiserad. Den har ett vadderat midjeb\u00e4lte med tv\u00e5 fickor, en p\u00e5 varje sida. Dessutom har den en vadderad axelrem f\u00f6r en mycket bekv\u00e4m b\u00e4rning. Den har en central aluminiumstag f\u00f6r extra st\u00f6d n\u00e4r du b\u00e4r tyngre laster. En orangef\u00e4rgad regnskydd ing\u00e5r ocks\u00e5 om du hamnar i en regnskur eller beh\u00f6ver extra orange f\u00e4rg p\u00e5 din kl\u00e4dsel. Den har en v\u00e4tskeficka och port. Om du \u00e4r j\u00e4gare \u00e4r det h\u00e4r ryggs\u00e4cken f\u00f6r dig. Den kommer att g\u00f6ra dina jakter roligare eftersom dina h\u00e4nder \u00e4r fria att k\u00e4mpa mot terr\u00e4ngen eller b\u00e4ra annan utrustning om det beh\u00f6vs.              <\/p>\n<p>\u2022 Unikt f\u00e4stsystem s\u00e4krar armborst, b\u00e5ge eller gev\u00e4r p\u00e5 ryggs\u00e4cken. Tv\u00e5 vadderade remmar b\u00f6rjar i mitten av ryggs\u00e4cken, lindas runt vapnet eller b\u00e5gen och f\u00e4sts sedan p\u00e5 <\/p>\n<p>varje sida f\u00f6r s\u00e4ker b\u00e4rning<\/p>\n<p>\u2022 Fram\u00e5triktade \u201cvingfickor\u201d med dragkedja g\u00f6r att du kan skydda och s\u00e4kra ditt vapen eller din b\u00e5ge eller utrustning n\u00e4r du transporterar<\/p>\n<p>\u2022 Nedf\u00e4llbar ficka f\u00f6r att b\u00e4ra ditt armborst, din b\u00e5ge eller ditt gev\u00e4r s\u00e4kert<\/p>\n<p>\u2022 Kogerh\u00e5llare p\u00e5 varje sida av ryggs\u00e4cken<\/p>\n<p>\u2022 Organisationsficka inuti huvudfacket f\u00f6r att h\u00e5lla din utrustning organiserad<\/p>\n<p>\u2022 F\u00f6rl\u00e4ngningsremmar ing\u00e5r f\u00f6r extra stora\/skrymmande laster<\/p>\n<p>\u2022 Vadderat, avtagbart midjeb\u00e4lte med tv\u00e5 fickor<\/p>\n<p>\u2022 Midjeb\u00e4ltet kan rymma h\u00f6lster med kl\u00e4mma s\u00e5 att du s\u00e4kert kan b\u00e4ra en pistol<\/p>\n<p>\u2022 Central aluminiumstag f\u00f6r bra st\u00f6d<\/p>\n<p>\u2022 Regnskyddet f\u00f6rvaras prydligt i en ficka med dragkedja p\u00e5 ryggs\u00e4ckens botten tills det beh\u00f6vs<\/p>\n<p>\u2022 Kompatibel med v\u00e4tskesystem<\/p>\n<p>\u2022 Fickor: huvudfack, tv\u00e5 fr\u00e4mre vingfickor, tv\u00e5 sidomeshfickor, tv\u00e5 midjeb\u00e4ltesfickor<\/p>\n<table border=\"3\">\n<tbody>\n<tr align=\"CENTER\">\n<td><b>Kapacitet<\/b><\/td>\n<td>44L \/ 2700 in\u00b3<\/td>\n<\/tr>\n<tr align=\"CENTER\">\n<td><b>Huvudfackets m\u00e5tt<\/b><\/td>\n<td>20&#8243; H x 12&#8243; W x 7.5&#8243; D<\/td>\n<\/tr>\n<tr align=\"CENTER\">\n<td><b>Midjeb\u00e4ltets omf\u00e5ng<\/b><\/td>\n<td>31 &#8211; 58&#8243;<\/td>\n<\/tr>\n<tr align=\"CENTER\">\n<td><b>Vikt<\/b><\/td>\n<td>4 lbs. 8 oz. <\/td>\n<\/tr>\n<\/tbody>\n<\/table>\n","protected":false},"excerpt":{"rendered":"<p>\u00c4ntligen en ryggs\u00e4ck som bekv\u00e4mt kan b\u00e4ra ett armborst, en compoundb\u00e5ge och ett gev\u00e4r! Det finns ett unikt f\u00e4stsystem som s\u00e4krar ditt valda vapen p\u00e5 b\u00e5da sidor av ryggs\u00e4cken, vilket g\u00f6r den extremt m\u00e5ngsidig. Hemligheten \u00e4r att det finns tv\u00e5 vadderade remmar h\u00f6gst upp p\u00e5 ryggs\u00e4cken som b\u00f6rjar i mitten och lindas runt vapnet och [&#8230;]\n","protected":false},"featured_media":269090,"comment_status":"open","ping_status":"closed","template":"","meta":[],"product_brand":[],"product_cat":[2565],"product_tag":[],"class_list":{"0":"post-286020","1":"product","2":"type-product","3":"status-publish","4":"has-post-thumbnail","6":"product_cat-jaktryggsackar","7":"product_shipping_class-medium-sv","9":"first","10":"instock","11":"taxable","12":"shipping-taxable","13":"purchasable","14":"product-type-simple"},"composite_virtual":false,"composite_layout":"","composite_add_to_cart_form_location":"","composite_editable_in_cart":false,"composite_sold_individually_context":"","composite_shop_price_calc":"","composite_components":[],"composite_scenarios":[],"group_of_quantity":0,"min_quantity":0,"max_quantity":"","exclude_order_quantity_value_rules":"no","exclude_category_quantity_rules":"no","combine_variations":"no","exclude_global_add_ons":[],"addons":[],"_links":{"self":[{"href":"https:\/\/www.huntersfriend.eu\/sv\/wp-json\/wp\/v2\/product\/286020","targetHints":{"allow":["GET"]}}],"collection":[{"href":"https:\/\/www.huntersfriend.eu\/sv\/wp-json\/wp\/v2\/product"}],"about":[{"href":"https:\/\/www.huntersfriend.eu\/sv\/wp-json\/wp\/v2\/types\/product"}],"replies":[{"embeddable":true,"href":"https:\/\/www.huntersfriend.eu\/sv\/wp-json\/wp\/v2\/comments?post=286020"}],"wp:featuredmedia":[{"embeddable":true,"href":"https:\/\/www.huntersfriend.eu\/sv\/wp-json\/wp\/v2\/media\/269090"}],"wp:attachment":[{"href":"https:\/\/www.huntersfriend.eu\/sv\/wp-json\/wp\/v2\/media?parent=286020"}],"wp:term":[{"taxonomy":"product_brand","embeddable":true,"href":"https:\/\/www.huntersfriend.eu\/sv\/wp-json\/wp\/v2\/product_brand?post=286020"},{"taxonomy":"product_cat","embeddable":true,"href":"https:\/\/www.huntersfriend.eu\/sv\/wp-json\/wp\/v2\/product_cat?post=286020"},{"taxonomy":"product_tag","embeddable":true,"href":"https:\/\/www.huntersfriend.eu\/sv\/wp-json\/wp\/v2\/product_tag?post=286020"}],"curies":[{"name":"wp","href":"https:\/\/api.w.org\/{rel}","templated":true}]}}