{"id":286019,"date":"2024-05-04T00:32:17","date_gmt":"2024-05-03T22:32:17","guid":{"rendered":"https:\/\/www.huntersfriend.eu\/product\/alps-outdoorz-zero-gravity-pinnar\/"},"modified":"2025-08-26T11:25:53","modified_gmt":"2025-08-26T09:25:53","slug":"alps-outdoorz-zero-gravity-pinnar","status":"publish","type":"product","link":"https:\/\/www.huntersfriend.eu\/sv\/produkt\/alps-outdoorz-zero-gravity-pinnar\/","title":{"rendered":"Alps outdoorz zero gravity-pinnar"},"content":{"rendered":"<p>Ers\u00e4tt f\u00f6rlorade eller ha extra blindpinnar till hands. Dessa hj\u00e4lper till att h\u00e5lla strukturen f\u00f6r Zero-Gravity Layout Blind, men kan ocks\u00e5 anv\u00e4ndas f\u00f6r andra funktioner tack vare sin t\u00e5liga kvalitet. <\/p>\n<p>\u2022 T-handtagsmarkpinne f\u00f6r b\u00e4ttre grepp vid anv\u00e4ndning<\/p>\n<p>\u2022 G\u00e4ngade spetsar g\u00f6r att anv\u00e4ndaren enkelt kan bryta igenom den frusna marken<\/p>\n<p>\u2022 Erbjuds i ett 5-pack f\u00f6r att ers\u00e4tta f\u00f6rlorade markpinnar<\/p>\n<table border=\"3\">\n<tbody>\n<tr align=\"CENTER\">\n<td><b>L\u00e4ngd<\/b><\/td>\n<td>8&#8243;<\/td>\n<\/tr>\n<tr align=\"CENTER\">\n<td><b>Vikt<\/b><\/td>\n<td>57 g\/styck <\/td>\n<\/tr>\n<\/tbody>\n<\/table>\n","protected":false},"excerpt":{"rendered":"<p>Ers\u00e4tt f\u00f6rlorade eller ha extra blindpinnar till hands. Dessa hj\u00e4lper till att h\u00e5lla strukturen f\u00f6r Zero-Gravity Layout Blind, men kan ocks\u00e5 anv\u00e4ndas f\u00f6r andra funktioner tack vare sin t\u00e5liga kvalitet. \u2022 T-handtagsmarkpinne f\u00f6r b\u00e4ttre grepp vid anv\u00e4ndning \u2022 G\u00e4ngade spetsar g\u00f6r att anv\u00e4ndaren enkelt kan bryta igenom den frusna marken \u2022 Erbjuds i ett 5-pack [&#8230;]\n","protected":false},"featured_media":268864,"comment_status":"open","ping_status":"closed","template":"","meta":[],"product_brand":[],"product_cat":[2567,2615],"product_tag":[],"class_list":{"0":"post-286019","1":"product","2":"type-product","3":"status-publish","4":"has-post-thumbnail","6":"product_cat-campingtillbehor","7":"product_cat-talt","9":"first","10":"instock","11":"taxable","12":"shipping-taxable","13":"purchasable","14":"product-type-simple"},"composite_virtual":false,"composite_layout":"","composite_add_to_cart_form_location":"","composite_editable_in_cart":false,"composite_sold_individually_context":"","composite_shop_price_calc":"","composite_components":[],"composite_scenarios":[],"group_of_quantity":0,"min_quantity":0,"max_quantity":"","exclude_order_quantity_value_rules":"no","exclude_category_quantity_rules":"no","combine_variations":"no","exclude_global_add_ons":[],"addons":[],"_links":{"self":[{"href":"https:\/\/www.huntersfriend.eu\/sv\/wp-json\/wp\/v2\/product\/286019","targetHints":{"allow":["GET"]}}],"collection":[{"href":"https:\/\/www.huntersfriend.eu\/sv\/wp-json\/wp\/v2\/product"}],"about":[{"href":"https:\/\/www.huntersfriend.eu\/sv\/wp-json\/wp\/v2\/types\/product"}],"replies":[{"embeddable":true,"href":"https:\/\/www.huntersfriend.eu\/sv\/wp-json\/wp\/v2\/comments?post=286019"}],"wp:featuredmedia":[{"embeddable":true,"href":"https:\/\/www.huntersfriend.eu\/sv\/wp-json\/wp\/v2\/media\/268864"}],"wp:attachment":[{"href":"https:\/\/www.huntersfriend.eu\/sv\/wp-json\/wp\/v2\/media?parent=286019"}],"wp:term":[{"taxonomy":"product_brand","embeddable":true,"href":"https:\/\/www.huntersfriend.eu\/sv\/wp-json\/wp\/v2\/product_brand?post=286019"},{"taxonomy":"product_cat","embeddable":true,"href":"https:\/\/www.huntersfriend.eu\/sv\/wp-json\/wp\/v2\/product_cat?post=286019"},{"taxonomy":"product_tag","embeddable":true,"href":"https:\/\/www.huntersfriend.eu\/sv\/wp-json\/wp\/v2\/product_tag?post=286019"}],"curies":[{"name":"wp","href":"https:\/\/api.w.org\/{rel}","templated":true}]}}