{"id":286018,"date":"2024-05-02T23:58:20","date_gmt":"2024-05-02T21:58:20","guid":{"rendered":"https:\/\/www.huntersfriend.eu\/product\/alps-outdoorz-trophy-x-ryggsack\/"},"modified":"2025-08-26T11:25:53","modified_gmt":"2025-08-26T09:25:53","slug":"alps-outdoorz-trophy-x-ryggsack","status":"publish","type":"product","link":"https:\/\/www.huntersfriend.eu\/sv\/produkt\/alps-outdoorz-trophy-x-ryggsack\/","title":{"rendered":"Alps outdoorz trophy x + ryggs\u00e4ck"},"content":{"rendered":"<p>Trophy X + Pack \u00e4r ett komplett system f\u00f6r j\u00e4gare i vildmarken. Kombinationen av en extern ram f\u00f6r k\u00f6ttransporter med en avtagbar 3900 kubiktumsryggs\u00e4ck ger m\u00f6jlighet att packa in utrustning till ett l\u00e4ger och transportera v\u00e5rt k\u00f6tt n\u00e4r jakten \u00e4r klar. Ryggs\u00e4cken har egna undanstoppningsbara axelremmar f\u00f6r anv\u00e4ndning utan ramen. Trophy X-ramen har ett utrullningsbart surrningssystem och en kraftig frakthylla f\u00f6r att st\u00f6dja tunga laster. Ryggs\u00e4cken kan sedan f\u00e4stas med ett medf\u00f6ljande surrningssystem. Ryggs\u00e4cken kan f\u00e4stas medan du transporterar k\u00f6tt eller extra utrustning. Ramen \u00e4r tillverkad av l\u00e4tt pulverlackerad aluminium och har en Lycra-t\u00e4ckt gjuten skumupph\u00e4ngning f\u00f6r extrem komfort. Trophy X \u00e4r din b\u00e4sta jaktryggs\u00e4ck f\u00f6r vildmarken \u2013 redo f\u00f6r alla utmaningar.       <\/p>\n<p>\u2022 Kraftigt tyg f\u00f6r o\u00f6vertr\u00e4ffad styrka<\/p>\n<p>\u2022 Unik dragkedjedesign ger \u00e5tkomst till huvudfacket fr\u00e5n olika punkter<\/p>\n<p>\u2022 Ryggs\u00e4cken har undanstoppningsbara axelremmar s\u00e5 att anv\u00e4ndaren kan b\u00e4ra ryggs\u00e4cken utan ram om det beh\u00f6vs<\/p>\n<p>\u2022 Ryggs\u00e4cken f\u00e4sts p\u00e5 ramen genom \u00e4rmar eller kompressionsremmar n\u00e4r ramen \u00e4r lastad<\/p>\n<p>\u2022 Frakthyllan st\u00f6der tunga laster<\/p>\n<p>\u2022 Lycra\u00ae-axelremmar f\u00f6r \u00f6kad komfort med lastlyftare<\/p>\n<p>\u2022 Justerbar gjuten skumupph\u00e4ngning<\/p>\n<p>\u2022 Pulverlackerad aluminiumram<\/p>\n<p>\u2022 Nedf\u00e4llbar ficka f\u00f6r gev\u00e4r och pilb\u00e5ge<\/p>\n<p>\u2022 Sidoficka med fleecefoder f\u00f6r tubkikare<\/p>\n<p>\u2022 Midjeb\u00e4ltet inkluderar fickor, anti-svajremmar och plats f\u00f6r h\u00f6lster med clips<\/p>\n<p>\u2022 Justerbart b\u00e5lomr\u00e5de g\u00f6r att du kan anpassa ryggs\u00e4cken f\u00f6r att bekv\u00e4mt transportera tunga laster<\/p>\n<p>\u2022 Kompatibel med v\u00e4tskesystem<\/p>\n<p>\u2022 Liten fleecefodrad ficka f\u00f6r mobiltelefon eller andra sm\u00e5 enheter<\/p>\n<p>\u2022 Lockficka f\u00f6r extra f\u00f6rvaring<\/p>\n<p>\u2022 Regnskyddet f\u00f6rvaras prydligt i en ficka med dragkedja p\u00e5 ryggs\u00e4ckens botten tills det beh\u00f6vs<\/p>\n<table border=\"3\">\n<tbody>\n<tr align=\"CENTER\">\n<td><b>Kapacitet<\/b><\/td>\n<td>64 &#8211; 75L \/ 3900 &#8211; 4575 in\u00b3<\/td>\n<\/tr>\n<tr align=\"CENTER\">\n<td><b>Ramdimensioner<\/b><\/td>\n<td>31.25&#8243; H x 15&#8243; W x 13.25&#8243; D<\/td>\n<\/tr>\n<tr align=\"CENTER\">\n<td><b>Huvudfack + Dimensioner f\u00f6r nedf\u00e4llbar sektion<\/b><\/td>\n<td>28&#8243; H x 13.5&#8243; W x 10&#8243; D<\/td>\n<\/tr>\n<tr align=\"CENTER\">\n<td><b>Huvudfackets dimensioner<\/b><\/td>\n<td>23&#8243; H x 13.5&#8243; W x 10&#8243; D<\/td>\n<\/tr>\n<tr align=\"CENTER\">\n<td><b>B\u00e5lens r\u00e4ckvidd<\/b><\/td>\n<td>17 &#8211; 21.5&#8243;<\/td>\n<\/tr>\n<tr align=\"CENTER\">\n<td><b>Midjeb\u00e4ltets r\u00e4ckvidd<\/b><\/td>\n<td>32 &#8211; 63&#8243;<\/td>\n<\/tr>\n<tr align=\"CENTER\">\n<td><b>Vikt<\/b><\/td>\n<td>8 lbs. 12 oz. <\/td>\n<\/tr>\n<\/tbody>\n<\/table>\n","protected":false},"excerpt":{"rendered":"<p>Trophy X + Pack \u00e4r ett komplett system f\u00f6r j\u00e4gare i vildmarken. Kombinationen av en extern ram f\u00f6r k\u00f6ttransporter med en avtagbar 3900 kubiktumsryggs\u00e4ck ger m\u00f6jlighet att packa in utrustning till ett l\u00e4ger och transportera v\u00e5rt k\u00f6tt n\u00e4r jakten \u00e4r klar. Ryggs\u00e4cken har egna undanstoppningsbara axelremmar f\u00f6r anv\u00e4ndning utan ramen. Trophy X-ramen har ett utrullningsbart [&#8230;]\n","protected":false},"featured_media":269156,"comment_status":"open","ping_status":"closed","template":"","meta":[],"product_brand":[],"product_cat":[2565],"product_tag":[],"class_list":{"0":"post-286018","1":"product","2":"type-product","3":"status-publish","4":"has-post-thumbnail","6":"product_cat-jaktryggsackar","7":"product_shipping_class-medium-sv","9":"first","10":"instock","11":"taxable","12":"shipping-taxable","13":"purchasable","14":"product-type-simple"},"composite_virtual":false,"composite_layout":"","composite_add_to_cart_form_location":"","composite_editable_in_cart":false,"composite_sold_individually_context":"","composite_shop_price_calc":"","composite_components":[],"composite_scenarios":[],"group_of_quantity":0,"min_quantity":0,"max_quantity":"","exclude_order_quantity_value_rules":"no","exclude_category_quantity_rules":"no","combine_variations":"no","exclude_global_add_ons":[],"addons":[],"_links":{"self":[{"href":"https:\/\/www.huntersfriend.eu\/sv\/wp-json\/wp\/v2\/product\/286018","targetHints":{"allow":["GET"]}}],"collection":[{"href":"https:\/\/www.huntersfriend.eu\/sv\/wp-json\/wp\/v2\/product"}],"about":[{"href":"https:\/\/www.huntersfriend.eu\/sv\/wp-json\/wp\/v2\/types\/product"}],"replies":[{"embeddable":true,"href":"https:\/\/www.huntersfriend.eu\/sv\/wp-json\/wp\/v2\/comments?post=286018"}],"wp:featuredmedia":[{"embeddable":true,"href":"https:\/\/www.huntersfriend.eu\/sv\/wp-json\/wp\/v2\/media\/269156"}],"wp:attachment":[{"href":"https:\/\/www.huntersfriend.eu\/sv\/wp-json\/wp\/v2\/media?parent=286018"}],"wp:term":[{"taxonomy":"product_brand","embeddable":true,"href":"https:\/\/www.huntersfriend.eu\/sv\/wp-json\/wp\/v2\/product_brand?post=286018"},{"taxonomy":"product_cat","embeddable":true,"href":"https:\/\/www.huntersfriend.eu\/sv\/wp-json\/wp\/v2\/product_cat?post=286018"},{"taxonomy":"product_tag","embeddable":true,"href":"https:\/\/www.huntersfriend.eu\/sv\/wp-json\/wp\/v2\/product_tag?post=286018"}],"curies":[{"name":"wp","href":"https:\/\/api.w.org\/{rel}","templated":true}]}}