{"id":286017,"date":"2024-05-02T23:58:19","date_gmt":"2024-05-02T21:58:19","guid":{"rendered":"https:\/\/www.huntersfriend.eu\/product\/alps-outdoorz-elite-3800-ryggsack-ram\/"},"modified":"2025-08-26T11:25:52","modified_gmt":"2025-08-26T09:25:52","slug":"alps-outdoorz-elite-3800-ryggsack-ram","status":"publish","type":"product","link":"https:\/\/www.huntersfriend.eu\/sv\/produkt\/alps-outdoorz-elite-3800-ryggsack-ram\/","title":{"rendered":"Alps outdoorz elite 3800-ryggs\u00e4ck + ram"},"content":{"rendered":"<p>Elite 1800 \u00e4r ditt f\u00f6rstahandsval f\u00f6r korta resor eller ultral\u00e4tta bivacker. Huvudfacket har dragkedjor l\u00e4ngs b\u00e5da sidorna av ryggs\u00e4cken s\u00e5 att facket kan exponeras helt f\u00f6r att komma \u00e5t f\u00f6rem\u00e5l var som helst i v\u00e4skan utan att beh\u00f6va \u201cleta runt\u201d och dra ut utrustning (till skillnad fr\u00e5n de typiska toppmatade v\u00e4skorna). Inuti huvudfacket finns fem n\u00e4tfickor f\u00f6r att h\u00e5lla mindre f\u00f6rem\u00e5l organiserade och l\u00e4tt\u00e5tkomliga. Dessutom har v\u00e4skorna ett toppfack med dragkedja f\u00f6r f\u00f6rvaring av snabb\u00e5tkomliga f\u00f6rem\u00e5l och tre stretchfickor i tyg p\u00e5 utsidan med justerbara remmar med sp\u00e4nnen f\u00f6r att s\u00e4kra st\u00f6rre, mer otympliga f\u00f6rem\u00e5l.   <\/p>\n<p>Elite-ramen och ryggs\u00e4cken har sin l\u00e5ga vikt och \u201credo-f\u00f6r-\u00e4ventyr\u201d-t\u00e5lighet att tacka 500D Cordura-tyget f\u00f6r. Detta l\u00e4tta material \u00e4r exceptionellt starkt och n\u00f6tningsbest\u00e4ndigt och \u00e4r PU-belagt f\u00f6r att g\u00f6ra det mycket vattenavvisande och snabbtorkande. Detta system \u00e4r utformat s\u00e5 att ramen kan anv\u00e4ndas som en frist\u00e5ende l\u00f6sning f\u00f6r att transportera k\u00f6tt eller med ryggs\u00e4cken f\u00f6r att m\u00f6ta de specifika behoven hos vildmarksj\u00e4gare.  <\/p>\n<p>\u2022 <a href=\"https:\/\/alpsoutdoorz.com\/media\/wysiwyg\/media\/Elite_2023_golden_bullseye_award.pdf\">2023 NRA Golden Bullseye Award<\/a><\/p>\n<p>\u2022 Elite-ramens omkonstruerade, ergonomiska design anv\u00e4nder<br \/>\nen h\u00f6gpresterande termoplastisk komposit f\u00f6r att uppn\u00e5<br \/>\n<b>30 % l\u00e4gre vikt OCH 30 % mer styrka<\/b><br \/>\nfr\u00e5n v\u00e5r befintliga, branschbepr\u00f6vade ram<\/p>\n<p>\u2022 500D Nylon CORDURA\u00ae \u00e4r PU-belagd och mycket vattenavvisande<\/p>\n<p>\u2022 Konturerad l\u00e4ndryggsdesign utlovar SUPPORT och komfort P\u00c5 ELITNIV\u00c5<\/p>\n<p>\u2022 Ultratyst, ventilerande 3D-luftn\u00e4tupph\u00e4ngning med halkfri l\u00e4ndryggsplatta<\/p>\n<p>\u2022 Integrerat, mycket justerbart surrningssystem<\/p>\n<p>\u2022 Avtagbara axelremmar ger m\u00e5ngsidig 6-l\u00e4ges justering av b\u00e5len<\/p>\n<p>\u2022 Midjeb\u00e4ltets MOLLE-system med avtagbara h\u00f6ftfickor m\u00f6jligg\u00f6r maximal anpassning<\/p>\n<p>\u2022 Lastlyftare och anti-svaj-remmar f\u00f6r midjeb\u00e4ltet<\/p>\n<p>\u2022 2 f\u00f6rl\u00e4ngningsremmar ing\u00e5r<\/p>\n<p>\u2022 Ryggs\u00e4cken f\u00e4sts p\u00e5 ramen med en serie kompressionsremmar<\/p>\n<p>\u2022 Huvudfack med dragkedja med full \u00e5tkomst<\/p>\n<p>\u2022 Rymligt huvudfack har 5 n\u00e4tfickor f\u00f6r organisering<\/p>\n<p>\u2022 Toppficka med dragkedja s\u00e4krar snabb \u00e5tkomst till v\u00e4rdesaker eller annan l\u00e4tt utrustning<\/p>\n<p>\u2022 Kompatibel med v\u00e4tskesystem med tv\u00e5 sidoutloppsportar<\/p>\n<p>\u2022 Nedf\u00e4llbar ficka f\u00f6r gev\u00e4r och pilb\u00e5ge<\/p>\n<p>\u2022 Ryggs\u00e4cken har kompressionsremmar p\u00e5 sidan och en kompressionsrem p\u00e5 toppen<\/p>\n<p>\u2022 3 kompressionsfickor<\/p>\n<p>\u2022 Regnskyddet f\u00f6rvaras prydligt i en ficka med dragkedja p\u00e5 ryggs\u00e4ckens botten tills det beh\u00f6vs<\/p>\n<table border=\"3\">\n<tbody>\n<tr align=\"CENTER\">\n<td><b>Kapacitet<\/b><\/td>\n<td>30L \/ 1800 in\u00b3<\/td>\n<\/tr>\n<tr align=\"CENTER\">\n<td><b>Ramdimensioner<\/b><\/td>\n<td>24 \u201cH x 12.5\u201d W<\/td>\n<\/tr>\n<tr align=\"CENTER\">\n<td><b>Huvudfackets dimensioner<\/b><\/td>\n<td>20&#8243; H x 10.5&#8243; W x 7.5&#8243; D<\/td>\n<\/tr>\n<tr align=\"CENTER\">\n<td><b>Torso range<\/b><\/td>\n<td>14 &#8211; 20&#8243;<\/td>\n<\/tr>\n<tr align=\"CENTER\">\n<td><b>Midjeb\u00e4ltets r\u00e4ckvidd<\/b><\/td>\n<td>31 &#8211; 55&#8243;<\/td>\n<\/tr>\n<tr align=\"CENTER\">\n<td><b>Minimal vikt<\/b><\/td>\n<td>5 lbs. 2 oz. <\/td>\n<\/tr>\n<\/tbody>\n<\/table>\n","protected":false},"excerpt":{"rendered":"<p>Elite 1800 \u00e4r ditt f\u00f6rstahandsval f\u00f6r korta resor eller ultral\u00e4tta bivacker. Huvudfacket har dragkedjor l\u00e4ngs b\u00e5da sidorna av ryggs\u00e4cken s\u00e5 att facket kan exponeras helt f\u00f6r att komma \u00e5t f\u00f6rem\u00e5l var som helst i v\u00e4skan utan att beh\u00f6va \u201cleta runt\u201d och dra ut utrustning (till skillnad fr\u00e5n de typiska toppmatade v\u00e4skorna). Inuti huvudfacket finns fem [&#8230;]\n","protected":false},"featured_media":269140,"comment_status":"open","ping_status":"closed","template":"","meta":[],"product_brand":[],"product_cat":[2565],"product_tag":[],"class_list":{"0":"post-286017","1":"product","2":"type-product","3":"status-publish","4":"has-post-thumbnail","6":"product_cat-jaktryggsackar","7":"product_shipping_class-medium-sv","9":"first","10":"outofstock","11":"taxable","12":"shipping-taxable","13":"purchasable","14":"product-type-simple"},"composite_virtual":false,"composite_layout":"","composite_add_to_cart_form_location":"","composite_editable_in_cart":false,"composite_sold_individually_context":"","composite_shop_price_calc":"","composite_components":[],"composite_scenarios":[],"group_of_quantity":0,"min_quantity":0,"max_quantity":"","exclude_order_quantity_value_rules":"no","exclude_category_quantity_rules":"no","combine_variations":"no","exclude_global_add_ons":[],"addons":[],"_links":{"self":[{"href":"https:\/\/www.huntersfriend.eu\/sv\/wp-json\/wp\/v2\/product\/286017","targetHints":{"allow":["GET"]}}],"collection":[{"href":"https:\/\/www.huntersfriend.eu\/sv\/wp-json\/wp\/v2\/product"}],"about":[{"href":"https:\/\/www.huntersfriend.eu\/sv\/wp-json\/wp\/v2\/types\/product"}],"replies":[{"embeddable":true,"href":"https:\/\/www.huntersfriend.eu\/sv\/wp-json\/wp\/v2\/comments?post=286017"}],"wp:featuredmedia":[{"embeddable":true,"href":"https:\/\/www.huntersfriend.eu\/sv\/wp-json\/wp\/v2\/media\/269140"}],"wp:attachment":[{"href":"https:\/\/www.huntersfriend.eu\/sv\/wp-json\/wp\/v2\/media?parent=286017"}],"wp:term":[{"taxonomy":"product_brand","embeddable":true,"href":"https:\/\/www.huntersfriend.eu\/sv\/wp-json\/wp\/v2\/product_brand?post=286017"},{"taxonomy":"product_cat","embeddable":true,"href":"https:\/\/www.huntersfriend.eu\/sv\/wp-json\/wp\/v2\/product_cat?post=286017"},{"taxonomy":"product_tag","embeddable":true,"href":"https:\/\/www.huntersfriend.eu\/sv\/wp-json\/wp\/v2\/product_tag?post=286017"}],"curies":[{"name":"wp","href":"https:\/\/api.w.org\/{rel}","templated":true}]}}