{"id":286016,"date":"2024-05-04T00:32:16","date_gmt":"2024-05-03T22:32:16","guid":{"rendered":"https:\/\/www.huntersfriend.eu\/product\/alps-outdoorz-flytande-deluxe-blind-bag-stor-max-7\/"},"modified":"2025-08-26T11:25:52","modified_gmt":"2025-08-26T09:25:52","slug":"alps-outdoorz-flytande-deluxe-blind-bag-stor-max-7","status":"publish","type":"product","link":"https:\/\/www.huntersfriend.eu\/sv\/produkt\/alps-outdoorz-flytande-deluxe-blind-bag-stor-max-7\/","title":{"rendered":"Alps outdoorz flytande deluxe blind bag stor Max 7"},"content":{"rendered":"<p>The Floating Deluxe Blind Bag har designats med en m\u00e4ngd praktiska funktioner, som t.ex. avtagbara innerfack, en genomskinlig ficka f\u00f6r v\u00e4rdesaker f\u00f6r din mobiltelefon och andra tillbeh\u00f6r, och ett h\u00e5rt solglas\u00f6gonfodral. Huvudfacket \u00e4r tillverkat av icke-absorberande, sluten cellskum och f\u00f6rseglat med ett vattent\u00e4tt membran som h\u00e5ller din utrustning torr n\u00e4r du sitter i vatten eller lera. V\u00e4skan inneh\u00e5ller ocks\u00e5 en m\u00e4ngd fickor f\u00f6r att ge dig otaliga organisationsalternativ, samt en termos- och jack\u00e4rm p\u00e5 toppen. The Floating Deluxe Blind Bag har ocks\u00e5 ett vadderat b\u00e4rhandtag och en axelrem f\u00f6r att g\u00f6ra transporten av din utrustning stressfri.   <\/p>\n<p>\u2022Vattent\u00e4tt f\u00f6rseglat membran f\u00f6r huvudfacket<\/p>\n<p>\u2022Icke-absorberande sluten cellskum<\/p>\n<p>\u2022Avtagbara innerfack<\/p>\n<p>\u2022Genomskinlig ficka f\u00f6r v\u00e4rdesaker<\/p>\n<p>\u2022H\u00e5rt solglas\u00f6gonfodral<\/p>\n<p>\u2022Fickor fram och p\u00e5 sidan ger dig otaliga organisationsm\u00f6jligheter<\/p>\n<p>\u2022Termos\/jack\u00e4rm p\u00e5 toppen<\/p>\n<p>\u2022Termosficka p\u00e5 sidan<\/p>\n<p>\u2022B\u00e4rhandtag och vadderad axelrem<\/p>\n<table border=\"3\">\n<tbody>\n<tr align=\"CENTER\">\n<td><b>M\u00e5tt<\/b><\/td>\n<td>14&#8243; x 11&#8243; x 9&#8243;<\/td>\n<\/tr>\n<tr align=\"CENTER\">\n<td><b>Vikt<\/b><\/td>\n<td>4 lbs. 2 oz. <\/td>\n<\/tr>\n<\/tbody>\n<\/table>\n","protected":false},"excerpt":{"rendered":"<p>The Floating Deluxe Blind Bag har designats med en m\u00e4ngd praktiska funktioner, som t.ex. avtagbara innerfack, en genomskinlig ficka f\u00f6r v\u00e4rdesaker f\u00f6r din mobiltelefon och andra tillbeh\u00f6r, och ett h\u00e5rt solglas\u00f6gonfodral. Huvudfacket \u00e4r tillverkat av icke-absorberande, sluten cellskum och f\u00f6rseglat med ett vattent\u00e4tt membran som h\u00e5ller din utrustning torr n\u00e4r du sitter i vatten eller [&#8230;]\n","protected":false},"featured_media":268885,"comment_status":"open","ping_status":"closed","template":"","meta":[],"product_brand":[],"product_cat":[2566,2563],"product_tag":[],"class_list":{"0":"post-286016","1":"product","2":"type-product","3":"status-publish","4":"has-post-thumbnail","6":"product_cat-jaktvaskor","7":"product_cat-tillbehor-for-jakt-torn-och-gomslen","9":"first","10":"instock","11":"taxable","12":"shipping-taxable","13":"purchasable","14":"product-type-simple"},"composite_virtual":false,"composite_layout":"","composite_add_to_cart_form_location":"","composite_editable_in_cart":false,"composite_sold_individually_context":"","composite_shop_price_calc":"","composite_components":[],"composite_scenarios":[],"group_of_quantity":0,"min_quantity":0,"max_quantity":"","exclude_order_quantity_value_rules":"no","exclude_category_quantity_rules":"no","combine_variations":"no","exclude_global_add_ons":[],"addons":[],"_links":{"self":[{"href":"https:\/\/www.huntersfriend.eu\/sv\/wp-json\/wp\/v2\/product\/286016","targetHints":{"allow":["GET"]}}],"collection":[{"href":"https:\/\/www.huntersfriend.eu\/sv\/wp-json\/wp\/v2\/product"}],"about":[{"href":"https:\/\/www.huntersfriend.eu\/sv\/wp-json\/wp\/v2\/types\/product"}],"replies":[{"embeddable":true,"href":"https:\/\/www.huntersfriend.eu\/sv\/wp-json\/wp\/v2\/comments?post=286016"}],"wp:featuredmedia":[{"embeddable":true,"href":"https:\/\/www.huntersfriend.eu\/sv\/wp-json\/wp\/v2\/media\/268885"}],"wp:attachment":[{"href":"https:\/\/www.huntersfriend.eu\/sv\/wp-json\/wp\/v2\/media?parent=286016"}],"wp:term":[{"taxonomy":"product_brand","embeddable":true,"href":"https:\/\/www.huntersfriend.eu\/sv\/wp-json\/wp\/v2\/product_brand?post=286016"},{"taxonomy":"product_cat","embeddable":true,"href":"https:\/\/www.huntersfriend.eu\/sv\/wp-json\/wp\/v2\/product_cat?post=286016"},{"taxonomy":"product_tag","embeddable":true,"href":"https:\/\/www.huntersfriend.eu\/sv\/wp-json\/wp\/v2\/product_tag?post=286016"}],"curies":[{"name":"wp","href":"https:\/\/api.w.org\/{rel}","templated":true}]}}