{"id":286015,"date":"2024-05-02T23:58:16","date_gmt":"2024-05-02T21:58:16","guid":{"rendered":"https:\/\/www.huntersfriend.eu\/product\/alps-outdoorz-triad-pall\/"},"modified":"2026-03-18T22:00:21","modified_gmt":"2026-03-18T20:00:21","slug":"alps-outdoorz-triad-pall","status":"publish","type":"product","link":"https:\/\/www.huntersfriend.eu\/sv\/produkt\/alps-outdoorz-triad-pall\/","title":{"rendered":"Alps outdoorz triad pall"},"content":{"rendered":"<p>ALPS OutdoorZ Triad-sv\u00e4ngpallen kommer att f\u00e5 dig att undra hur du n\u00e5gonsin har jagat utan den. Triad \u00e4r en l\u00e4tt 360\u00b0 sv\u00e4ngpall som \u00e4r enkel att packa med till din favoritjaktplats. Den extra stora sittytan i kombination med ett vinklat ryggst\u00f6d g\u00f6r att du kan sitta bekv\u00e4mt och v\u00e4nta p\u00e5 att din n\u00e4sta trof\u00e9 ska n\u00e4rma sig. De \u00f6verdimensionerade sv\u00e4ngf\u00f6tterna f\u00f6rhindrar att den sjunker ner och kan justeras till oj\u00e4mn terr\u00e4ng f\u00f6r att h\u00e5lla Triad stabil.   <\/p>\n<p>\u2022 Extra stor sittplats<\/p>\n<p>\u2022 Robust pulverlackerad st\u00e5lram<\/p>\n<p>\u2022 Vinklat ryggst\u00f6d f\u00f6r \u00f6kad komfort<\/p>\n<p>\u2022 Benen justeras oberoende av varandra f\u00f6r oj\u00e4mn terr\u00e4ng<\/p>\n<p>\u2022 Tre stora sv\u00e4ngf\u00f6tter hj\u00e4lper till att stabilisera basen och f\u00f6rhindra att den sjunker ner<\/p>\n<p>\u2022 360\u00b0 sv\u00e4ngbar<\/p>\n<p>\u2022 Ryggst\u00f6det \u00e4r helt avtagbart<\/p>\n<p>\u2022 B\u00e4rv\u00e4ska f\u00f6r axeln<\/p>\n<p>\u2022 <a href=\"https:\/\/alpsoutdoorz.com\/media\/wysiwyg\/media\/Triad_Chair.pdf\" target=\"_blank\" rel=\"noopener\">Klicka h\u00e4r f\u00f6r installationsanvisningarna<\/a><\/p>\n<table border=\"3\">\n<tbody>\n<tr align=\"CENTER\">\n<td><b>Sittbredd<\/b><\/td>\n<td>21&#8243;<\/td>\n<\/tr>\n<tr align=\"CENTER\">\n<td><b>Sittdjup<\/b><\/td>\n<td>18&#8243;<\/td>\n<\/tr>\n<tr align=\"CENTER\">\n<td><b>Sitth\u00f6jd<\/b><\/td>\n<td>20 \u201c- 22\u201d<\/td>\n<\/tr>\n<tr align=\"CENTER\">\n<td><b>Ryggst\u00f6dsh\u00f6jd<\/b><\/td>\n<td>14&#8243;<\/td>\n<\/tr>\n<tr align=\"CENTER\">\n<td><b>Packad storlek ut\u00f6kad<\/b><\/td>\n<td>40&#8243; L x 8.5&#8243; W x 9&#8243; H<\/td>\n<\/tr>\n<tr align=\"CENTER\">\n<td><b>Packad storlek minimerad<\/b><\/td>\n<td>31&#8243; L x 8.5&#8243; W x 9&#8243; H<\/td>\n<\/tr>\n<tr align=\"CENTER\">\n<td><b>Vikt<\/b><\/td>\n<td>8 lbs. 10 oz. <\/td>\n<\/tr>\n<tr align=\"CENTER\">\n<td><b>Viktkapacitet<\/b><\/td>\n<td>300 lbs.<\/td>\n<\/tr>\n<\/tbody>\n<\/table>\n","protected":false},"excerpt":{"rendered":"<p>ALPS OutdoorZ Triad-sv\u00e4ngpallen kommer att f\u00e5 dig att undra hur du n\u00e5gonsin har jagat utan den. Triad \u00e4r en l\u00e4tt 360\u00b0 sv\u00e4ngpall som \u00e4r enkel att packa med till din favoritjaktplats. Den extra stora sittytan i kombination med ett vinklat ryggst\u00f6d g\u00f6r att du kan sitta bekv\u00e4mt och v\u00e4nta p\u00e5 att din n\u00e4sta trof\u00e9 ska [&#8230;]\n","protected":false},"featured_media":268872,"comment_status":"open","ping_status":"closed","template":"","meta":[],"product_brand":[],"product_cat":[2574,2563],"product_tag":[],"class_list":{"0":"post-286015","1":"product","2":"type-product","3":"status-publish","4":"has-post-thumbnail","6":"product_cat-stolar-och-pallar-for-gomslen","7":"product_cat-tillbehor-for-jakt-torn-och-gomslen","8":"product_shipping_class-medium-sv","10":"first","11":"instock","12":"taxable","13":"shipping-taxable","14":"purchasable","15":"product-type-simple"},"composite_virtual":false,"composite_layout":"","composite_add_to_cart_form_location":"","composite_editable_in_cart":false,"composite_sold_individually_context":"","composite_shop_price_calc":"","composite_components":[],"composite_scenarios":[],"group_of_quantity":0,"min_quantity":0,"max_quantity":"","exclude_order_quantity_value_rules":"no","exclude_category_quantity_rules":"no","combine_variations":"no","exclude_global_add_ons":[],"addons":[],"_links":{"self":[{"href":"https:\/\/www.huntersfriend.eu\/sv\/wp-json\/wp\/v2\/product\/286015","targetHints":{"allow":["GET"]}}],"collection":[{"href":"https:\/\/www.huntersfriend.eu\/sv\/wp-json\/wp\/v2\/product"}],"about":[{"href":"https:\/\/www.huntersfriend.eu\/sv\/wp-json\/wp\/v2\/types\/product"}],"replies":[{"embeddable":true,"href":"https:\/\/www.huntersfriend.eu\/sv\/wp-json\/wp\/v2\/comments?post=286015"}],"wp:featuredmedia":[{"embeddable":true,"href":"https:\/\/www.huntersfriend.eu\/sv\/wp-json\/wp\/v2\/media\/268872"}],"wp:attachment":[{"href":"https:\/\/www.huntersfriend.eu\/sv\/wp-json\/wp\/v2\/media?parent=286015"}],"wp:term":[{"taxonomy":"product_brand","embeddable":true,"href":"https:\/\/www.huntersfriend.eu\/sv\/wp-json\/wp\/v2\/product_brand?post=286015"},{"taxonomy":"product_cat","embeddable":true,"href":"https:\/\/www.huntersfriend.eu\/sv\/wp-json\/wp\/v2\/product_cat?post=286015"},{"taxonomy":"product_tag","embeddable":true,"href":"https:\/\/www.huntersfriend.eu\/sv\/wp-json\/wp\/v2\/product_tag?post=286015"}],"curies":[{"name":"wp","href":"https:\/\/api.w.org\/{rel}","templated":true}]}}