{"id":286014,"date":"2024-05-03T00:04:16","date_gmt":"2024-05-02T22:04:16","guid":{"rendered":"https:\/\/www.huntersfriend.eu\/product\/alps-outdoorz-zero-gravity-layout-blind\/"},"modified":"2025-08-26T11:25:51","modified_gmt":"2025-08-26T09:25:51","slug":"alps-outdoorz-zero-gravity-layout-blind","status":"publish","type":"product","link":"https:\/\/www.huntersfriend.eu\/sv\/produkt\/alps-outdoorz-zero-gravity-layout-blind\/","title":{"rendered":"Alps outdoorz zero gravity layout blind"},"content":{"rendered":"<p>Det mest bekv\u00e4ma och enklaste layout-blinda att s\u00e4tta upp som finns p\u00e5 marknaden idag. Punkt. Zero Gravity Layout Blind kr\u00e4ver ingen montering och har en m\u00e4ngd funktioner som g\u00f6r den h\u00e5llbar, bekv\u00e4m, b\u00e4rbar, robust och p\u00e5litlig. Med en zero-gravity-stoldesign som h\u00e5ller dig fr\u00e5n marken samtidigt som du bibeh\u00e5ller en l\u00e5g profil, kommer du aldrig att g\u00e5 tillbaka till din gamla layout-blinda igen. Tyget blossar ut p\u00e5 alla sidor f\u00f6r att underl\u00e4tta d\u00f6ljandet och m\u00f6jligg\u00f6r f\u00f6rvaring av v\u00e4skor eller andra tillbeh\u00f6r i blindan. B\u00e4rremmar f\u00f6r ryggs\u00e4cken g\u00f6r det enkelt att transportera blindan. Det finns inget golv i blindan, vilket g\u00f6r reng\u00f6ringen snabb och enkel. Blindan har ocks\u00e5 tv\u00e5 sidofickor f\u00f6r extra saker, borst\u00f6glor \u00f6verallt f\u00f6r extra d\u00f6ljande, kraftiga g\u00e4ngade pinnar f\u00f6r frusen terr\u00e4ng och ett vadderat nackst\u00f6d f\u00f6r maximal komfort. Cockpiten har en \u00f6ppningsdimension p\u00e5 24 \u201cg\u00e5nger 56\u201d och har tv\u00e5 blixtl\u00e5sf\u00f6rsedda flaggportar bredvid d\u00f6rrarna.        <\/p>\n<p>\u2022 Patenterad stoldesign ger det mest bekv\u00e4ma layout-blinda s\u00e4tet p\u00e5 marknaden<\/p>\n<p>\u2022 INGEN MONTERING KR\u00c4VS<\/p>\n<p>\u2022 Zero-gravity-stoldesign h\u00e5ller dig fr\u00e5n marken samtidigt som du bibeh\u00e5ller en l\u00e5g profil<\/p>\n<p>\u2022 Tygkroppen blossar ut p\u00e5 alla sidor f\u00f6r att eliminera skarpa h\u00f6rn f\u00f6r en mer naturlig blandning<\/p>\n<p>\u2022 Avtagbart tygskal<\/p>\n<p>\u2022 Kraftiga g\u00e4ngade pinnar f\u00f6r frusen terr\u00e4ng<\/p>\n<p>\u2022 Stubbremmar \u00f6verallt f\u00f6r b\u00e4ttre d\u00f6ljande<\/p>\n<p>\u2022 Utst\u00e4llda sidor m\u00f6jligg\u00f6r f\u00f6rvaring av blindv\u00e4ska eller annan utrustning<\/p>\n<p>\u2022 B\u00e4rremmar f\u00f6r ryggs\u00e4cken f\u00f6r handsfree-transport<\/p>\n<p>\u2022 Golvl\u00f6s design g\u00f6r reng\u00f6ringen enkel<\/p>\n<p>\u2022 Tv\u00e5 sidofickor<\/p>\n<p>\u2022 Flaggd\u00f6rrar med dragkedja<\/p>\n<p>\u2022 Vadderat nackst\u00f6d<\/p>\n<p>\u2022 Ett \u00e5rs begr\u00e4nsad garanti<\/p>\n<table border=\"3\">\n<tbody>\n<tr align=\"CENTER\">\n<td><b>Utst\u00e4llda m\u00e5tt<\/b><\/td>\n<td>118 \u201cL x 89\u201d B<\/td>\n<\/tr>\n<tr align=\"CENTER\">\n<td><b>Maximal installationsh\u00f6jd<\/b><\/td>\n<td>17&#8243;<\/td>\n<\/tr>\n<tr align=\"CENTER\">\n<td><b>Sittbredd<\/b><\/td>\n<td>22&#8243;<\/td>\n<\/tr>\n<tr align=\"CENTER\">\n<td><b>Sittdjup<\/b><\/td>\n<td>14.5&#8243;<\/td>\n<\/tr>\n<tr align=\"CENTER\">\n<td><b>Ryggst\u00f6dsh\u00f6jd<\/b><\/td>\n<td>32&#8243;<\/td>\n<\/tr>\n<tr align=\"CENTER\">\n<td><b>Sitth\u00f6jd fram<\/b><\/td>\n<td>8&#8243;<\/td>\n<\/tr>\n<tr align=\"CENTER\">\n<td><b>Sitth\u00f6jd bak<\/b><\/td>\n<td>5&#8243;<\/td>\n<\/tr>\n<tr align=\"CENTER\">\n<td><b>Hopf\u00e4llda m\u00e5tt<\/b><\/td>\n<td>43&#8243; L x 26&#8243; B x 8&#8243; H<\/td>\n<\/tr>\n<tr align=\"CENTER\">\n<td><b>Cockpit\u00f6ppningsm\u00e5tt<\/b><\/td>\n<td>56 \u201cL x 24\u201d B<\/td>\n<\/tr>\n<tr align=\"CENTER\">\n<td><b>Vikt<\/b><\/td>\n<td>23 lbs. 8 oz. <\/td>\n<\/tr>\n<tr align=\"CENTER\">\n<td><b>Viktkapacitet<\/b><\/td>\n<td>300 lbs.<\/td>\n<\/tr>\n<\/tbody>\n<\/table>\n","protected":false},"excerpt":{"rendered":"<p>Det mest bekv\u00e4ma och enklaste layout-blinda att s\u00e4tta upp som finns p\u00e5 marknaden idag. Punkt. Zero Gravity Layout Blind kr\u00e4ver ingen montering och har en m\u00e4ngd funktioner som g\u00f6r den h\u00e5llbar, bekv\u00e4m, b\u00e4rbar, robust och p\u00e5litlig. Med en zero-gravity-stoldesign som h\u00e5ller dig fr\u00e5n marken samtidigt som du bibeh\u00e5ller en l\u00e5g profil, kommer du aldrig att [&#8230;]\n","protected":false},"featured_media":268981,"comment_status":"open","ping_status":"closed","template":"","meta":[],"product_brand":[],"product_cat":[2718],"product_tag":[],"class_list":{"0":"post-286014","1":"product","2":"type-product","3":"status-publish","4":"has-post-thumbnail","6":"product_cat-markgomslen","7":"product_shipping_class-big-sv","9":"first","10":"instock","11":"taxable","12":"shipping-taxable","13":"purchasable","14":"product-type-simple"},"composite_virtual":false,"composite_layout":"","composite_add_to_cart_form_location":"","composite_editable_in_cart":false,"composite_sold_individually_context":"","composite_shop_price_calc":"","composite_components":[],"composite_scenarios":[],"group_of_quantity":0,"min_quantity":0,"max_quantity":"","exclude_order_quantity_value_rules":"no","exclude_category_quantity_rules":"no","combine_variations":"no","exclude_global_add_ons":[],"addons":[],"_links":{"self":[{"href":"https:\/\/www.huntersfriend.eu\/sv\/wp-json\/wp\/v2\/product\/286014","targetHints":{"allow":["GET"]}}],"collection":[{"href":"https:\/\/www.huntersfriend.eu\/sv\/wp-json\/wp\/v2\/product"}],"about":[{"href":"https:\/\/www.huntersfriend.eu\/sv\/wp-json\/wp\/v2\/types\/product"}],"replies":[{"embeddable":true,"href":"https:\/\/www.huntersfriend.eu\/sv\/wp-json\/wp\/v2\/comments?post=286014"}],"wp:featuredmedia":[{"embeddable":true,"href":"https:\/\/www.huntersfriend.eu\/sv\/wp-json\/wp\/v2\/media\/268981"}],"wp:attachment":[{"href":"https:\/\/www.huntersfriend.eu\/sv\/wp-json\/wp\/v2\/media?parent=286014"}],"wp:term":[{"taxonomy":"product_brand","embeddable":true,"href":"https:\/\/www.huntersfriend.eu\/sv\/wp-json\/wp\/v2\/product_brand?post=286014"},{"taxonomy":"product_cat","embeddable":true,"href":"https:\/\/www.huntersfriend.eu\/sv\/wp-json\/wp\/v2\/product_cat?post=286014"},{"taxonomy":"product_tag","embeddable":true,"href":"https:\/\/www.huntersfriend.eu\/sv\/wp-json\/wp\/v2\/product_tag?post=286014"}],"curies":[{"name":"wp","href":"https:\/\/api.w.org\/{rel}","templated":true}]}}