{"id":286012,"date":"2024-05-03T00:04:13","date_gmt":"2024-05-02T22:04:13","guid":{"rendered":"https:\/\/www.huntersfriend.eu\/product\/alps-outdoorz-vatskebehallare-3-0l\/"},"modified":"2025-08-26T11:25:50","modified_gmt":"2025-08-26T09:25:50","slug":"alps-outdoorz-vatskebehallare-3-0l","status":"publish","type":"product","link":"https:\/\/www.huntersfriend.eu\/sv\/produkt\/alps-outdoorz-vatskebehallare-3-0l\/","title":{"rendered":"Alps outdoorz v\u00e4tskebeh\u00e5llare 3.0L"},"content":{"rendered":"<p>V\u00e4tskebeh\u00e5llaren 3.0 \u00e4r en 3-liters beh\u00e5llare som \u00e4r perfekt utformad f\u00f6r att passa din ALPS-ryggs\u00e4ck. Ultravalve p\u00e5 v\u00e4tskebeh\u00e5llaren 3.0 har en revolutionerande bitventil samt en inbyggd backventil som eliminerar \u00e5terfl\u00f6de och f\u00f6rhindrar att luft kommer in i slangen. Den har ocks\u00e5 en funktion som g\u00f6r att den kan vridas upp f\u00f6r en fullfl\u00f6desfunktion utan bitande. Den antimikrobiella IonPure-behandlingen hj\u00e4lper till att f\u00f6rhindra bakterie- och m\u00f6geltillv\u00e4xt. V\u00e4tskebeh\u00e5llaren 3.0 har ocks\u00e5 Dual Cap-teknik, en stor kork f\u00f6r reng\u00f6ring medan den andra korken \u00e4r liten och perfekt f\u00f6r att fylla med v\u00e4tska. Snabbkopplingen g\u00f6r att drickslangen kan kopplas bort fr\u00e5n beh\u00e5llaren utan att l\u00e4cka f\u00f6r enkel p\u00e5fyllning och reng\u00f6ring. Den isolerade drickslangen m\u00f6jligg\u00f6r anv\u00e4ndning i extremt kallt v\u00e4der, och drickslangkl\u00e4mman roterar 360 grader. BPA- och PVC-fri konstruktion.       <\/p>\n<ul>\n<li>3,0 liters reservoar<\/li>\n<li>Anti-mikrobiell IonPure-behandling hj\u00e4lper till att f\u00f6rhindra tillv\u00e4xt av bakterier och m\u00f6gel<\/li>\n<li>Dubbla lock \u2013 stor \u00f6ppning f\u00f6r reng\u00f6ring och mindre \u00f6ppning f\u00f6r p\u00e5fyllning<\/li>\n<li>Snabbkopplingsanordning g\u00f6r att drickslangen kan kopplas bort fr\u00e5n reservoaren utan l\u00e4ckage f\u00f6r enkel p\u00e5fyllning\/reng\u00f6ring<\/li>\n<li>Isolerad drickslang m\u00f6jligg\u00f6r anv\u00e4ndning i extremt kallt v\u00e4der<\/li>\n<li>Drickslangkl\u00e4mman roterar 360\u00b0<\/li>\n<li>BPA- och PVC-fri<\/li>\n<li>Ultravalve\n<ul>\n<li>Inbyggd backventil eliminerar \u00e5terfl\u00f6de och f\u00f6rhindrar att luft kommer in i slangen<\/li>\n<li>Vrid \u00f6ppningen f\u00f6r inget bett \/ fullt fl\u00f6de<\/li>\n<\/ul>\n<\/li>\n<\/ul>\n<table>\n<tbody>\n<tr>\n<th colspan=\"2\" scope=\"col\">V\u00e4tskebeh\u00e5llare 3.0<\/th>\n<\/tr>\n<tr>\n<th scope=\"row\">Kapacitet<\/th>\n<td>3L \/ 183 in<sup>3<\/sup><\/td>\n<\/tr>\n<tr>\n<th scope=\"row\">M\u00e5tt<\/th>\n<td>16 \u201cH x 8\u201d W<\/td>\n<\/tr>\n<tr>\n<th scope=\"row\">Vikt<\/th>\n<td>5 oz.<\/td>\n<\/tr>\n<\/tbody>\n<\/table>\n","protected":false},"excerpt":{"rendered":"<p>V\u00e4tskebeh\u00e5llaren 3.0 \u00e4r en 3-liters beh\u00e5llare som \u00e4r perfekt utformad f\u00f6r att passa din ALPS-ryggs\u00e4ck. Ultravalve p\u00e5 v\u00e4tskebeh\u00e5llaren 3.0 har en revolutionerande bitventil samt en inbyggd backventil som eliminerar \u00e5terfl\u00f6de och f\u00f6rhindrar att luft kommer in i slangen. Den har ocks\u00e5 en funktion som g\u00f6r att den kan vridas upp f\u00f6r en fullfl\u00f6desfunktion utan bitande. [&#8230;]\n","protected":false},"featured_media":269043,"comment_status":"open","ping_status":"closed","template":"","meta":[],"product_brand":[],"product_cat":[2565],"product_tag":[],"class_list":{"0":"post-286012","1":"product","2":"type-product","3":"status-publish","4":"has-post-thumbnail","6":"product_cat-jaktryggsackar","8":"first","9":"instock","10":"taxable","11":"shipping-taxable","12":"purchasable","13":"product-type-simple"},"composite_virtual":false,"composite_layout":"","composite_add_to_cart_form_location":"","composite_editable_in_cart":false,"composite_sold_individually_context":"","composite_shop_price_calc":"","composite_components":[],"composite_scenarios":[],"group_of_quantity":0,"min_quantity":0,"max_quantity":"","exclude_order_quantity_value_rules":"no","exclude_category_quantity_rules":"no","combine_variations":"no","exclude_global_add_ons":[],"addons":[],"_links":{"self":[{"href":"https:\/\/www.huntersfriend.eu\/sv\/wp-json\/wp\/v2\/product\/286012","targetHints":{"allow":["GET"]}}],"collection":[{"href":"https:\/\/www.huntersfriend.eu\/sv\/wp-json\/wp\/v2\/product"}],"about":[{"href":"https:\/\/www.huntersfriend.eu\/sv\/wp-json\/wp\/v2\/types\/product"}],"replies":[{"embeddable":true,"href":"https:\/\/www.huntersfriend.eu\/sv\/wp-json\/wp\/v2\/comments?post=286012"}],"wp:featuredmedia":[{"embeddable":true,"href":"https:\/\/www.huntersfriend.eu\/sv\/wp-json\/wp\/v2\/media\/269043"}],"wp:attachment":[{"href":"https:\/\/www.huntersfriend.eu\/sv\/wp-json\/wp\/v2\/media?parent=286012"}],"wp:term":[{"taxonomy":"product_brand","embeddable":true,"href":"https:\/\/www.huntersfriend.eu\/sv\/wp-json\/wp\/v2\/product_brand?post=286012"},{"taxonomy":"product_cat","embeddable":true,"href":"https:\/\/www.huntersfriend.eu\/sv\/wp-json\/wp\/v2\/product_cat?post=286012"},{"taxonomy":"product_tag","embeddable":true,"href":"https:\/\/www.huntersfriend.eu\/sv\/wp-json\/wp\/v2\/product_tag?post=286012"}],"curies":[{"name":"wp","href":"https:\/\/api.w.org\/{rel}","templated":true}]}}