{"id":286011,"date":"2024-04-20T00:18:11","date_gmt":"2024-04-19T22:18:11","guid":{"rendered":"https:\/\/www.huntersfriend.eu\/product\/sitka-truckerkeps-optifade-vattenfagel\/"},"modified":"2025-08-26T11:25:47","modified_gmt":"2025-08-26T09:25:47","slug":"sitka-truckerkeps-optifade-vattenfagel","status":"publish","type":"product","link":"https:\/\/www.huntersfriend.eu\/sv\/produkt\/sitka-truckerkeps-optifade-vattenfagel\/","title":{"rendered":"SITKA Truckerkeps Optifade Vattenf\u00e5gel"},"content":{"rendered":"<p>Den klassiska truckerkepsen erbjuds i alla fem OPTIFADE\u2122-m\u00f6nster, samt Blaze Orange, har en platt sk\u00e4rm och meshbaksida f\u00f6r \u00f6kad andningsf\u00f6rm\u00e5ga<\/p>\n","protected":false},"excerpt":{"rendered":"<p>Den klassiska truckerkepsen erbjuds i alla fem OPTIFADE\u2122-m\u00f6nster, samt Blaze Orange, har en platt sk\u00e4rm och meshbaksida f\u00f6r \u00f6kad andningsf\u00f6rm\u00e5ga<\/p>\n","protected":false},"featured_media":267677,"comment_status":"open","ping_status":"closed","template":"","meta":[],"product_brand":[],"product_cat":[878],"product_tag":[],"class_list":{"0":"post-286011","1":"product","2":"type-product","3":"status-publish","4":"has-post-thumbnail","6":"product_cat-uncategorized-sv","8":"first","9":"outofstock","10":"taxable","11":"shipping-taxable","12":"purchasable","13":"product-type-simple"},"composite_virtual":false,"composite_layout":"","composite_add_to_cart_form_location":"","composite_editable_in_cart":false,"composite_sold_individually_context":"","composite_shop_price_calc":"","composite_components":[],"composite_scenarios":[],"group_of_quantity":0,"min_quantity":0,"max_quantity":"","exclude_order_quantity_value_rules":"no","exclude_category_quantity_rules":"no","combine_variations":"no","exclude_global_add_ons":[],"addons":[],"_links":{"self":[{"href":"https:\/\/www.huntersfriend.eu\/sv\/wp-json\/wp\/v2\/product\/286011","targetHints":{"allow":["GET"]}}],"collection":[{"href":"https:\/\/www.huntersfriend.eu\/sv\/wp-json\/wp\/v2\/product"}],"about":[{"href":"https:\/\/www.huntersfriend.eu\/sv\/wp-json\/wp\/v2\/types\/product"}],"replies":[{"embeddable":true,"href":"https:\/\/www.huntersfriend.eu\/sv\/wp-json\/wp\/v2\/comments?post=286011"}],"wp:featuredmedia":[{"embeddable":true,"href":"https:\/\/www.huntersfriend.eu\/sv\/wp-json\/wp\/v2\/media\/267677"}],"wp:attachment":[{"href":"https:\/\/www.huntersfriend.eu\/sv\/wp-json\/wp\/v2\/media?parent=286011"}],"wp:term":[{"taxonomy":"product_brand","embeddable":true,"href":"https:\/\/www.huntersfriend.eu\/sv\/wp-json\/wp\/v2\/product_brand?post=286011"},{"taxonomy":"product_cat","embeddable":true,"href":"https:\/\/www.huntersfriend.eu\/sv\/wp-json\/wp\/v2\/product_cat?post=286011"},{"taxonomy":"product_tag","embeddable":true,"href":"https:\/\/www.huntersfriend.eu\/sv\/wp-json\/wp\/v2\/product_tag?post=286011"}],"curies":[{"name":"wp","href":"https:\/\/api.w.org\/{rel}","templated":true}]}}