{"id":285996,"date":"2024-04-11T12:38:22","date_gmt":"2024-04-11T10:38:22","guid":{"rendered":"https:\/\/www.huntersfriend.eu\/product\/anar-jussa-merinoullmossa\/"},"modified":"2026-03-26T13:45:06","modified_gmt":"2026-03-26T11:45:06","slug":"anar-jussa-merinoullmossa","status":"publish","type":"product","link":"https:\/\/www.huntersfriend.eu\/sv\/produkt\/anar-jussa-merinoullmossa\/","title":{"rendered":"Anar Jussa merinoullm\u00f6ssa"},"content":{"rendered":"<p>Anar Jussa merinoullm\u00f6ssa \u00e4r designad och tillverkad i Finland. Denna extremt varma och ventilerande m\u00f6ssa \u00e4r mjuk och h\u00e5ller dig varm \u00e4ven under de kallaste vinterdagarna. Ull \u00e4r ett material som effektivt transporterar bort fukt fr\u00e5n huden och h\u00e5ller dig torr och varm. Den dubbla vikta mudden \u00e4r justerbar och m\u00f6ssan passar f\u00f6r olika aktiviteter.   <\/p>\n","protected":false},"excerpt":{"rendered":"<p>Anar Jussa merinoullm\u00f6ssa \u00e4r designad och tillverkad i Finland. Denna extremt varma och ventilerande m\u00f6ssa \u00e4r mjuk och h\u00e5ller dig varm \u00e4ven under de kallaste vinterdagarna. Ull \u00e4r ett material som effektivt transporterar bort fukt fr\u00e5n huden och h\u00e5ller dig torr och varm. Den dubbla vikta mudden \u00e4r justerbar och m\u00f6ssan passar f\u00f6r olika aktiviteter.<\/p>\n","protected":false},"featured_media":267191,"comment_status":"open","ping_status":"closed","template":"","meta":[],"product_brand":[],"product_cat":[2716],"product_tag":[],"class_list":{"0":"post-285996","1":"product","2":"type-product","3":"status-publish","4":"has-post-thumbnail","6":"product_cat-hattar-och-huvudbonader","8":"first","9":"instock","10":"taxable","11":"shipping-taxable","12":"purchasable","13":"product-type-variable"},"composite_virtual":false,"composite_layout":"","composite_add_to_cart_form_location":"","composite_editable_in_cart":false,"composite_sold_individually_context":"","composite_shop_price_calc":"","composite_components":[],"composite_scenarios":[],"group_of_quantity":0,"min_quantity":0,"max_quantity":"","exclude_order_quantity_value_rules":"no","exclude_category_quantity_rules":"no","combine_variations":"no","exclude_global_add_ons":[],"addons":[],"_links":{"self":[{"href":"https:\/\/www.huntersfriend.eu\/sv\/wp-json\/wp\/v2\/product\/285996","targetHints":{"allow":["GET"]}}],"collection":[{"href":"https:\/\/www.huntersfriend.eu\/sv\/wp-json\/wp\/v2\/product"}],"about":[{"href":"https:\/\/www.huntersfriend.eu\/sv\/wp-json\/wp\/v2\/types\/product"}],"replies":[{"embeddable":true,"href":"https:\/\/www.huntersfriend.eu\/sv\/wp-json\/wp\/v2\/comments?post=285996"}],"wp:featuredmedia":[{"embeddable":true,"href":"https:\/\/www.huntersfriend.eu\/sv\/wp-json\/wp\/v2\/media\/267191"}],"wp:attachment":[{"href":"https:\/\/www.huntersfriend.eu\/sv\/wp-json\/wp\/v2\/media?parent=285996"}],"wp:term":[{"taxonomy":"product_brand","embeddable":true,"href":"https:\/\/www.huntersfriend.eu\/sv\/wp-json\/wp\/v2\/product_brand?post=285996"},{"taxonomy":"product_cat","embeddable":true,"href":"https:\/\/www.huntersfriend.eu\/sv\/wp-json\/wp\/v2\/product_cat?post=285996"},{"taxonomy":"product_tag","embeddable":true,"href":"https:\/\/www.huntersfriend.eu\/sv\/wp-json\/wp\/v2\/product_tag?post=285996"}],"curies":[{"name":"wp","href":"https:\/\/api.w.org\/{rel}","templated":true}]}}