{"id":285995,"date":"2024-04-17T00:18:41","date_gmt":"2024-04-16T22:18:41","guid":{"rendered":"https:\/\/www.huntersfriend.eu\/product\/sitka-intercept-byxor\/"},"modified":"2025-08-26T11:25:45","modified_gmt":"2025-08-26T09:25:45","slug":"sitka-intercept-byxor","status":"publish","type":"product","link":"https:\/\/www.huntersfriend.eu\/sv\/produkt\/sitka-intercept-byxor\/","title":{"rendered":"SITKA Intercept-byxor"},"content":{"rendered":"<p>Intercept-byxan ger optimal ljud-, doft- och synlighetsd\u00e4mpning f\u00f6r att hj\u00e4lpa dig att komma n\u00e4rmare vid smygjakt med pilb\u00e5ge. Det bundna fodret i merinoullblandning hanterar fukt och motverkar lukt f\u00f6r att h\u00e5lla lukten till ett minimum, och det reglerar temperaturen f\u00f6r komfort genom aktivitetsniv\u00e5er med stopp och start. Sedan lade vi till en tuff nylonyta f\u00f6r att g\u00f6ra den tillr\u00e4ckligt slitstark f\u00f6r att klara l\u00e5nga krypningar \u00f6ver stenig, buskbevuxen mark. Avtagbara D3O\u00ae-skydd skyddar dina kn\u00e4n medan du v\u00e4ntar p\u00e5 ditt skott och dragkedjef\u00f6rsedda h\u00f6ftventiler g\u00f6r att du snabbt kan sl\u00e4ppa ut v\u00e4rme n\u00e4r du \u00e4r i r\u00f6relse.   <\/p>\n<p>Varf\u00f6r vi skapade detta&#8230;<\/p>\n<p>F\u00f6r den som jagar storvilt med pilb\u00e5ge finns det ingen st\u00f6rre utmaning och bel\u00f6ning \u00e4n att komma n\u00e4ra. Att smyga sig inom pilb\u00e5gsavst\u00e5nd kr\u00e4ver optimal smygf\u00f6rm\u00e5ga. V\u00e5r Intercept-kollektion utnyttjar naturens kraft genom vetenskap f\u00f6r att skapa extremt tysta, slitstarka och luktbest\u00e4ndiga redskap som g\u00f6r det m\u00f6jligt f\u00f6r smygj\u00e4gare att f\u00f6rbli ouppt\u00e4ckta samtidigt som de minskar avst\u00e5ndet.  <\/p>\n<p>Stretch nylonyta f\u00f6r \u00f6kad h\u00e5llbarhet<\/p>\n<p>Bundet poly\/ull-st\u00f6d hanterar lukt och fukt<\/p>\n<p>Avtagbara D3O-kn\u00e4skydd ger exceptionellt skydd mot st\u00f6tar och andningsf\u00f6rm\u00e5ga vid krypning<\/p>\n<p>H\u00f6ftventiler med dragkedja f\u00f6r ventilation<\/p>\n<p>Integrerade lastfickor i mesh med tysta tryckknappar<\/p>\n<p>Handfickor i mesh ger extra ventilation<\/p>\n<p>Total vikt: 589 gr.<\/p>\n","protected":false},"excerpt":{"rendered":"<p>Intercept-byxan ger optimal ljud-, doft- och synlighetsd\u00e4mpning f\u00f6r att hj\u00e4lpa dig att komma n\u00e4rmare vid smygjakt med pilb\u00e5ge. Det bundna fodret i merinoullblandning hanterar fukt och motverkar lukt f\u00f6r att h\u00e5lla lukten till ett minimum, och det reglerar temperaturen f\u00f6r komfort genom aktivitetsniv\u00e5er med stopp och start. Sedan lade vi till en tuff nylonyta f\u00f6r [&#8230;]\n","protected":false},"featured_media":267485,"comment_status":"open","ping_status":"closed","template":"","meta":[],"product_brand":[],"product_cat":[2779],"product_tag":[],"class_list":{"0":"post-285995","1":"product","2":"type-product","3":"status-publish","4":"has-post-thumbnail","6":"product_cat-byxor","8":"first","9":"instock","10":"taxable","11":"shipping-taxable","12":"purchasable","13":"product-type-variable"},"composite_virtual":false,"composite_layout":"","composite_add_to_cart_form_location":"","composite_editable_in_cart":false,"composite_sold_individually_context":"","composite_shop_price_calc":"","composite_components":[],"composite_scenarios":[],"group_of_quantity":0,"min_quantity":0,"max_quantity":"","exclude_order_quantity_value_rules":"no","exclude_category_quantity_rules":"no","combine_variations":"no","exclude_global_add_ons":[],"addons":[],"_links":{"self":[{"href":"https:\/\/www.huntersfriend.eu\/sv\/wp-json\/wp\/v2\/product\/285995","targetHints":{"allow":["GET"]}}],"collection":[{"href":"https:\/\/www.huntersfriend.eu\/sv\/wp-json\/wp\/v2\/product"}],"about":[{"href":"https:\/\/www.huntersfriend.eu\/sv\/wp-json\/wp\/v2\/types\/product"}],"replies":[{"embeddable":true,"href":"https:\/\/www.huntersfriend.eu\/sv\/wp-json\/wp\/v2\/comments?post=285995"}],"wp:featuredmedia":[{"embeddable":true,"href":"https:\/\/www.huntersfriend.eu\/sv\/wp-json\/wp\/v2\/media\/267485"}],"wp:attachment":[{"href":"https:\/\/www.huntersfriend.eu\/sv\/wp-json\/wp\/v2\/media?parent=285995"}],"wp:term":[{"taxonomy":"product_brand","embeddable":true,"href":"https:\/\/www.huntersfriend.eu\/sv\/wp-json\/wp\/v2\/product_brand?post=285995"},{"taxonomy":"product_cat","embeddable":true,"href":"https:\/\/www.huntersfriend.eu\/sv\/wp-json\/wp\/v2\/product_cat?post=285995"},{"taxonomy":"product_tag","embeddable":true,"href":"https:\/\/www.huntersfriend.eu\/sv\/wp-json\/wp\/v2\/product_tag?post=285995"}],"curies":[{"name":"wp","href":"https:\/\/api.w.org\/{rel}","templated":true}]}}