{"id":285988,"date":"2024-04-06T00:22:14","date_gmt":"2024-04-05T22:22:14","guid":{"rendered":"https:\/\/www.huntersfriend.eu\/product\/uittokalusto-fallningssax\/"},"modified":"2026-03-20T08:08:23","modified_gmt":"2026-03-20T06:08:23","slug":"uittokalusto-fallningssax","status":"publish","type":"product","link":"https:\/\/www.huntersfriend.eu\/sv\/produkt\/uittokalusto-fallningssax\/","title":{"rendered":"Uittokalusto f\u00e4llningssax"},"content":{"rendered":"<p><span class=\"jCAhz ChMk0b\"><span class=\"ryNqvb\">Uittokalusto f\u00e4llningssax \u00e4r ett verktyg tillverkat i Finland f\u00f6r att s\u00e4tta Conibear-f\u00e4llor. <\/span><\/span> <span class=\"jCAhz ChMk0b\"><span class=\"ryNqvb\">Den h\u00e4r passar f\u00f6r f\u00e4llor i storleksklassen 110\u2013160 och \u00e4r liten och smidig att b\u00e4ra med sig.<\/span><\/span><\/p>\n<p><span class=\"jCAhz ChMk0b\"><span class=\"ryNqvb\">L\u00e4ngd 30 cm, vikt ca 400 g.<\/span><\/span><\/p>\n","protected":false},"excerpt":{"rendered":"<p>Uittokalusto f\u00e4llningssax \u00e4r ett verktyg tillverkat i Finland f\u00f6r att s\u00e4tta Conibear-f\u00e4llor. Den h\u00e4r passar f\u00f6r f\u00e4llor i storleksklassen 110\u2013160 och \u00e4r liten och smidig att b\u00e4ra med sig. L\u00e4ngd 30 cm, vikt ca 400 g.<\/p>\n","protected":false},"featured_media":267065,"comment_status":"open","ping_status":"closed","template":"","meta":[],"product_brand":[],"product_cat":[2696],"product_tag":[],"class_list":{"0":"post-285988","1":"product","2":"type-product","3":"status-publish","4":"has-post-thumbnail","6":"product_cat-fallor-och-fangsttillbehor","8":"first","9":"instock","10":"taxable","11":"shipping-taxable","12":"purchasable","13":"product-type-simple"},"composite_virtual":false,"composite_layout":"","composite_add_to_cart_form_location":"","composite_editable_in_cart":false,"composite_sold_individually_context":"","composite_shop_price_calc":"","composite_components":[],"composite_scenarios":[],"group_of_quantity":0,"min_quantity":0,"max_quantity":"","exclude_order_quantity_value_rules":"no","exclude_category_quantity_rules":"no","combine_variations":"no","exclude_global_add_ons":[],"addons":[],"_links":{"self":[{"href":"https:\/\/www.huntersfriend.eu\/sv\/wp-json\/wp\/v2\/product\/285988","targetHints":{"allow":["GET"]}}],"collection":[{"href":"https:\/\/www.huntersfriend.eu\/sv\/wp-json\/wp\/v2\/product"}],"about":[{"href":"https:\/\/www.huntersfriend.eu\/sv\/wp-json\/wp\/v2\/types\/product"}],"replies":[{"embeddable":true,"href":"https:\/\/www.huntersfriend.eu\/sv\/wp-json\/wp\/v2\/comments?post=285988"}],"wp:featuredmedia":[{"embeddable":true,"href":"https:\/\/www.huntersfriend.eu\/sv\/wp-json\/wp\/v2\/media\/267065"}],"wp:attachment":[{"href":"https:\/\/www.huntersfriend.eu\/sv\/wp-json\/wp\/v2\/media?parent=285988"}],"wp:term":[{"taxonomy":"product_brand","embeddable":true,"href":"https:\/\/www.huntersfriend.eu\/sv\/wp-json\/wp\/v2\/product_brand?post=285988"},{"taxonomy":"product_cat","embeddable":true,"href":"https:\/\/www.huntersfriend.eu\/sv\/wp-json\/wp\/v2\/product_cat?post=285988"},{"taxonomy":"product_tag","embeddable":true,"href":"https:\/\/www.huntersfriend.eu\/sv\/wp-json\/wp\/v2\/product_tag?post=285988"}],"curies":[{"name":"wp","href":"https:\/\/api.w.org\/{rel}","templated":true}]}}